{"id":8196,"date":"2025-07-05T19:16:57","date_gmt":"2025-07-05T17:16:57","guid":{"rendered":"https:\/\/kwintesencja.art\/?post_type=product&#038;p=8196"},"modified":"2025-07-28T12:35:43","modified_gmt":"2025-07-28T10:35:43","slug":"madonna-wg-botticellego-ok-1900","status":"publish","type":"product","link":"https:\/\/kwintesencja.art\/en\/product\/madonna-wg-botticellego-ok-1900\/","title":{"rendered":"Madonna, ok. 1900"},"content":{"rendered":"<p data-start=\"0\" data-end=\"288\"><strong data-start=\"0\" data-end=\"37\">Samuel Arlent Edwards <\/strong>(1861\u20131938) \u2013 British printmaker, known primarily as a master of color mezzotint. Born in England, he spent most of his career in the United States, where he gained immense popularity at the turn of the 20th century.<\/p>\n<p data-start=\"317\" data-end=\"864\">Edwards was one of the few printmakers specializing in color mezzotint\u2014a labor-intensive printmaking technique that involved printing prints from copper plates, prepared to achieve rich tonal gradations and deep hues. Crucially, Edwards printed color without offset or lithography, using traditional painting methods\u2014colors were applied directly to the plate and each print was then retouched by hand. This earned his work a reputation for being almost painterly and exceptionally exquisite.<\/p>\n<p data-start=\"881\" data-end=\"1286\">His favorite subjects were portraits of women and reproductions of famous European paintings, particularly those of the Italian and Flemish Renaissance (Botticelli, Raphael, Van Dyck). He often based his work on paintings in museum collections (including the National Gallery, the Louvre, and the Prado). Edwards's works were aimed at wealthy collectors, art lovers, and institutions.<\/p>\n<p data-start=\"1312\" data-end=\"1621\">He exhibited in New York and Philadelphia, among other cities, and collaborated with renowned galleries such as Louis Katz Art Galleries (308 Columbus Ave., NY). In the United States, he earned a reputation as one of the era's foremost reproducers. His works were sold as luxury collector's editions in limited editions.<\/p>\n<p data-start=\"1641\" data-end=\"1985\">Today, Samuel Arlent Edwards is considered one of the last masters of traditional color mezzotint. His works are found in museums and private collections worldwide. They frequently appear at antiquarian and bibliophile auctions, prized for their impeccable craftsmanship, elegance, and historical documentary value.<\/p>","protected":false},"excerpt":{"rendered":"<p data-start=\"52\" data-end=\"400\">Samuel Arlent Edwards (1861\u20131938), wg Sandra Botticellego<br data-start=\"113\" data-end=\"116\" \/>Portret Madonny (ok. 1900)<br data-start=\"146\" data-end=\"149\" \/>Mezzotinta barwna r\u0119cznie podmalowywana (color printed in colors, retouched by hand)<br data-start=\"237\" data-end=\"240\" \/>Sygnowana na dole po prawej: <em data-start=\"269\" data-end=\"288\">S. Arlent Edwards<\/em><br data-start=\"288\" data-end=\"291\" \/>Zapis odr\u0119czny: <em data-start=\"307\" data-end=\"400\">Engraved &amp; printed in color in the painter\u2019s method, retouched by hand by S. Arlent Edwards<\/em><\/p>\n<p data-start=\"402\" data-end=\"414\">Dimensins:<br \/>\n&#8211; w \u015bwietle passe-partout: 47 x 32 cm<br \/>\n&#8211; z ram\u0105: 70 \u00d7 49 cm<\/p>\n<p data-start=\"491\" data-end=\"724\">Oprawa:<br data-start=\"502\" data-end=\"505\" \/>Bogato zdobiona rama stylizowana na w\u0142oski renesans, z\u0142ocona, z r\u0119cznie emaliowanymi detalami i dekoracj\u0105 floralno-maskaronow\u0105 w dolnym i g\u00f3rnym fryzie.<br \/>\nNaklejka galerii Louis Katz Art Galleries, 308 Columbus Ave., USA.<\/p>\n<p data-start=\"726\" data-end=\"889\">Stan zachowania:<br data-start=\"746\" data-end=\"749\" \/>Bardzo dobry. Drobne foxingi na marginesach, niezauwa\u017calne pod szk\u0142em. Rama oryginalna, delikatnie spatynowana, posiada nieznaczne ubytki. Obiekt nie wyjmowany z ramy.<\/p>","protected":false},"featured_media":8197,"template":"","meta":{"_monsterinsights_skip_tracking":false,"_monsterinsights_sitenote_active":false,"_monsterinsights_sitenote_note":"","_monsterinsights_sitenote_category":0,"_themeisle_gutenberg_block_has_review":false},"product_cat":[41],"product_tag":[327],"class_list":["post-8196","product","type-product","status-publish","has-post-thumbnail","hentry","product_cat-grafiki","product_tag-botticelli-sandro","product_shipping_class-rodzaj-wysylki-3"],"aioseo_notices":[],"_links":{"self":[{"href":"https:\/\/kwintesencja.art\/en\/wp-json\/wp\/v2\/product\/8196","targetHints":{"allow":["GET"]}}],"collection":[{"href":"https:\/\/kwintesencja.art\/en\/wp-json\/wp\/v2\/product"}],"about":[{"href":"https:\/\/kwintesencja.art\/en\/wp-json\/wp\/v2\/types\/product"}],"wp:featuredmedia":[{"embeddable":true,"href":"https:\/\/kwintesencja.art\/en\/wp-json\/wp\/v2\/media\/8197"}],"wp:attachment":[{"href":"https:\/\/kwintesencja.art\/en\/wp-json\/wp\/v2\/media?parent=8196"}],"wp:term":[{"taxonomy":"product_cat","embeddable":true,"href":"https:\/\/kwintesencja.art\/en\/wp-json\/wp\/v2\/product_cat?post=8196"},{"taxonomy":"product_tag","embeddable":true,"href":"https:\/\/kwintesencja.art\/en\/wp-json\/wp\/v2\/product_tag?post=8196"}],"curies":[{"name":"wp","href":"https:\/\/api.w.org\/{rel}","templated":true}]}}