{"id":8181,"date":"2025-06-08T13:32:46","date_gmt":"2025-06-08T11:32:46","guid":{"rendered":"https:\/\/kwintesencja.art\/?post_type=product&#038;p=8181"},"modified":"2026-01-29T22:22:39","modified_gmt":"2026-01-29T21:22:39","slug":"hommage-a-marcel-duchamp","status":"publish","type":"product","link":"https:\/\/kwintesencja.art\/en\/product\/hommage-a-marcel-duchamp\/","title":{"rendered":"Hommage \u00e0 Marcel Duchamp"},"content":{"rendered":"<p><strong data-start=\"1271\" data-end=\"1284\">Max Ernst<\/strong> by\u0142 jednym z najwybitniejszych tw\u00f3rc\u00f3w XX wieku \u2013 wsp\u00f3\u0142tw\u00f3rc\u0105 dadaizmu, surrealizmu oraz tw\u00f3rc\u0105 techniki frota\u017cu. Urodzony w Niemczech, osiad\u0142y we Francji, pozostawi\u0142 po sobie ogromny dorobek obejmuj\u0105cy malarstwo, grafik\u0119, kola\u017c, rze\u017ab\u0119 i pisarstwo. W swojej tw\u00f3rczo\u015bci \u0142\u0105czy\u0142 wyobra\u017ani\u0119 z nauk\u0105, sztuk\u0119 z alchemi\u0105, chaos z konstrukcj\u0105. Duchamp, kt\u00f3remu po\u015bwi\u0119cone jest niniejsze dzie\u0142o, by\u0142 dla niego nie tylko przyjacielem, ale r\u00f3wnie\u017c jedn\u0105 z kluczowych postaci intelektualnych XX-wiecznej awangardy.<\/p>","protected":false},"excerpt":{"rendered":"<p data-start=\"0\" data-end=\"417\">Akwaforta barwna na papierze czerpanym, 21 \u00d7 15 cm, 38 \u00d7 28 cm (arkusz)<br data-start=\"174\" data-end=\"177\" \/>Sygnowana o\u0142\u00f3wkiem p.d.: <em data-start=\"207\" data-end=\"218\">max ernst<\/em><br data-start=\"218\" data-end=\"221\" \/>Edycja l.d.: <em data-start=\"242\" data-end=\"251\">125\/125<\/em><br data-start=\"251\" data-end=\"254\" \/>Napis o\u0142\u00f3wkiem u do\u0142u: <em data-start=\"301\" data-end=\"317\">pour \/ Ren\u00e9 92<\/em><br data-start=\"317\" data-end=\"320\" \/>Stan: dobre zachowanie, miejscowe za\u017c\u00f3\u0142cenia margines\u00f3w, niewielkie plamki, arkusz nieoprawiony<br \/>\nPochodzenie:<br data-start=\"1811\" data-end=\"1814\" \/>\u2013 Kolekcja prywatna, Kolonia<br data-start=\"1842\" data-end=\"1845\" \/>\u2013 Kolekcja prywatna, Wschodnia Westfalia<\/p>\n<p>Prezentowana akwaforta to jedno z p\u00f3\u017anych graficznych dzie\u0142 Maxa Ernsta, stworzona jako ho\u0142d dla Marcela Duchampa \u2014 jego przyjaciela, wsp\u00f3\u0142tw\u00f3rcy surrealizmu i pioniera konceptualizmu. Kompozycja oparta jest na dynamicznych, zamaszystych liniach i nieregularnych plamach barwnych na tle zgaszonej zieleni. Dzie\u0142o \u0142\u0105czy przypadkowo\u015b\u0107 i automatystyczny gest z precyzj\u0105 linii typow\u0105 dla grafiki warsztatowej. Organiczne formy i ruchliwe linie przywodz\u0105 na my\u015bl \u015bwiat mikrokosmosu lub zapis impuls\u00f3w my\u015blowych.<\/p>\n<p data-start=\"951\" data-end=\"1264\">Grafika zosta\u0142a wydana w presti\u017cowej paryskiej oficynie \u00c9ditions Georges Visat w ramach teki \u201eMonument \u00e0 Christophe Colomb et \u00e0 Marcel Duchamp\u201d, w nak\u0142adzie 125 egzemplarzy. Wydawnictwo to skupia\u0142o czo\u0142owych artyst\u00f3w awangardy XX wieku (m.in. Mir\u00f3, Matta, Masson), b\u0119d\u0105c kluczow\u0105 inicjatyw\u0105 kolekcjonersk\u0105 lat 70.<\/p>","protected":false},"featured_media":8214,"template":"","meta":{"_monsterinsights_skip_tracking":false,"_monsterinsights_sitenote_active":false,"_monsterinsights_sitenote_note":"","_monsterinsights_sitenote_category":0,"_themeisle_gutenberg_block_has_review":false},"product_cat":[41],"product_tag":[338,350],"class_list":["post-8181","product","type-product","status-publish","has-post-thumbnail","hentry","product_cat-grafiki","product_tag-ernst-max","product_tag-wyprzedaz","product_shipping_class-rodzaj-wysylki-2"],"aioseo_notices":[],"_links":{"self":[{"href":"https:\/\/kwintesencja.art\/en\/wp-json\/wp\/v2\/product\/8181","targetHints":{"allow":["GET"]}}],"collection":[{"href":"https:\/\/kwintesencja.art\/en\/wp-json\/wp\/v2\/product"}],"about":[{"href":"https:\/\/kwintesencja.art\/en\/wp-json\/wp\/v2\/types\/product"}],"wp:featuredmedia":[{"embeddable":true,"href":"https:\/\/kwintesencja.art\/en\/wp-json\/wp\/v2\/media\/8214"}],"wp:attachment":[{"href":"https:\/\/kwintesencja.art\/en\/wp-json\/wp\/v2\/media?parent=8181"}],"wp:term":[{"taxonomy":"product_cat","embeddable":true,"href":"https:\/\/kwintesencja.art\/en\/wp-json\/wp\/v2\/product_cat?post=8181"},{"taxonomy":"product_tag","embeddable":true,"href":"https:\/\/kwintesencja.art\/en\/wp-json\/wp\/v2\/product_tag?post=8181"}],"curies":[{"name":"wp","href":"https:\/\/api.w.org\/{rel}","templated":true}]}}