{"id":8121,"date":"2025-06-04T19:49:11","date_gmt":"2025-06-04T17:49:11","guid":{"rendered":"https:\/\/kwintesencja.art\/?post_type=product&#038;p=8121"},"modified":"2025-09-27T15:43:27","modified_gmt":"2025-09-27T13:43:27","slug":"montmartre-sacre-coeur-1936","status":"publish","type":"product","link":"https:\/\/kwintesencja.art\/en\/product\/montmartre-sacre-coeur-1936\/","title":{"rendered":"Montmartre &#8211; Sacr\u00e9-C\u0153ur, 1936"},"content":{"rendered":"<p><strong>Opis dzie\u0142a:<\/strong><\/p>\n<p>Pejza\u017c miejski przedstawiaj\u0105cy romantyczn\u0105, lekko impresjonistyczn\u0105 scen\u0119 uliczki Montmartre\u2019u w Pary\u017cu, z widokiem na bazylik\u0119 Sacr\u00e9-C\u0153ur.<br \/>\nObraz malowany z u\u017cyciem szerokich poci\u0105gni\u0119\u0107 p\u0119dzla, z przyjemnym dla oka zharmonizowaniem kolorystycznym. Kompozycja o dynamicznej, lecz nostalgicznej atmosferze, w kt\u00f3rej dominuj\u0105 ciep\u0142e odcienie \u017c\u00f3\u0142ci i ochry z kontrastuj\u0105cymi szaro\u015bciami.<\/p>\n<p>Obecno\u015b\u0107 postaci kobiecej na pierwszym planie wprowadza scen\u0119 gatunkow\u0105, czyni\u0105c obraz nie tylko zapisem architektury, ale r\u00f3wnie\u017c \u017cycia codziennego paryskiej dzielnicy artyst\u00f3w. Tematyka i styl wskazuj\u0105 na szko\u0142\u0119 parysk\u0105.<\/p>","protected":false},"excerpt":{"rendered":"<p><strong>Tytu\u0142:<\/strong> <em>Rue de Montmartre, Paris avec l\u2019\u00e9glise du Sacr\u00e9-C\u0153ur<br \/>\n<\/em><strong>Autor:<\/strong> Nieokre\u015blony (sygnatura trudna do zidentyfikowania)<br \/>\n<strong>Technika:<\/strong> olej na p\u0142\u00f3tnie<br \/>\n<strong>Dimensins:<\/strong> 50 \u00d7 60 cm (57 \u00d7 67 cm z ram\u0105)<br \/>\n<strong>Sygnatura:<\/strong> nieczytelna, prawy dolny r\u00f3g<br \/>\n<strong>Na odwrociu:<\/strong> odr\u0119czny napis: <em>Rue de Montmartre, Paris avec l\u2019\u00e9glise du Sacr\u00e9-C\u0153ur, 1936<\/em><br \/>\n<strong>Stan zachowania:<\/strong> bardzo dobry, lokalne zabrudzenia, drobne sp\u0119kania warstwy malarskiej zgodne z wiekiem obrazu; nieznaczne uszkodzenie u do\u0142u rama wt\u00f3rna, zdobiona, w dobrym stanie<\/p>","protected":false},"featured_media":8123,"template":"","meta":{"_monsterinsights_skip_tracking":false,"_monsterinsights_sitenote_active":false,"_monsterinsights_sitenote_note":"","_monsterinsights_sitenote_category":0,"_themeisle_gutenberg_block_has_review":false},"product_cat":[39],"product_tag":[280],"class_list":["post-8121","product","type-product","status-publish","has-post-thumbnail","hentry","product_cat-obrazy","product_tag-artysta-nierozpoznany","product_shipping_class-rodzaj-wysylki-3"],"aioseo_notices":[],"_links":{"self":[{"href":"https:\/\/kwintesencja.art\/en\/wp-json\/wp\/v2\/product\/8121","targetHints":{"allow":["GET"]}}],"collection":[{"href":"https:\/\/kwintesencja.art\/en\/wp-json\/wp\/v2\/product"}],"about":[{"href":"https:\/\/kwintesencja.art\/en\/wp-json\/wp\/v2\/types\/product"}],"wp:featuredmedia":[{"embeddable":true,"href":"https:\/\/kwintesencja.art\/en\/wp-json\/wp\/v2\/media\/8123"}],"wp:attachment":[{"href":"https:\/\/kwintesencja.art\/en\/wp-json\/wp\/v2\/media?parent=8121"}],"wp:term":[{"taxonomy":"product_cat","embeddable":true,"href":"https:\/\/kwintesencja.art\/en\/wp-json\/wp\/v2\/product_cat?post=8121"},{"taxonomy":"product_tag","embeddable":true,"href":"https:\/\/kwintesencja.art\/en\/wp-json\/wp\/v2\/product_tag?post=8121"}],"curies":[{"name":"wp","href":"https:\/\/api.w.org\/{rel}","templated":true}]}}