{"id":8094,"date":"2025-06-04T19:25:13","date_gmt":"2025-06-04T17:25:13","guid":{"rendered":"https:\/\/kwintesencja.art\/?post_type=product&#038;p=8094"},"modified":"2025-08-01T13:27:37","modified_gmt":"2025-08-01T11:27:37","slug":"smak-szczescia-14-litografii-1970","status":"publish","type":"product","link":"https:\/\/kwintesencja.art\/en\/product\/smak-szczescia-14-litografii-1970\/","title":{"rendered":"Taste of Happiness (14 lithographs), 1970"},"content":{"rendered":"<p>Pablo Picasso urodzi\u0142 si\u0119 w Maladze w roku 1881. Jego ojciec by\u0142 rysownikiem i to on dawa\u0142 mu pierwsze warsztaty i odkry\u0142 w nim talent. W wieku lat czternastu Pablo wst\u0105pi\u0142 do Kr\u00f3lewskiej Akademii Sztuk Pi\u0119knych \u015bw. Ferdynanda. Wkr\u00f3tce r\u00f3wnie\u017c znalaz\u0142 si\u0119 w Pary\u017cu zostaj\u0105c cz\u0142onkiem francuskieh bohemy artystycznej. Przebywa\u0142 nast\u0119pnie we W\u0142oszech podczas dzia\u0142a\u0144 wojennych I wojny, natomiast lata trzydzieste m.in. sp\u0119dzi\u0142 w Hiszpanii. Pierwsz\u0105 po\u0142ow\u0119 lat czterdziestych Picasso prze\u017cy\u0142 w Pary\u017cu, by zostaj\u0105c komunist\u0105 tam\u017ce do\u017cy\u0107 swych lat, pod Cannes, na po\u0142udniu Francji. By\u0142 tw\u00f3rc\u0105 takich niezapomnianych dzie\u0142 jak na przyk\u0142ad jego \u201eLongchamp\u201d, czyli ekspresja form w po\u0142\u0105czeniu z jaskraw\u0105 kolorystyk\u0105. Nast\u0119pny by\u0142 okres b\u0142\u0119kitny Picassa, w kt\u00f3rym b\u0142\u0119kit mia\u0142 za zadanie oddawa\u0107 uczucie wsp\u00f3\u0142czucia, smutku czy wzruszenia. Wystarczy tu wspomnie\u0107 pewnie o jego dziele zatytu\u0142owanym \u201eWezwanie. Pogrzeb Casagemasa\u201d z roku 1901, czy te\u017c obraz \u201eStary gitarzysta\u201d, pope\u0142niony w roku 1903. P\u00f3\u017aniej przyszed\u0142 czas na jego okres r\u00f3\u017cowy i cho\u0107by obraz \u201eRodzina arlekina\u201d. Czas ten jednak r\u00f3wnie\u017c przemin\u0105\u0142 dla nowego \u2013 Picasso prze\u017cywa\u0142 \u015bwiat niejako na nowo, a w zwi\u0105zku z tym jego okres prekubistyczny, st\u0105d dzie\u0142a takie jak \u201ePortret Kahnweilera\u201d, \u201eArlekin\u201d z roku 1915. Nie by\u0142 to bynajmniej koniec ewolucji. Prze\u017cy\u0142 bowiem nawr\u00f3t klasycyzmu widoczny w dziele \u201eKobiety przy fontannie\u201d. Wreszcie nasta\u0142 jego surrealizm przedwojenny widoczny w \u201eTa\u0144cu\u201d i \u201eCzerwonym fotelu\u201d. Obrazy z kolei takie jak \u201dMasakra w Korei\u201d z roku 1951 czy \u201eWojna i pok\u00f3j\u201d pochodz\u0105 ju\u017c z okresu powojennego. Niekt\u00f3rzy dopatruj\u0105 si\u0119 w jego tw\u00f3rczo\u015bci w\u00f3wczas nawet manieryzmu. Zwr\u00f3\u0107my uwag\u0119 na reinterpretacje dzie\u0142a Velaswueza \u201eLas meninas\u201d oraz s\u0142ynne dzie\u0142o \u201e\u015aniadanie w trawie\u201d. Tymczasem Picasso opr\u00f3cz tego anga\u017cowa\u0142 si\u0119 w wyrabianie ceramiki artystycznej, czym oznaczy\u0142 sw\u00f3j ostatni okres tw\u00f3rczy. Zmar\u0142 8 kwietnia 1973 roku w Mougins. W ci\u0105gu swojego \u017cycia Pablo Picasso by\u0142 w siedmiu d\u0142u\u017cszych zwi\u0105zkach. Mia\u0142 czw\u00f3rk\u0119 dzieci: Paul (z Olg\u0105 Kokhlov\u0105, pierwsz\u0105 \u017con\u0105), Maya (z Mari\u0105 Teres\u0105 Walter), Claude i Paloma (z Francoise Gilot, drug\u0105 \u017con\u0105). (\u017ar\u00f3d\u0142o: www.zyciorysy.info)<\/p>","protected":false},"excerpt":{"rendered":"<p><strong>Pablo Picasso<\/strong><br \/>\n<strong>Tytu\u0142 portfolio<\/strong>: <em>Le Go\u00fbt du Bonheur <\/em>(smak szcz\u0119\u015bcia)<br \/>\n<strong>Data wykonania rysunk\u00f3w<\/strong>: 1964 roku<br \/>\n<strong>Data wydania portfolio<\/strong>: 1970<br \/>\n<strong>Wydawnictwo<\/strong>: Carl Sch\u00fcnemann Verlag, Bremen \/ \u00c9ditions Cercle d\u2019Art, Paris \/ Harry N. Abrams, New York<br \/>\n<strong>Technika<\/strong>: litografie na papierze czerpanym Velin d&#8217;Arches (200 g), naklejone na tektur\u0119<br \/>\n<strong>Wymiary arkuszy<\/strong>: ok. 32,5 x 25 cm<br \/>\n<strong>Numer egzemplarza<\/strong>: 352\/1998<br \/>\n<strong>Stan<\/strong>: bardzo dobry<\/p>\n<p>Prezentowany zestaw to kompletny zbi\u00f3r 14 litografii autorstwa Pabla Picassa, wykonanych na podstawie rysunk\u00f3w z 1964 roku. Prace ukazuj\u0105 pary kochank\u00f3w w intymnych pozach, przedstawione w charakterystycznym, linearnym stylu p\u00f3\u017anego okresu tw\u00f3rczo\u015bci artysty. Minimalistyczna kreska, uproszczone formy oraz subtelne operowanie detalem podkre\u015blaj\u0105 zar\u00f3wno zmys\u0142owo\u015b\u0107 scen, jak i ich humorystyczn\u0105, lekk\u0105 atmosfer\u0119.<\/p>\n<p>Ka\u017cda litografia sygnowana jest dat\u0105 (8 lub 9 pa\u017adziernika 1964 r.) oraz numerem porz\u0105dkowym w formie cyfry rzymskiej. Zestaw wykonany na najwy\u017cszej jako\u015bci papierze Velin d&#8217;Arches. Portfolio powsta\u0142o w limitowanej edycji 1998 egzemplarzy; prezentowany komplet posiada numer 352.<\/p>","protected":false},"featured_media":8096,"template":"","meta":{"_monsterinsights_skip_tracking":false,"_monsterinsights_sitenote_active":false,"_monsterinsights_sitenote_note":"","_monsterinsights_sitenote_category":0,"_themeisle_gutenberg_block_has_review":false},"product_cat":[41],"product_tag":[82],"class_list":["post-8094","product","type-product","status-publish","has-post-thumbnail","hentry","product_cat-grafiki","product_tag-picasso-pablo","product_shipping_class-rodzaj-wysylki-2"],"aioseo_notices":[],"_links":{"self":[{"href":"https:\/\/kwintesencja.art\/en\/wp-json\/wp\/v2\/product\/8094","targetHints":{"allow":["GET"]}}],"collection":[{"href":"https:\/\/kwintesencja.art\/en\/wp-json\/wp\/v2\/product"}],"about":[{"href":"https:\/\/kwintesencja.art\/en\/wp-json\/wp\/v2\/types\/product"}],"wp:featuredmedia":[{"embeddable":true,"href":"https:\/\/kwintesencja.art\/en\/wp-json\/wp\/v2\/media\/8096"}],"wp:attachment":[{"href":"https:\/\/kwintesencja.art\/en\/wp-json\/wp\/v2\/media?parent=8094"}],"wp:term":[{"taxonomy":"product_cat","embeddable":true,"href":"https:\/\/kwintesencja.art\/en\/wp-json\/wp\/v2\/product_cat?post=8094"},{"taxonomy":"product_tag","embeddable":true,"href":"https:\/\/kwintesencja.art\/en\/wp-json\/wp\/v2\/product_tag?post=8094"}],"curies":[{"name":"wp","href":"https:\/\/api.w.org\/{rel}","templated":true}]}}