{"id":802,"date":"2022-03-03T21:02:35","date_gmt":"2022-03-03T20:02:35","guid":{"rendered":"https:\/\/kwintesencja.dkonto.pl\/?post_type=product&#038;p=802"},"modified":"2022-03-10T10:29:04","modified_gmt":"2022-03-10T09:29:04","slug":"grafika-p1129-balony","status":"publish","type":"product","link":"https:\/\/kwintesencja.art\/en\/product\/grafika-p1129-balony\/","title":{"rendered":"Grafika P1129 (balony)"},"content":{"rendered":"<p>O arty\u015bcie:<br \/>\nZdzis\u0142aw Beksi\u0144ski to jeden z najwybitniejszych wsp\u00f3\u0142czesnych polskich artyst\u00f3w, kt\u00f3ry stworzy\u0142<br \/>\njedne z najoryginalniejszych dzie\u0142 sztuki. Pracowa\u0142 w wielu obszarach sztuki wizualnej od fotografii,<br \/>\nkola\u017cy, rysunku, grafiki i malarstwa a\u017c do fotomonta\u017cu i grafiki cyfrowej. By\u0142 niezwykle<br \/>\nposzukuj\u0105cym i odkrywczym artyst\u0105.<\/p>\n<p>Ciekawostki:<br \/>\nGrafik\u0105 komputerow\u0105 artysta zainteresowa\u0142 si\u0119 ko\u0144cem lat 90., co stanowi\u0142o swego rodzaju powr\u00f3t<br \/>\ndo tw\u00f3rczo\u015bci fotograficznej. Pierwsze realizacje uzyskane przy wsp\u00f3\u0142pracy z komputerem w<br \/>\npewien spos\u00f3b nawi\u0105zuj\u0105 do fotomonta\u017cy z lat 50. Po kilkudziesi\u0119ciu latach Beksi\u0144ski ponownie<br \/>\ntworzy kompozycje \u2013 collages fotograficzne, korzystaj\u0105c z w\u0142asnych oraz cudzych zdj\u0119\u0107 \u2013 tym razem<br \/>\nwprowadzanych w komputer przy pomocy skanera, nast\u0119pnie kompilowanych i przetwarzanych.<br \/>\nPowsta\u0142e w ten spos\u00f3b wizje zbli\u017cone s\u0105 do realizacji malarskich okresu fantastycznego, w kt\u00f3rych<br \/>\ndominuje nierealna, metafizyczna przestrze\u0144 budowana przy pomocy realistycznego \u015bwiat\u0142ocienia.<\/p>","protected":false},"excerpt":{"rendered":"<p><strong>PRODUKT NIEDOST\u0118PNY<\/strong><br \/>\nTytu\u0142: Grafika P1129 (balony)<br \/>\nAutor: Zdzis\u0142aw Beksi\u0144ski (1929-2005)<br \/>\nRok: 2000\/2015<br \/>\nTechnika: Grafika komputerowa na dibondzie (dwuwarstwowej sztywnej p\u0142ycie gr.4mm)<br \/>\nOprawa: nie<br \/>\nPodpis: z wydruku<br \/>\nWymiary: 100&#215;70 cm<br \/>\nStan zachowania: bardzo dobry<\/p>","protected":false},"featured_media":803,"template":"","meta":{"_monsterinsights_skip_tracking":false,"_monsterinsights_sitenote_active":false,"_monsterinsights_sitenote_note":"","_monsterinsights_sitenote_category":0,"_themeisle_gutenberg_block_has_review":false},"product_cat":[41],"product_tag":[33],"class_list":["post-802","product","type-product","status-publish","has-post-thumbnail","hentry","product_cat-grafiki","product_tag-beksinski-zdzislaw","product_shipping_class-rodzaj-wysylki-2"],"aioseo_notices":[],"_links":{"self":[{"href":"https:\/\/kwintesencja.art\/en\/wp-json\/wp\/v2\/product\/802","targetHints":{"allow":["GET"]}}],"collection":[{"href":"https:\/\/kwintesencja.art\/en\/wp-json\/wp\/v2\/product"}],"about":[{"href":"https:\/\/kwintesencja.art\/en\/wp-json\/wp\/v2\/types\/product"}],"wp:featuredmedia":[{"embeddable":true,"href":"https:\/\/kwintesencja.art\/en\/wp-json\/wp\/v2\/media\/803"}],"wp:attachment":[{"href":"https:\/\/kwintesencja.art\/en\/wp-json\/wp\/v2\/media?parent=802"}],"wp:term":[{"taxonomy":"product_cat","embeddable":true,"href":"https:\/\/kwintesencja.art\/en\/wp-json\/wp\/v2\/product_cat?post=802"},{"taxonomy":"product_tag","embeddable":true,"href":"https:\/\/kwintesencja.art\/en\/wp-json\/wp\/v2\/product_tag?post=802"}],"curies":[{"name":"wp","href":"https:\/\/api.w.org\/{rel}","templated":true}]}}