{"id":7963,"date":"2025-05-05T21:11:34","date_gmt":"2025-05-05T19:11:34","guid":{"rendered":"https:\/\/kwintesencja.art\/?post_type=product&#038;p=7963"},"modified":"2025-12-01T09:53:51","modified_gmt":"2025-12-01T08:53:51","slug":"dwie-dziewczynki-z-golebiem-1956","status":"publish","type":"product","link":"https:\/\/kwintesencja.art\/en\/product\/dwie-dziewczynki-z-golebiem-1956\/","title":{"rendered":"Dwie dziewczynki z go\u0142\u0119biem, 1956"},"content":{"rendered":"<p>Symboliczna i poetycka kompozycja \u201eZwei M\u00e4dchen mit Taube\u201d (Dwie dziewczynki z go\u0142\u0119biem) autorstwa Oskara Kokoschki ukazuje dzieci\u0119c\u0105 intymno\u015b\u0107, \u0142agodno\u015b\u0107 i niewinno\u015b\u0107 w typowo ekspresyjnej, kolorystycznej stylistyce artysty. Kompozycja wyr\u00f3\u017cnia si\u0119 spontanicznym ruchem kreski i intensywnym \u015bwiat\u0142em barw, kt\u00f3re stapiaj\u0105 figury z przestrzeni\u0105. Go\u0142\u0105b \u2013 uniwersalny symbol pokoju \u2013 mo\u017ce by\u0107 tu tak\u017ce alegori\u0105 kruchego \u015bwiata dzieci\u0144stwa lub nadziei. Praca pochodzi z limitowanej edycji 70 odbitek, r\u0119cznie sygnowanych przez artyst\u0119.<\/p>\n<p>Oskar Kokoschka by\u0142 jednym z czo\u0142owych przedstawicieli ekspresjonizmu austriackiego, malarzem, pisarzem i dramatopisarzem. Urodzony w P\u00f6chlarn, studiowa\u0142 w Wiedniu, gdzie szybko zdoby\u0142 uznanie jako tw\u00f3rca nowatorskich portret\u00f3w psychologicznych. Jego tw\u00f3rczo\u015b\u0107 rozwija\u0142a si\u0119 w opozycji do estetyki secesji \u2013 nacechowana by\u0142a intensywn\u0105 ekspresj\u0105, emocjonalno\u015bci\u0105 i niepokojem egzystencjalnym. Po przej\u0119ciu w\u0142adzy przez nazist\u00f3w zosta\u0142 uznany za artyst\u0119 \u201ezdegenerowanego\u201d i zmuszony do emigracji. Po wojnie osiad\u0142 w Szwajcarii. Jego sztuka pozostaje wa\u017cnym \u015bwiadectwem XX-wiecznej duchowo\u015bci i niepokoju.<br \/>\nKokoschka by\u0142 r\u00f3wnie\u017c aktywnym obywatelem \u2013 sprzeciwia\u0142 si\u0119 totalitaryzmowi, przemocy i dehumanizacji, czemu cz\u0119sto dawa\u0142 wyraz w swoich pracach.<\/p>","protected":false},"excerpt":{"rendered":"<p>Litografia barwna na papierze<br \/>\nSygnowana o\u0142\u00f3wkiem w dolnym marginesie: O Kokoschka<br \/>\nNumerowana: 43\/70<br \/>\nWymiary arkusza: 69,3 \u00d7 53,5 cm<br \/>\nSygnatura i numeracja odr\u0119czne w o\u0142\u00f3wku<br \/>\nNa odwrocie stempel: <em>Printed in Switzerland<\/em><br \/>\nWVZ Wingler\/Welz 208<br \/>\nPochodzenie: The Estate of Alexander Dobkin, Nowy Jork<\/p>","protected":false},"featured_media":7964,"template":"","meta":{"_monsterinsights_skip_tracking":false,"_monsterinsights_sitenote_active":false,"_monsterinsights_sitenote_note":"","_monsterinsights_sitenote_category":0,"_themeisle_gutenberg_block_has_review":false},"product_cat":[41],"product_tag":[333],"class_list":["post-7963","product","type-product","status-publish","has-post-thumbnail","hentry","product_cat-grafiki","product_tag-kokoschka-oskar","product_shipping_class-rodzaj-wysylki-2"],"aioseo_notices":[],"_links":{"self":[{"href":"https:\/\/kwintesencja.art\/en\/wp-json\/wp\/v2\/product\/7963","targetHints":{"allow":["GET"]}}],"collection":[{"href":"https:\/\/kwintesencja.art\/en\/wp-json\/wp\/v2\/product"}],"about":[{"href":"https:\/\/kwintesencja.art\/en\/wp-json\/wp\/v2\/types\/product"}],"wp:featuredmedia":[{"embeddable":true,"href":"https:\/\/kwintesencja.art\/en\/wp-json\/wp\/v2\/media\/7964"}],"wp:attachment":[{"href":"https:\/\/kwintesencja.art\/en\/wp-json\/wp\/v2\/media?parent=7963"}],"wp:term":[{"taxonomy":"product_cat","embeddable":true,"href":"https:\/\/kwintesencja.art\/en\/wp-json\/wp\/v2\/product_cat?post=7963"},{"taxonomy":"product_tag","embeddable":true,"href":"https:\/\/kwintesencja.art\/en\/wp-json\/wp\/v2\/product_tag?post=7963"}],"curies":[{"name":"wp","href":"https:\/\/api.w.org\/{rel}","templated":true}]}}