{"id":7829,"date":"2025-04-04T23:28:42","date_gmt":"2025-04-04T21:28:42","guid":{"rendered":"https:\/\/kwintesencja.art\/?post_type=product&#038;p=7829"},"modified":"2025-06-02T21:34:52","modified_gmt":"2025-06-02T19:34:52","slug":"czekajac-na-powrot","status":"publish","type":"product","link":"https:\/\/kwintesencja.art\/en\/product\/czekajac-na-powrot\/","title":{"rendered":"Czekaj\u0105c na powr\u00f3t"},"content":{"rendered":"","protected":false},"excerpt":{"rendered":"<p>Artysta nierozpoznany<br \/>\nOlej na p\u0142\u00f3tnie, wymiary: 61 x 51 cm, 75 x 65 cm (z opraw\u0105)<br \/>\nSygnatura p.d. &#8211; nierozczytana (?Haller)<\/p>","protected":false},"featured_media":7831,"template":"","meta":{"_monsterinsights_skip_tracking":false,"_monsterinsights_sitenote_active":false,"_monsterinsights_sitenote_note":"","_monsterinsights_sitenote_category":0,"_themeisle_gutenberg_block_has_review":false},"product_cat":[39],"product_tag":[280],"class_list":["post-7829","product","type-product","status-publish","has-post-thumbnail","hentry","product_cat-obrazy","product_tag-artysta-nierozpoznany","product_shipping_class-rodzaj-wysylki-3"],"aioseo_notices":[],"_links":{"self":[{"href":"https:\/\/kwintesencja.art\/en\/wp-json\/wp\/v2\/product\/7829","targetHints":{"allow":["GET"]}}],"collection":[{"href":"https:\/\/kwintesencja.art\/en\/wp-json\/wp\/v2\/product"}],"about":[{"href":"https:\/\/kwintesencja.art\/en\/wp-json\/wp\/v2\/types\/product"}],"wp:featuredmedia":[{"embeddable":true,"href":"https:\/\/kwintesencja.art\/en\/wp-json\/wp\/v2\/media\/7831"}],"wp:attachment":[{"href":"https:\/\/kwintesencja.art\/en\/wp-json\/wp\/v2\/media?parent=7829"}],"wp:term":[{"taxonomy":"product_cat","embeddable":true,"href":"https:\/\/kwintesencja.art\/en\/wp-json\/wp\/v2\/product_cat?post=7829"},{"taxonomy":"product_tag","embeddable":true,"href":"https:\/\/kwintesencja.art\/en\/wp-json\/wp\/v2\/product_tag?post=7829"}],"curies":[{"name":"wp","href":"https:\/\/api.w.org\/{rel}","templated":true}]}}