{"id":7720,"date":"2025-03-13T11:15:35","date_gmt":"2025-03-13T10:15:35","guid":{"rendered":"https:\/\/kwintesencja.art\/?post_type=product&#038;p=7720"},"modified":"2025-03-13T11:30:59","modified_gmt":"2025-03-13T10:30:59","slug":"pierrot-explicit-introspection","status":"publish","type":"product","link":"https:\/\/kwintesencja.art\/en\/product\/pierrot-explicit-introspection\/","title":{"rendered":"(Pierrot) Explicit introspection"},"content":{"rendered":"<p>Rafa\u0142 Olbi\u0144ski (ur. 1943) malarz, grafik o plakacista urodzony w Kielcach. W 1969 roku uko\u0144czy\u0142 studia na Wydziale Architektury Politechniki Warszawskiej. W 1981 roku wyemigrowa\u0142 do Stan\u00f3w Zjednoczonych, gdzie wkr\u00f3tce da\u0142 si\u0119 pozna\u0107 jako znakomity ilustrator i malarz. Od 1985 roku wyk\u0142ada w Szkole Sztuk Pi\u0119knych w Nowym Jorku. Jego plakaty i ilustracje ukazuj\u0105 si\u0119 regularnie na \u0142amach czasopism Newsweek, Time, Business Week, New York Times, New Yorker. Jest tw\u00f3rc\u0105 licznych plakat\u00f3w do przedstawie\u0144 operowych. Artysta otrzyma\u0142 za swoje ilustracje, plakaty i obrazy ponad 100 nagr\u00f3d. W 1994 roku zdoby\u0142 w Pary\u017cu mi\u0119dzynarodowego Oskara za Najbardziej Znacz\u0105cy, Niezapomniany Plakat \u015awiata Prix Savignac. W 1995 roku jego projekt zosta\u0142 wybrany na plakat Nowy Jork stolic\u0105 \u015bwiata przez jury pod przewodnictwem burmistrza Rudolfa Giulianiego. W 2002 roku zadebiutowa\u0142 w roli tw\u00f3rcy scenografii operowej do przedstawienia Don Giovanniego w Filadelfii. Obrazy Olbi\u0144skiego znajduj\u0105 si\u0119 w kolekcjach sztuki wsp\u00f3\u0142czesnej w USA (Biblioteka Kongresu, Carnegie Foundation, Republic New York Corporation), a tak\u017ce w wielu prywatnych zbiorach w USA, Japonii, Niemczech, Szwajcarii i Australii.<\/p>","protected":false},"excerpt":{"rendered":"<p>Litografia barwna, edycja limitowana<br \/>\nWymiary: 56 cm x 58.5 cm, 66 cm x 68.5 cm (arkusz)<br \/>\nPodpis: sygnatura odr\u0119czna o\u0142\u00f3wkiem: Olbi\u0144ski oraz nr seryjny: 232\/350<br \/>\nW l.d. rogu papieru sucha piecz\u0119\u0107 w kszta\u0142cie w\u0119\u017ca<br \/>\nStan zachowania: bardzo dobry<\/p>","protected":false},"featured_media":7721,"template":"","meta":{"_monsterinsights_skip_tracking":false,"_monsterinsights_sitenote_active":false,"_monsterinsights_sitenote_note":"","_monsterinsights_sitenote_category":0,"_themeisle_gutenberg_block_has_review":false},"product_cat":[41],"product_tag":[65],"class_list":["post-7720","product","type-product","status-publish","has-post-thumbnail","hentry","product_cat-grafiki","product_tag-olbinski-rafal","product_shipping_class-rodzaj-wysylki-2"],"aioseo_notices":[],"_links":{"self":[{"href":"https:\/\/kwintesencja.art\/en\/wp-json\/wp\/v2\/product\/7720","targetHints":{"allow":["GET"]}}],"collection":[{"href":"https:\/\/kwintesencja.art\/en\/wp-json\/wp\/v2\/product"}],"about":[{"href":"https:\/\/kwintesencja.art\/en\/wp-json\/wp\/v2\/types\/product"}],"wp:featuredmedia":[{"embeddable":true,"href":"https:\/\/kwintesencja.art\/en\/wp-json\/wp\/v2\/media\/7721"}],"wp:attachment":[{"href":"https:\/\/kwintesencja.art\/en\/wp-json\/wp\/v2\/media?parent=7720"}],"wp:term":[{"taxonomy":"product_cat","embeddable":true,"href":"https:\/\/kwintesencja.art\/en\/wp-json\/wp\/v2\/product_cat?post=7720"},{"taxonomy":"product_tag","embeddable":true,"href":"https:\/\/kwintesencja.art\/en\/wp-json\/wp\/v2\/product_tag?post=7720"}],"curies":[{"name":"wp","href":"https:\/\/api.w.org\/{rel}","templated":true}]}}