{"id":7681,"date":"2025-03-03T22:35:46","date_gmt":"2025-03-03T21:35:46","guid":{"rendered":"https:\/\/kwintesencja.art\/?post_type=product&#038;p=7681"},"modified":"2025-12-01T10:57:39","modified_gmt":"2025-12-01T09:57:39","slug":"chmury-burzowe-przyladek-cod-1949","status":"publish","type":"product","link":"https:\/\/kwintesencja.art\/en\/product\/chmury-burzowe-przyladek-cod-1949\/","title":{"rendered":"Chmury burzowe &#8211; Przyl\u0105dek Cod, 1949"},"content":{"rendered":"<p>George Grosz (ur. 26 lipca 1893 w Berlinie, zm. 6 lipca 1959 tam\u017ce) \u2013 niemiecki malarz, grafik i karykaturzysta, jeden z czo\u0142owych przedstawicieli ekspresjonizmu i dadaizmu, a p\u00f3\u017aniej Nowej Rzeczowo\u015bci (<em>Neue Sachlichkeit<\/em>). Znany z ostrej, satyrycznej krytyki niemieckiego spo\u0142ecze\u0144stwa lat 20. i 30., szczeg\u00f3lnie militaryzmu, bur\u017cuazji i korupcji politycznej.<\/p>\n<p>Studiowa\u0142 w Akademii Sztuk Pi\u0119knych w Dreznie i Berlinie, a w czasie I wojny \u015bwiatowej zosta\u0142 powo\u0142any do wojska, co mia\u0142o ogromny wp\u0142yw na jego tw\u00f3rczo\u015b\u0107. Jego karykaturalne, groteskowe przedstawienia zdeformowanych postaci by\u0142y ostrym komentarzem do brutalno\u015bci wojny i spo\u0142ecznych nier\u00f3wno\u015bci.<\/p>\n<p>W 1933 roku, po doj\u015bciu nazist\u00f3w do w\u0142adzy, emigrowa\u0142 do USA, gdzie wyk\u0142ada\u0142 w Art Students League w Nowym Jorku i stopniowo zwr\u00f3ci\u0142 si\u0119 ku bardziej klasycznemu malarstwu. W 1959 roku wr\u00f3ci\u0142 do Berlina, gdzie zmar\u0142 kilka miesi\u0119cy p\u00f3\u017aniej.<br \/>\n\u201eChmury burzowe \u2013 Przyl\u0105dek Cod\u201d to jedna z p\u00f3\u017aniejszych prac George\u2019a Grosza, ukazuj\u0105ca jego zwrot ku pejza\u017cowi i bardziej klasycznej stylistyce po emigracji do Stan\u00f3w Zjednoczonych. Ci\u0119\u017ckie chmury na horyzoncie mog\u0105 by\u0107 interpretowane zar\u00f3wno dos\u0142ownie, jak i symbolicznie \u2013 jako metafora zmian, kt\u00f3re Grosz przeszed\u0142 w swojej karierze i \u017cyciu po ucieczce z nazistowskich Niemiec.<\/p>\n<p>Dzie\u0142a Grosza znajduj\u0105 si\u0119 w kolekcjach najwi\u0119kszych muze\u00f3w \u015bwiata, m.in. MoMA, Tate Modern i Neue Nationalgalerie.<\/p>","protected":false},"excerpt":{"rendered":"<p><span lang=\"pl-PL\">Litografia na papierze czerpanym.<br \/>\nWymiary: 33 x 41 cm<br \/>\nSygnatura: o\u0142\u00f3wkiem p.d.: George Grosz<br \/>\nWydawca: Print Club of Cleveland, Ohio.<br \/>\nStan: bardzo dobry<br \/>\nKolekcja prywatna, Badenia-Wirtembergia.<br \/>\nCertyfikat autentyczno\u015bci.<\/span><\/p>","protected":false},"featured_media":7682,"template":"","meta":{"_monsterinsights_skip_tracking":false,"_monsterinsights_sitenote_active":false,"_monsterinsights_sitenote_note":"","_monsterinsights_sitenote_category":0,"_themeisle_gutenberg_block_has_review":false},"product_cat":[41],"product_tag":[330,350],"class_list":["post-7681","product","type-product","status-publish","has-post-thumbnail","hentry","product_cat-grafiki","product_tag-grosz-george","product_tag-wyprzedaz","product_shipping_class-rodzaj-wysylki-2"],"aioseo_notices":[],"_links":{"self":[{"href":"https:\/\/kwintesencja.art\/en\/wp-json\/wp\/v2\/product\/7681","targetHints":{"allow":["GET"]}}],"collection":[{"href":"https:\/\/kwintesencja.art\/en\/wp-json\/wp\/v2\/product"}],"about":[{"href":"https:\/\/kwintesencja.art\/en\/wp-json\/wp\/v2\/types\/product"}],"wp:featuredmedia":[{"embeddable":true,"href":"https:\/\/kwintesencja.art\/en\/wp-json\/wp\/v2\/media\/7682"}],"wp:attachment":[{"href":"https:\/\/kwintesencja.art\/en\/wp-json\/wp\/v2\/media?parent=7681"}],"wp:term":[{"taxonomy":"product_cat","embeddable":true,"href":"https:\/\/kwintesencja.art\/en\/wp-json\/wp\/v2\/product_cat?post=7681"},{"taxonomy":"product_tag","embeddable":true,"href":"https:\/\/kwintesencja.art\/en\/wp-json\/wp\/v2\/product_tag?post=7681"}],"curies":[{"name":"wp","href":"https:\/\/api.w.org\/{rel}","templated":true}]}}