{"id":7455,"date":"2025-02-04T22:07:54","date_gmt":"2025-02-04T21:07:54","guid":{"rendered":"https:\/\/kwintesencja.art\/?post_type=product&#038;p=7455"},"modified":"2025-12-01T11:05:57","modified_gmt":"2025-12-01T10:05:57","slug":"portret-kobiety-4","status":"publish","type":"product","link":"https:\/\/kwintesencja.art\/en\/product\/portret-kobiety-4\/","title":{"rendered":"Portrait of a woman"},"content":{"rendered":"","protected":false},"excerpt":{"rendered":"<p>Portrait of a woman<br \/>\nWymiary: 25 x 20 cm, 38 x 33 cm (z opraw\u0105)<br \/>\nPodpis p.d. Eug Zak, Lithographie<br \/>\nNa odwrocie piecz\u0119\u0107 i opis<br \/>\nNie uda\u0142o si\u0119 okre\u015bli\u0107 historii i pochodzenia dzie\u0142a,<br \/>\ndlatego praca sprzedawana jest \u201ew stylu\u201d,<br \/>\njako przypisana do artysty \u201eATTR\u201d<\/p>","protected":false},"featured_media":7456,"template":"","meta":{"_monsterinsights_skip_tracking":false,"_monsterinsights_sitenote_active":false,"_monsterinsights_sitenote_note":"","_monsterinsights_sitenote_category":0,"_themeisle_gutenberg_block_has_review":false},"product_cat":[41],"product_tag":[280,350],"class_list":["post-7455","product","type-product","status-publish","has-post-thumbnail","hentry","product_cat-grafiki","product_tag-artysta-nierozpoznany","product_tag-wyprzedaz","product_shipping_class-rodzaj-wysylki-2"],"aioseo_notices":[],"_links":{"self":[{"href":"https:\/\/kwintesencja.art\/en\/wp-json\/wp\/v2\/product\/7455","targetHints":{"allow":["GET"]}}],"collection":[{"href":"https:\/\/kwintesencja.art\/en\/wp-json\/wp\/v2\/product"}],"about":[{"href":"https:\/\/kwintesencja.art\/en\/wp-json\/wp\/v2\/types\/product"}],"wp:featuredmedia":[{"embeddable":true,"href":"https:\/\/kwintesencja.art\/en\/wp-json\/wp\/v2\/media\/7456"}],"wp:attachment":[{"href":"https:\/\/kwintesencja.art\/en\/wp-json\/wp\/v2\/media?parent=7455"}],"wp:term":[{"taxonomy":"product_cat","embeddable":true,"href":"https:\/\/kwintesencja.art\/en\/wp-json\/wp\/v2\/product_cat?post=7455"},{"taxonomy":"product_tag","embeddable":true,"href":"https:\/\/kwintesencja.art\/en\/wp-json\/wp\/v2\/product_tag?post=7455"}],"curies":[{"name":"wp","href":"https:\/\/api.w.org\/{rel}","templated":true}]}}