{"id":7294,"date":"2024-12-21T17:34:13","date_gmt":"2024-12-21T16:34:13","guid":{"rendered":"https:\/\/kwintesencja.art\/?post_type=product&#038;p=7294"},"modified":"2025-08-30T15:43:19","modified_gmt":"2025-08-30T13:43:19","slug":"bez-tytulu-relief","status":"publish","type":"product","link":"https:\/\/kwintesencja.art\/en\/product\/bez-tytulu-relief\/","title":{"rendered":"Bez tytu\u0142u (relief)"},"content":{"rendered":"<p><strong>Andrzej Gieraga<\/strong> (ur. 1934) \u2013 polski malarz, grafik i pedagog, profesor sztuk plastycznych. Uko\u0144czy\u0142 studia na ASP w \u0141odzi, gdzie przez lata pe\u0142ni\u0142 funkcje kierownicze, w tym prorektora. Jego tw\u00f3rczo\u015b\u0107 obejmuje malarstwo, rysunek oraz grafik\u0119 warsztatow\u0105 i u\u017cytkow\u0105, wyr\u00f3\u017cniaj\u0105c\u0105 si\u0119 ascetycznymi i minimalistycznymi formami. W jego pracach dominuj\u0105 abstrakcyjne kompozycje geometryczne, eksperymentuj\u0105ce z kolorem, \u015bwiat\u0142em i przestrzeni\u0105. By\u0142 inicjatorem Konkursu im. W\u0142adys\u0142awa Strzemi\u0144skiego oraz za\u0142o\u017cycielem Galerii 261. Laureat Srebrnego Medalu \u201eZas\u0142u\u017cony Kulturze Gloria Artis\u201d (2012). Dzia\u0142a\u0142 tak\u017ce jako wyk\u0142adowca na Politechnice Radomskiej i w Akademii Humanistyczno-Ekonomicznej w \u0141odzi.<\/p>","protected":false},"excerpt":{"rendered":"<p><span class=\"HwtZe\" lang=\"pl\"><span class=\"jCAhz ChMk0b\"><span class=\"ryNqvb\">Andrzej Gieraga &#8211; Bez tytu\u0142u. 2013<br \/>\nTechnika: Relief, kola\u017c, akrylem na drewnie.<\/span><\/span> <span class=\"jCAhz ChMk0b\"><span class=\"ryNqvb\"><br \/>\nWymiary: ok. 25 x 25 cm.<\/span><\/span> <span class=\"jCAhz ChMk0b\"><span class=\"ryNqvb\"><br \/>\nPodpisany i datowany na odwrocie.<\/span><\/span><span class=\"jCAhz\"><span class=\"ryNqvb\"><br \/>\nPraca w bardzo dobrym stanie.<\/span><\/span><span class=\"jCAhz ChMk0b\"><span class=\"ryNqvb\"><br \/>\nPochodzenie:<br \/>\nPrywatna w\u0142asno\u015b\u0107 <\/span><\/span><\/span>Reinhard Roy, Hesse<span class=\"HwtZe\" lang=\"pl\"><span class=\"jCAhz ChMk0b\"><span class=\"ryNqvb\">;<\/span><\/span> <span class=\"jCAhz ChMk0b\"><span class=\"ryNqvb\">prywatna kolekcja Grauwinkel, Berlin,<br \/>\nnabyta od wy\u017cej wymienionego w 2014 r.<br \/>\nCertificate of Authenticity<\/span><\/span><\/span><strong><br \/>\n<\/strong><\/p>","protected":false},"featured_media":7297,"template":"","meta":{"_monsterinsights_skip_tracking":false,"_monsterinsights_sitenote_active":false,"_monsterinsights_sitenote_note":"","_monsterinsights_sitenote_category":0,"_themeisle_gutenberg_block_has_review":false},"product_cat":[39],"product_tag":[325],"class_list":["post-7294","product","type-product","status-publish","has-post-thumbnail","hentry","product_cat-obrazy","product_tag-gieraga-andrzej","product_shipping_class-rodzaj-wysylki-2"],"aioseo_notices":[],"_links":{"self":[{"href":"https:\/\/kwintesencja.art\/en\/wp-json\/wp\/v2\/product\/7294","targetHints":{"allow":["GET"]}}],"collection":[{"href":"https:\/\/kwintesencja.art\/en\/wp-json\/wp\/v2\/product"}],"about":[{"href":"https:\/\/kwintesencja.art\/en\/wp-json\/wp\/v2\/types\/product"}],"wp:featuredmedia":[{"embeddable":true,"href":"https:\/\/kwintesencja.art\/en\/wp-json\/wp\/v2\/media\/7297"}],"wp:attachment":[{"href":"https:\/\/kwintesencja.art\/en\/wp-json\/wp\/v2\/media?parent=7294"}],"wp:term":[{"taxonomy":"product_cat","embeddable":true,"href":"https:\/\/kwintesencja.art\/en\/wp-json\/wp\/v2\/product_cat?post=7294"},{"taxonomy":"product_tag","embeddable":true,"href":"https:\/\/kwintesencja.art\/en\/wp-json\/wp\/v2\/product_tag?post=7294"}],"curies":[{"name":"wp","href":"https:\/\/api.w.org\/{rel}","templated":true}]}}