{"id":7182,"date":"2024-11-26T13:07:13","date_gmt":"2024-11-26T12:07:13","guid":{"rendered":"https:\/\/kwintesencja.art\/?post_type=product&#038;p=7182"},"modified":"2025-12-01T11:04:40","modified_gmt":"2025-12-01T10:04:40","slug":"placzaca","status":"publish","type":"product","link":"https:\/\/kwintesencja.art\/en\/product\/placzaca\/","title":{"rendered":"P\u0142acz\u0105ca"},"content":{"rendered":"<p>Edvard Munch \u2013 urodzi\u0142 si\u0119 w 1863 w Loten, w Norwegi. Malarz, grafik. Jego ojciec piastowa\u0142 funkcj\u0119 lekarza wojskowego, matka zmar\u0142a gdy by\u0142 jeszcze dzieckiem. W czasie jego dzieci\u0144stwa umiera tak\u017ce jego siostra, co ma wielki wp\u0142yw na kszta\u0142towanie si\u0119 jego osobowo\u015bci, zar\u00f3wno jako cz\u0142owieka a tak\u017ce jako artysty. Nauki rysunku pobiera\u0142 w dzisiejszym Oslo, a otrzymane stypendium pozwoli\u0142o mu na wyjazd do Pary\u017ca. Po powrocie wystawi\u0142 swoje prace w stolicy Norwegi. Wzbudzi\u0142y one zainteresowanie malarza Adelsteena Normanna., kt\u00f3ry zaprosi\u0142 Muncha do siebie, gdzie na wystawie w Berlinie jego obrazy wywo\u0142uj\u0105 skandal. Spor\u0105 cz\u0119\u015b\u0107 \u017cycia sp\u0119dzi\u0142 w Niemczech, Francji i we W\u0142oszech, by z powodu choroby osiedli\u0107 si\u0119 w Norwegii. By\u0142 prekursorem grafiki, stosuj\u0105c cz\u0119sto elementy grafiki barwnej. Zmar\u0142 w 1944 roku w Aker, dzisiejszej cz\u0119\u015bci Oslo.<\/p>","protected":false},"excerpt":{"rendered":"<p>Tytu\u0142: Krzyk<br \/>\nAutor: Edvard Munch<br \/>\nGrafika, edycja limitowana 200 egzemplarzy,\u00a0na papierze czerpanym. Ka\u017cda grafika jest indywidualnie numerowana.<br \/>\nNapis o\u0142\u00f3wkiem l.d.: 16\/200, p.d.: faksymile \u201eE.Munch.<br \/>\nWymiary:\u00a0 50 x 70 cm (arkusz)<br \/>\nW lewym dolnym rogu sucha piecz\u0119\u0107 wydawcy: \u201etrec, Edizioni Pregiate.<br \/>\nStan zachowania: bardzo dobry<br \/>\nCertificate of Authenticity<\/p>","protected":false},"featured_media":7185,"template":"","meta":{"_monsterinsights_skip_tracking":false,"_monsterinsights_sitenote_active":false,"_monsterinsights_sitenote_note":"","_monsterinsights_sitenote_category":0,"_themeisle_gutenberg_block_has_review":false},"product_cat":[41],"product_tag":[187,350],"class_list":["post-7182","product","type-product","status-publish","has-post-thumbnail","hentry","product_cat-grafiki","product_tag-munch-edvard","product_tag-wyprzedaz","product_shipping_class-rodzaj-wysylki-2"],"aioseo_notices":[],"_links":{"self":[{"href":"https:\/\/kwintesencja.art\/en\/wp-json\/wp\/v2\/product\/7182","targetHints":{"allow":["GET"]}}],"collection":[{"href":"https:\/\/kwintesencja.art\/en\/wp-json\/wp\/v2\/product"}],"about":[{"href":"https:\/\/kwintesencja.art\/en\/wp-json\/wp\/v2\/types\/product"}],"wp:featuredmedia":[{"embeddable":true,"href":"https:\/\/kwintesencja.art\/en\/wp-json\/wp\/v2\/media\/7185"}],"wp:attachment":[{"href":"https:\/\/kwintesencja.art\/en\/wp-json\/wp\/v2\/media?parent=7182"}],"wp:term":[{"taxonomy":"product_cat","embeddable":true,"href":"https:\/\/kwintesencja.art\/en\/wp-json\/wp\/v2\/product_cat?post=7182"},{"taxonomy":"product_tag","embeddable":true,"href":"https:\/\/kwintesencja.art\/en\/wp-json\/wp\/v2\/product_tag?post=7182"}],"curies":[{"name":"wp","href":"https:\/\/api.w.org\/{rel}","templated":true}]}}