{"id":7023,"date":"2024-11-01T18:33:54","date_gmt":"2024-11-01T17:33:54","guid":{"rendered":"https:\/\/kwintesencja.art\/?post_type=product&#038;p=7023"},"modified":"2024-11-01T18:38:02","modified_gmt":"2024-11-01T17:38:02","slug":"slepa-ambicja","status":"publish","type":"product","link":"https:\/\/kwintesencja.art\/en\/product\/slepa-ambicja\/","title":{"rendered":"\u015alepa ambicja"},"content":{"rendered":"<p>Ma\u0142a \u0107ma z ma\u0142ego miasteczka. Zwyk\u0142a \u0107ma z przedmie\u015bcia. Zwyk\u0142e \u0107my i ich siostry tak<br \/>\n\u015bmia\u0142o pragn\u0105 wielko\u015bci. O\u015blepiaj\u0105cej i jaskrawej ambicji skrawek. Byle dotkn\u0105\u0107 \u015bwiat\u0142a tej<br \/>\n\u017car\u00f3wki, cho\u0107by i parz\u0105c si\u0119 tak bole\u015bnie w jej przyjemnym blasku. Ka\u017cdej z nas<br \/>\nniewidz\u0105cej, przyjdzie z fragmentem marzenia w zawodzie, w upokorzeniu, wraca\u0107. Do<br \/>\nma\u0142ego miasteczka, na przedmie\u015bcia.<br \/>\nW moim bia\u0142ym ko\u0142nierzu i komforcie tego co min\u0119\u0142o, z trudem, lecz pokor\u0105, godz\u0119 si\u0119 z<br \/>\nwizj\u0105 pora\u017cki na wielkiej szachownicy. \u015alepo czekam na nadchodz\u0105ce dni.<\/p>\n<p>Ewa Bilska &#8211; studentka Akademii Sztuk Pi\u0119knych w Warszawie. Fascynuje si\u0119 portretem i cielesno\u015bci\u0105. Jednym z najwi\u0119kszych jej autorytet\u00f3w w dziedzinie malarstwa jest Olga Bozna\u0144ska. W swoich zainteresowaniach sk\u0142ania si\u0119 r\u00f3wnie\u017c w stron\u0119 Prerafaelit\u00f3w, ikonografii chrze\u015bcija\u0144skiej oraz estetyki XIX wieku. W rysunku inspiruje si\u0119 tw\u00f3rczo\u015bci\u0105 Egona Shiele.<\/p>","protected":false},"excerpt":{"rendered":"<p>Tytu\u0142: \u015alepa ambicja<br \/>\nAutor: Ewa Bilska<br \/>\nYear: 2024<br \/>\nTechnika: Olej na p\u0142\u00f3tnie.<br \/>\nOprawa: nie<br \/>\nPodpis: odr\u0119czny P.d.: Ewa Bilska<br \/>\nWymiary: 73 x 92 cm<br \/>\nStan zachowania: bardzo dobry<br \/>\nCertificate of Authenticity<\/p>","protected":false},"featured_media":7024,"template":"","meta":{"_monsterinsights_skip_tracking":false,"_monsterinsights_sitenote_active":false,"_monsterinsights_sitenote_note":"","_monsterinsights_sitenote_category":0,"_themeisle_gutenberg_block_has_review":false},"product_cat":[39],"product_tag":[51],"class_list":["post-7023","product","type-product","status-publish","has-post-thumbnail","hentry","product_cat-obrazy","product_tag-bilska-ewa","product_shipping_class-rodzaj-wysylki-2"],"aioseo_notices":[],"_links":{"self":[{"href":"https:\/\/kwintesencja.art\/en\/wp-json\/wp\/v2\/product\/7023","targetHints":{"allow":["GET"]}}],"collection":[{"href":"https:\/\/kwintesencja.art\/en\/wp-json\/wp\/v2\/product"}],"about":[{"href":"https:\/\/kwintesencja.art\/en\/wp-json\/wp\/v2\/types\/product"}],"wp:featuredmedia":[{"embeddable":true,"href":"https:\/\/kwintesencja.art\/en\/wp-json\/wp\/v2\/media\/7024"}],"wp:attachment":[{"href":"https:\/\/kwintesencja.art\/en\/wp-json\/wp\/v2\/media?parent=7023"}],"wp:term":[{"taxonomy":"product_cat","embeddable":true,"href":"https:\/\/kwintesencja.art\/en\/wp-json\/wp\/v2\/product_cat?post=7023"},{"taxonomy":"product_tag","embeddable":true,"href":"https:\/\/kwintesencja.art\/en\/wp-json\/wp\/v2\/product_tag?post=7023"}],"curies":[{"name":"wp","href":"https:\/\/api.w.org\/{rel}","templated":true}]}}