{"id":6983,"date":"2024-10-28T13:33:32","date_gmt":"2024-10-28T12:33:32","guid":{"rendered":"https:\/\/kwintesencja.art\/?post_type=product&#038;p=6983"},"modified":"2025-05-04T20:11:02","modified_gmt":"2025-05-04T18:11:02","slug":"creature-of-bones","status":"publish","type":"product","link":"https:\/\/kwintesencja.art\/en\/product\/creature-of-bones\/","title":{"rendered":"Creature of Bones"},"content":{"rendered":"<p><strong>Jan Lebenstein<\/strong> (1930 \u2013 1999) w latach 1948-1954 studiowa\u0142 malarstwo w ASP w Warszawie pod kierunkiem prof. Eugeniusza Eibischa i Artura Nachta-Samborskiego. W 1955 wzi\u0105\u0142 udzia\u0142 w wystawie w warszawskim Arsenale. Zaprzyja\u017aniony w czasie studi\u00f3w z Mironem Bia\u0142oszewskim, sw\u0105 pierwsz\u0105 wystaw\u0119 indywidualn\u0105 pokaza\u0142 w 1956 w Teatrze na Tarczy\u0144skiej. W 1959 zdoby\u0142 Grand Prix de la Ville de Paris na I Biennale M\u0142odych w Pary\u017cu i w tym roku przeni\u00f3s\u0142 si\u0119 na sta\u0142e do Pary\u017ca. Po seriach \u201efigur kre\u015blonych\u201d (na papierze milimetrowym) i \u201efigur hieratycznych\u201d z lat 1955-1958 maluje cykl \u201efigur osiowych\u201d (1958-1962), kt\u00f3re wystawia w Pary\u017cu i USA. R\u00f3wnolegle w 1960 zaczyna rysowane \u201ekarnety\u201d, rodzaj dziennika, kt\u00f3ry w przysz\u0142o\u015bci dostarczy motyw\u00f3w wykorzystanych w obrazach. W latach 1964-1965 maluje \u201eBestiarium\u201d, cykl fakturowych, archaizowanych stwor\u00f3w przypominaj\u0105cych prehistoryczne wykopaliska. Bezpo\u015brednio po nich wprowadza do swych obraz\u00f3w postaci ludzkie i fantastyczne, odgrywaj\u0105ce sceny ni to mitologiczne, ni to ze snu, cz\u0119sto przesycone erotyk\u0105. W 1970 projektuje witra\u017ce dla Centre du Dialogue w Pary\u017cu. W W 1971 otrzymuje obywatelstwo francuskie 1974 powstaj\u0105 gwasze inspirowane Folwarkiem zwierz\u0119cym George\u2019a Orwella. W latach 1976-1989 tworzy wy\u0142\u0105cznie w technice gwaszu i pastelu, podejmuj\u0105c tematyk\u0119 mitologiczn\u0105 i zaczerpni\u0119t\u0105 z Biblii: cykle ilustracji do Ksi\u0119gi Hioba (wyd. 1979) i do Apokalipsy (wyd. 1986) w nowych przek\u0142adach Czes\u0142awa Mi\u0142osza. W 1989 powraca do malarstwa olejnego (cykl \u201ePergamon\u201d). Artysta otrzyma\u0142 m. in. nagrod\u0119 Fundacji im. Alfreda Jurzykowskiego w 1976, Nagrod\u0119 Muzeum Archidiecezji Warszawskiej w 1985, Nagrod\u0119 im. Jana Cybisa w 1987. (\u017ar\u00f3d\u0142o Agra Art)<\/p>","protected":false},"excerpt":{"rendered":"<p><span class=\"HwtZe\" lang=\"pl\"><span class=\"jCAhz ChMk0b\"><span class=\"ryNqvb\">Sygnowany i datowany: &#8216; Lebenstein 64&#8217;<\/span><\/span><\/span><br \/>\nWymiary: w \u015bw p-p: 19 x\u00a019 cm, 37 x 37 cm\u00a0(z opraw\u0105)<br \/>\nTusz lawowany, gwasz na\u00a0papierze.<\/p>","protected":false},"featured_media":6986,"template":"","meta":{"_monsterinsights_skip_tracking":false,"_monsterinsights_sitenote_active":false,"_monsterinsights_sitenote_note":"","_monsterinsights_sitenote_category":0,"_themeisle_gutenberg_block_has_review":false},"product_cat":[39],"product_tag":[266],"class_list":["post-6983","product","type-product","status-publish","has-post-thumbnail","hentry","product_cat-obrazy","product_tag-lebenstein-jan","product_shipping_class-rodzaj-wysylki-2"],"aioseo_notices":[],"_links":{"self":[{"href":"https:\/\/kwintesencja.art\/en\/wp-json\/wp\/v2\/product\/6983","targetHints":{"allow":["GET"]}}],"collection":[{"href":"https:\/\/kwintesencja.art\/en\/wp-json\/wp\/v2\/product"}],"about":[{"href":"https:\/\/kwintesencja.art\/en\/wp-json\/wp\/v2\/types\/product"}],"wp:featuredmedia":[{"embeddable":true,"href":"https:\/\/kwintesencja.art\/en\/wp-json\/wp\/v2\/media\/6986"}],"wp:attachment":[{"href":"https:\/\/kwintesencja.art\/en\/wp-json\/wp\/v2\/media?parent=6983"}],"wp:term":[{"taxonomy":"product_cat","embeddable":true,"href":"https:\/\/kwintesencja.art\/en\/wp-json\/wp\/v2\/product_cat?post=6983"},{"taxonomy":"product_tag","embeddable":true,"href":"https:\/\/kwintesencja.art\/en\/wp-json\/wp\/v2\/product_tag?post=6983"}],"curies":[{"name":"wp","href":"https:\/\/api.w.org\/{rel}","templated":true}]}}