{"id":6943,"date":"2024-10-28T12:28:58","date_gmt":"2024-10-28T11:28:58","guid":{"rendered":"https:\/\/kwintesencja.art\/?post_type=product&#038;p=6943"},"modified":"2025-06-02T21:38:24","modified_gmt":"2025-06-02T19:38:24","slug":"zachod-ze-snu","status":"publish","type":"product","link":"https:\/\/kwintesencja.art\/en\/product\/zachod-ze-snu\/","title":{"rendered":"Zach\u00f3d (ze snu)"},"content":{"rendered":"<p>Beata Murawska, ur. 1963 roku w Warszawie, to polska malarka wsp\u00f3\u0142czesna, znana przede wszystkim ze swoich barwnych, ekspresyjnych przedstawie\u0144 tulipan\u00f3w. Absolwentka Akademii Sztuk Pi\u0119knych w Warszawie, uzyska\u0142a dyplom z wyr\u00f3\u017cnieniem w pracowni prof. Stefana Gierowskiego w 1988 roku. Jej tw\u00f3rczo\u015b\u0107, pe\u0142na intensywnych kolor\u00f3w i dynamicznych form, cz\u0119sto oscyluje na granicy abstrakcji, mimo \u017ce g\u0142\u00f3wn\u0105 inspiracj\u0105 s\u0105 dla niej kwiaty i natura, interpretowane przez pryzmat wyobra\u017ani.<\/p>\n<p>Murawska jest kolorystk\u0105, kt\u00f3ra buduje swoje kompozycje z grubych warstw farby i intensywnych barw, co nadaje jej obrazom g\u0142\u0119bi\u0119 i zmys\u0142owy charakter. Jej prace by\u0142y wystawiane w Polsce oraz za granic\u0105, m.in. we Francji, Niemczech i W\u0142oszech. Od 2018 roku artystka dzieli swoje \u017cycie mi\u0119dzy Polsk\u0119 a W\u0142ochy, gdzie czerpie inspiracje z tamtejszych pejza\u017cy.<\/p>","protected":false},"excerpt":{"rendered":"<p>Olej na p\u0142\u00f3tnie, 2010.<br \/>\nWymiary: 24 x 30 cm, 29,5 x 35,5 cm (z opraw\u0105)<br \/>\nPodpisane p.d. oraz na odwrocie i datowane.<\/p>","protected":false},"featured_media":6940,"template":"","meta":{"_monsterinsights_skip_tracking":false,"_monsterinsights_sitenote_active":false,"_monsterinsights_sitenote_note":"","_monsterinsights_sitenote_category":0,"_themeisle_gutenberg_block_has_review":false},"product_cat":[39],"product_tag":[316],"class_list":["post-6943","product","type-product","status-publish","has-post-thumbnail","hentry","product_cat-obrazy","product_tag-murawska-beata","product_shipping_class-rodzaj-wysylki-3"],"aioseo_notices":[],"_links":{"self":[{"href":"https:\/\/kwintesencja.art\/en\/wp-json\/wp\/v2\/product\/6943","targetHints":{"allow":["GET"]}}],"collection":[{"href":"https:\/\/kwintesencja.art\/en\/wp-json\/wp\/v2\/product"}],"about":[{"href":"https:\/\/kwintesencja.art\/en\/wp-json\/wp\/v2\/types\/product"}],"wp:featuredmedia":[{"embeddable":true,"href":"https:\/\/kwintesencja.art\/en\/wp-json\/wp\/v2\/media\/6940"}],"wp:attachment":[{"href":"https:\/\/kwintesencja.art\/en\/wp-json\/wp\/v2\/media?parent=6943"}],"wp:term":[{"taxonomy":"product_cat","embeddable":true,"href":"https:\/\/kwintesencja.art\/en\/wp-json\/wp\/v2\/product_cat?post=6943"},{"taxonomy":"product_tag","embeddable":true,"href":"https:\/\/kwintesencja.art\/en\/wp-json\/wp\/v2\/product_tag?post=6943"}],"curies":[{"name":"wp","href":"https:\/\/api.w.org\/{rel}","templated":true}]}}