{"id":6919,"date":"2024-10-28T12:03:19","date_gmt":"2024-10-28T11:03:19","guid":{"rendered":"https:\/\/kwintesencja.art\/?post_type=product&#038;p=6919"},"modified":"2025-12-01T08:45:12","modified_gmt":"2025-12-01T07:45:12","slug":"akt-15","status":"publish","type":"product","link":"https:\/\/kwintesencja.art\/en\/product\/akt-15\/","title":{"rendered":"Akt"},"content":{"rendered":"<p>Abraham Weinbaum (1890-1943). W latach 1906 &#8211; 14 uczy\u0142 si\u0119 w Akademii Sztuk Pi\u0119knych w Krakowie u J. Unierzyskiego, W. Weissa i J. Pankiewicza. Prawdopodobnie studiowa\u0142 te\u017c w Odessie. Od ok. 1908 roku mieszka\u0142 i tworzy\u0142 w Pary\u017cu, gdzie uczestniczy\u0142 w salonie Niezale\u017cnych w 1908 roku i Salonie des Tuileries w 1928 roku. W czasie II wojny \u015bwiatowej mieszka\u0142 w Marsylii. Malowa\u0142 widoki miejskie i pejza\u017ce, zajmowa\u0142 si\u0119 tak\u017ce ilustrowaniem ksi\u0105\u017cek. Zgin\u0105\u0142 zamordowany prawdopodobnie w obozie koncentracyjnym.<\/p>","protected":false},"excerpt":{"rendered":"<p>Abraham Weinbaum (1890-1943), Akt<br \/>\nArtysta z kr\u0119gu Ecole de Paris<\/p>\n<p>Gwasz na papierze. Praca po konserwacji, oprawiona w stylow\u0105 ram\u0119, za szyb\u0105 antyrefleksyjn\u0105.<br \/>\nWymiary: 62 x 45 cm, 76 x 59 cm (z ram\u0105)<br \/>\nPochodzenie:<br \/>\nKolekcja prywatna, Francja<br \/>\nCertificate of Authenticity<\/p>","protected":false},"featured_media":6921,"template":"","meta":{"_monsterinsights_skip_tracking":false,"_monsterinsights_sitenote_active":false,"_monsterinsights_sitenote_note":"","_monsterinsights_sitenote_category":0,"_themeisle_gutenberg_block_has_review":false},"product_cat":[39],"product_tag":[313],"class_list":["post-6919","product","type-product","status-publish","has-post-thumbnail","hentry","product_cat-obrazy","product_tag-weinbaum-abraham","product_shipping_class-rodzaj-wysylki-3"],"aioseo_notices":[],"_links":{"self":[{"href":"https:\/\/kwintesencja.art\/en\/wp-json\/wp\/v2\/product\/6919","targetHints":{"allow":["GET"]}}],"collection":[{"href":"https:\/\/kwintesencja.art\/en\/wp-json\/wp\/v2\/product"}],"about":[{"href":"https:\/\/kwintesencja.art\/en\/wp-json\/wp\/v2\/types\/product"}],"wp:featuredmedia":[{"embeddable":true,"href":"https:\/\/kwintesencja.art\/en\/wp-json\/wp\/v2\/media\/6921"}],"wp:attachment":[{"href":"https:\/\/kwintesencja.art\/en\/wp-json\/wp\/v2\/media?parent=6919"}],"wp:term":[{"taxonomy":"product_cat","embeddable":true,"href":"https:\/\/kwintesencja.art\/en\/wp-json\/wp\/v2\/product_cat?post=6919"},{"taxonomy":"product_tag","embeddable":true,"href":"https:\/\/kwintesencja.art\/en\/wp-json\/wp\/v2\/product_tag?post=6919"}],"curies":[{"name":"wp","href":"https:\/\/api.w.org\/{rel}","templated":true}]}}