{"id":6895,"date":"2024-10-28T11:24:52","date_gmt":"2024-10-28T10:24:52","guid":{"rendered":"https:\/\/kwintesencja.art\/?post_type=product&#038;p=6895"},"modified":"2024-12-18T13:12:55","modified_gmt":"2024-12-18T12:12:55","slug":"peter-paul-rubens-1577-1640-powrot-diany-z-polowania-ok-1910","status":"publish","type":"product","link":"https:\/\/kwintesencja.art\/en\/product\/peter-paul-rubens-1577-1640-powrot-diany-z-polowania-ok-1910\/","title":{"rendered":"Peter Paul Rubens (1577-1640), Powr\u00f3t Diany z polowania, ok. 1910"},"content":{"rendered":"<p>\u201ePowr\u00f3t Diany z polowania\u201d wg Rubensa.<br \/>\nKopia obrazu drezde\u0144skiego Petera Paula Rubensa (1577-1640), stworzonego oko\u0142o 1615 r.<br \/>\nPrezentowany obraz, to olej na p\u0142\u00f3tnie, z oko\u0142o 1910 r.<br \/>\nWymiary: 112 x 147 cm, a z ram\u0105: 139 x 175 cm.<br \/>\nNa odwrocie p\u0142\u00f3tna wybita notatka \u201eCopie nach No. 979 der K\u00f6nigl. Gem\u00e4lde Galerie zu Dresden\u201d.<br \/>\nObraz po renowacji. Oprawiony w szerok\u0105, masywn\u0105 d\u0119bow\u0105 ram\u0119 o szeroko\u015bci ok. 14 cm.<\/p>\n<p>Na prezentowanym obrazie, Rubens po\u0142\u0105czy\u0142 swoje umiej\u0119tno\u015bci w przedstawianiu postaci mitologicznych z mistrzowskim operowaniem \u015bwiat\u0142em i ruchem. Diana, bogini \u0142ow\u00f3w, pe\u0142ni centraln\u0105 rol\u0119 w tej scenie. Jest przedstawiona jako silna, ale zarazem zmys\u0142owa posta\u0107, ubrana w czerwon\u0105 draperi\u0119, kt\u00f3ra odkrywa jej pier\u015b. Tego rodzaju ukazanie nago\u015bci by\u0142o typowe dla Rubensa, kt\u00f3ry \u0142\u0105czy\u0142 zmys\u0142owo\u015b\u0107 z si\u0142\u0105 charakteru swoich bohaterek, czerpi\u0105c inspiracje z klasycznej sztuki antycznej. Jej surowa posta\u0107 z dzid\u0105 w r\u0119ce symbolicznie dzieli dwie sfery: dzikie, instynktowne zachowania satyr\u00f3w z jednej strony i czysto\u015b\u0107 oraz opanowanie nimf z drugiej. Diana uosabia si\u0142\u0119 kobiecej niezale\u017cno\u015bci i kontroli nad swoj\u0105 seksualno\u015bci\u0105, co w sztuce Rubensa nabiera\u0142o dodatkowego znaczenia przez jego fascynacj\u0119 antykiem i mitologi\u0105.<\/p>\n<p>W tle kompozycji widoczni s\u0105 satyrowie, kt\u00f3rych hedonistyczne i cielesne zachowania kontrastuj\u0105 z dostoje\u0144stwem Diany. Rubens celowo przedstawia\u0142 satyr\u00f3w jako symbole m\u0119skich pragnie\u0144, kt\u00f3re bogini \u0142ow\u00f3w skutecznie kontroluje. Ciekawym detalem, kt\u00f3ry mo\u017cna odnale\u017a\u0107 w interpretacji Rubensa, jest fakt, \u017ce jedn\u0105 z nimf towarzysz\u0105cych Dianie identyfikuje si\u0119 jako jego pierwsz\u0105 \u017con\u0119, Isabell\u0119 Brant. Jej obecno\u015b\u0107 w tym kontek\u015bcie nie tylko personalizuje kompozycj\u0119, ale tak\u017ce wzmacnia kontrast mi\u0119dzy \u015bwiatem zwierz\u0119cych instynkt\u00f3w a \u015bwiatem kobiecej si\u0142y i godno\u015bci.<\/p>\n<p>Obecno\u015b\u0107 \u0142up\u00f3w my\u015bliwskich, takich jak ptaki i zaj\u0105ce, ma symboliczne znaczenie, wskazuj\u0105c na triumf Diany jako \u0142owczyni, a jednocze\u015bnie podkre\u015blaj\u0105c obfito\u015b\u0107 i p\u0142odno\u015b\u0107, co Rubens \u0142\u0105czy\u0142 z si\u0142\u0105 natury i pi\u0119knem kobieco\u015bci. Ca\u0142a scena ma idylliczny i celebracyjny charakter, wyra\u017caj\u0105cy obfito\u015b\u0107 natury i zmys\u0142owo\u015b\u0107 cia\u0142a, co by\u0142o typowe dla stylu Rubensa.<\/p>\n<p>Obraz jest wspania\u0142ym przyk\u0142adem klasycznej sztuki inspirowanej mitologi\u0105, ale jednocze\u015bnie uwodz\u0105cym swoj\u0105 zmys\u0142owo\u015bci\u0105 i atmosfer\u0105.<br \/>\nJego monumentalne rozmiary (139 na 175 cm) oraz bogactwo symboliki i mistrzowska gra \u015bwiat\u0142a sprawiaj\u0105, \u017ce b\u0119dzie on znakomit\u0105 ozdob\u0105 eleganckiego salonu, czy stylowej restauracji, nadaj\u0105c wn\u0119trzu wyj\u0105tkowy, klasyczny charakter.<\/p>","protected":false},"excerpt":{"rendered":"<p>\u201ePowr\u00f3t Diany z polowania\u201d wg Rubensa.<br \/>\nKopia obrazu drezde\u0144skiego Petera Paula Rubensa (1577-1640), stworzonego oko\u0142o 1615 r.<br \/>\nPrezentowany obraz, to olej na p\u0142\u00f3tnie, z oko\u0142o 1910 r.<br \/>\nWymiary: 112 x 147 cm, a z ram\u0105: 139 x 175 cm.<br \/>\nNa odwrocie p\u0142\u00f3tna wybita notatka \u201eCopie nach No. 979 der K\u00f6nigl. Gem\u00e4lde Galerie zu Dresden\u201d.<br \/>\nObraz po renowacji. Oprawiony w szerok\u0105, masywn\u0105 d\u0119bow\u0105 ram\u0119 o szeroko\u015bci ok. 14 cm.<\/p>","protected":false},"featured_media":6898,"template":"","meta":{"_monsterinsights_skip_tracking":false,"_monsterinsights_sitenote_active":false,"_monsterinsights_sitenote_note":"","_monsterinsights_sitenote_category":0,"_themeisle_gutenberg_block_has_review":false},"product_cat":[39],"product_tag":[295],"class_list":["post-6895","product","type-product","status-publish","has-post-thumbnail","hentry","product_cat-obrazy","product_tag-artysta-mniej-znany"],"aioseo_notices":[],"_links":{"self":[{"href":"https:\/\/kwintesencja.art\/en\/wp-json\/wp\/v2\/product\/6895","targetHints":{"allow":["GET"]}}],"collection":[{"href":"https:\/\/kwintesencja.art\/en\/wp-json\/wp\/v2\/product"}],"about":[{"href":"https:\/\/kwintesencja.art\/en\/wp-json\/wp\/v2\/types\/product"}],"wp:featuredmedia":[{"embeddable":true,"href":"https:\/\/kwintesencja.art\/en\/wp-json\/wp\/v2\/media\/6898"}],"wp:attachment":[{"href":"https:\/\/kwintesencja.art\/en\/wp-json\/wp\/v2\/media?parent=6895"}],"wp:term":[{"taxonomy":"product_cat","embeddable":true,"href":"https:\/\/kwintesencja.art\/en\/wp-json\/wp\/v2\/product_cat?post=6895"},{"taxonomy":"product_tag","embeddable":true,"href":"https:\/\/kwintesencja.art\/en\/wp-json\/wp\/v2\/product_tag?post=6895"}],"curies":[{"name":"wp","href":"https:\/\/api.w.org\/{rel}","templated":true}]}}