{"id":6856,"date":"2024-09-25T18:31:41","date_gmt":"2024-09-25T16:31:41","guid":{"rendered":"https:\/\/kwintesencja.art\/?post_type=product&#038;p=6856"},"modified":"2025-01-23T15:15:26","modified_gmt":"2025-01-23T14:15:26","slug":"portret-mlodej-pieknosci-w-jedwabnej-sukni","status":"publish","type":"product","link":"https:\/\/kwintesencja.art\/en\/product\/portret-mlodej-pieknosci-w-jedwabnej-sukni\/","title":{"rendered":"Portrait of a young beauty in a silk dress"},"content":{"rendered":"<p>Hermann Heinrich Albert Micha\u0142owski, znany r\u00f3wnie\u017c jako Herman von Micha\u0142owski (1860-1903) by\u0142 niemieckim malarzem, cho\u0107 z pewno\u015bci\u0105 posiada\u0142 polskie korzenie. Znany przede wszystkim ze swoich portret\u00f3w i scen rodzajowych. Czerpa\u0142 z polskiej tradycji malarskiej, zapewne by\u0142 on admiratorem i na\u015bladowc\u0105 tw\u00f3rczo\u015bci Henryka Siemiradzkiego. Studiowa\u0142 w Akademii Sztuk Pi\u0119knych w Monachium, gdzie zyska\u0142 uznanie jako utalentowany artysta.<\/p>\n<p>W 1885 roku Micha\u0142owski by\u0142 jednym z pi\u0119ciu artyst\u00f3w, kt\u00f3rzy przybyli do Milwaukee, aby pracowa\u0107 dla American Panorama Company. Grupa ta tworzy\u0142a ogromne panoramiczne p\u0142\u00f3tna przedstawiaj\u0105ce sceny z Wojny Secesyjnej oraz p\u00f3\u017aniejsze motywy religijne.<\/p>\n<p>Za\u0142\u0105czony obraz Micha\u0142owskiego przedstawia m\u0142od\u0105 kobiet\u0119 w r\u00f3\u017cowej szacie. Obraz ten jest przyk\u0142adem mistrzowskiego opanowania techniki malarskiej przez artyst\u0119. Micha\u0142owski doskonale uchwyci\u0142 subtelne detale twarzy modelki, oddaj\u0105c jej delikatno\u015b\u0107 i jednocze\u015bnie wewn\u0119trzn\u0105 si\u0142\u0119. Jego umiej\u0119tno\u015b\u0107 pracy ze \u015bwiat\u0142em i cieniem oraz precyzyjne oddanie faktury materia\u0142u \u015bwiadcz\u0105 o jego wyj\u0105tkowym talencie.<\/p>\n<p>Micha\u0142owski zyska\u0142 popularno\u015b\u0107 za \u017cycia i jego prace by\u0142y poszukiwane przez kolekcjoner\u00f3w i mi\u0142o\u015bnik\u00f3w sztuki. Jego obrazy s\u0105 cenione za ich techniczn\u0105 doskona\u0142o\u015b\u0107 oraz zdolno\u015b\u0107 do oddania psychologicznej g\u0142\u0119bi portretowanych postaci. Dzie\u0142a Hermanna V. Micha\u0142owskiego s\u0105 do dzi\u015b poszukiwane na rynku sztuki, a jego tw\u00f3rczo\u015b\u0107 jest ceniona zar\u00f3wno w Polsce, jak i za granic\u0105.<\/p>\n<p>&nbsp;<\/p>","protected":false},"excerpt":{"rendered":"<p>Portret m\u0142odej pi\u0119kno\u015bci w jedwabnej sukni, 1896<br \/>\nOlej na p\u0142\u00f3tnie<br \/>\nWymiary: 50,2 cm x 40,7 cm, 63 cm x 53,5 cm (z ram\u0105)<br \/>\nSygnatura \u201eHerm. Michalowski 96\u201d<\/p>","protected":false},"featured_media":7368,"template":"","meta":{"_monsterinsights_skip_tracking":false,"_monsterinsights_sitenote_active":false,"_monsterinsights_sitenote_note":"","_monsterinsights_sitenote_category":0,"_themeisle_gutenberg_block_has_review":false},"product_cat":[39],"product_tag":[312],"class_list":["post-6856","product","type-product","status-publish","has-post-thumbnail","hentry","product_cat-obrazy","product_tag-michalowski-herman","product_shipping_class-rodzaj-wysylki-3"],"aioseo_notices":[],"_links":{"self":[{"href":"https:\/\/kwintesencja.art\/en\/wp-json\/wp\/v2\/product\/6856","targetHints":{"allow":["GET"]}}],"collection":[{"href":"https:\/\/kwintesencja.art\/en\/wp-json\/wp\/v2\/product"}],"about":[{"href":"https:\/\/kwintesencja.art\/en\/wp-json\/wp\/v2\/types\/product"}],"wp:featuredmedia":[{"embeddable":true,"href":"https:\/\/kwintesencja.art\/en\/wp-json\/wp\/v2\/media\/7368"}],"wp:attachment":[{"href":"https:\/\/kwintesencja.art\/en\/wp-json\/wp\/v2\/media?parent=6856"}],"wp:term":[{"taxonomy":"product_cat","embeddable":true,"href":"https:\/\/kwintesencja.art\/en\/wp-json\/wp\/v2\/product_cat?post=6856"},{"taxonomy":"product_tag","embeddable":true,"href":"https:\/\/kwintesencja.art\/en\/wp-json\/wp\/v2\/product_tag?post=6856"}],"curies":[{"name":"wp","href":"https:\/\/api.w.org\/{rel}","templated":true}]}}