{"id":6851,"date":"2024-09-25T18:21:31","date_gmt":"2024-09-25T16:21:31","guid":{"rendered":"https:\/\/kwintesencja.art\/?post_type=product&#038;p=6851"},"modified":"2025-12-01T10:32:46","modified_gmt":"2025-12-01T09:32:46","slug":"martwa-natura-3","status":"publish","type":"product","link":"https:\/\/kwintesencja.art\/en\/product\/martwa-natura-3\/","title":{"rendered":"Still life"},"content":{"rendered":"<p>Adolf Milich (1884\u20131964) by\u0142 polskim malarzem, kt\u00f3rego dzieci\u0144stwo up\u0142yn\u0119\u0142o w \u0141odzi, gdzie po raz pierwszy zetkn\u0105\u0142 si\u0119 z lokalnym \u015brodowiskiem artystycznym. Swoje formalne wykszta\u0142cenie artystyczne rozpocz\u0105\u0142 w Szkole Sztuk Pi\u0119knych w Warszawie (1901-1902), a nast\u0119pnie kontynuowa\u0142 nauk\u0119 w Monachium (1903-1904) i Pary\u017cu. W latach 1905-1915 przebywa\u0142 we W\u0142oszech, gdzie ch\u0142on\u0105\u0142 wp\u0142ywy renesansowych mistrz\u00f3w, co mia\u0142o istotny wp\u0142yw na jego p\u00f3\u017aniejsz\u0105 tw\u00f3rczo\u015b\u0107. Kolejne lata sp\u0119dzi\u0142 w Szwajcarii (1916-1920), gdzie w 1952 roku otrzyma\u0142 obywatelstwo Lugano.<br \/>\nW 1920 roku Milich osiad\u0142 na sta\u0142e w Pary\u017cu, gdzie sta\u0142 si\u0119 aktywnym cz\u0142onkiem Zwi\u0105zku Zawodowego Malarzy i Rze\u017abiarzy Polskich. W okresie II wojny \u015bwiatowej powr\u00f3ci\u0142 do Szwajcarii, unikaj\u0105c chaosu wojny.<\/p>\n<p>Tw\u00f3rczo\u015b\u0107 Milicha charakteryzuje si\u0119 klasycznym podej\u015bciem do kompozycji, oszcz\u0119dno\u015bci\u0105 \u015brodk\u00f3w wyrazu oraz intensywnymi, pe\u0142nymi blasku barwami. Artysta preferowa\u0142 tradycyjne podej\u015bcie do sztuki, stroni\u0105c od awangardowych ruch\u00f3w, koncentruj\u0105c si\u0119 na studiowaniu mistrz\u00f3w dawnych i wsp\u00f3\u0142czesnych. Jego prace to g\u0142\u00f3wnie pejza\u017ce, z naciskiem na motywy \u015br\u00f3dziemnomorskie, ale tak\u017ce martwe natury, kt\u00f3re wyr\u00f3\u017cniaj\u0105 si\u0119 starannie przemy\u015blan\u0105 kompozycj\u0105 i subteln\u0105 gr\u0105 \u015bwiat\u0142a.<\/p>\n<p>Adolf Milich pozostawi\u0142 po sobie bogaty dorobek, kt\u00f3ry jest doceniany za jego mistrzowskie podej\u015bcie do koloru i formy, a tak\u017ce za wierne oddanie pi\u0119kna natury i przedmiot\u00f3w codziennego u\u017cytku.<\/p>","protected":false},"excerpt":{"rendered":"<p>Olej, p\u0142\u00f3tno<br \/>\nWymiary: 41 x 51 cm, 50 x 60 cm (z ram\u0105)<br \/>\nsygnowany l.d.: &#8216;Milich&#8217;<br \/>\nRama posiada ubytki, do konserwacji.<\/p>","protected":false},"featured_media":7088,"template":"","meta":{"_monsterinsights_skip_tracking":false,"_monsterinsights_sitenote_active":false,"_monsterinsights_sitenote_note":"","_monsterinsights_sitenote_category":0,"_themeisle_gutenberg_block_has_review":false},"product_cat":[39],"product_tag":[310,350],"class_list":["post-6851","product","type-product","status-publish","has-post-thumbnail","hentry","product_cat-obrazy","product_tag-milich-adolf","product_tag-wyprzedaz","product_shipping_class-rodzaj-wysylki-3"],"aioseo_notices":[],"_links":{"self":[{"href":"https:\/\/kwintesencja.art\/en\/wp-json\/wp\/v2\/product\/6851","targetHints":{"allow":["GET"]}}],"collection":[{"href":"https:\/\/kwintesencja.art\/en\/wp-json\/wp\/v2\/product"}],"about":[{"href":"https:\/\/kwintesencja.art\/en\/wp-json\/wp\/v2\/types\/product"}],"wp:featuredmedia":[{"embeddable":true,"href":"https:\/\/kwintesencja.art\/en\/wp-json\/wp\/v2\/media\/7088"}],"wp:attachment":[{"href":"https:\/\/kwintesencja.art\/en\/wp-json\/wp\/v2\/media?parent=6851"}],"wp:term":[{"taxonomy":"product_cat","embeddable":true,"href":"https:\/\/kwintesencja.art\/en\/wp-json\/wp\/v2\/product_cat?post=6851"},{"taxonomy":"product_tag","embeddable":true,"href":"https:\/\/kwintesencja.art\/en\/wp-json\/wp\/v2\/product_tag?post=6851"}],"curies":[{"name":"wp","href":"https:\/\/api.w.org\/{rel}","templated":true}]}}