{"id":6844,"date":"2024-09-25T18:16:33","date_gmt":"2024-09-25T16:16:33","guid":{"rendered":"https:\/\/kwintesencja.art\/?post_type=product&#038;p=6844"},"modified":"2025-06-02T21:38:58","modified_gmt":"2025-06-02T19:38:58","slug":"kobieta-z-winogronami","status":"publish","type":"product","link":"https:\/\/kwintesencja.art\/en\/product\/kobieta-z-winogronami\/","title":{"rendered":"Kobieta z winogronami"},"content":{"rendered":"<p>Katarzyna Szyd\u0142owska (ur. 1969) uko\u0144czy\u0142a studia w Europejskiej Akademii Sztuk pod kierunkiem Jerzego Dudy Gracza, Antoniego Fa\u0142ata oraz Franciszka Starowieyskiego. Dyplom w 1998 r. Artystk\u0119 fascynuje przede wszystkim kobieta &#8211; jej pi\u0119kno, zmys\u0142owo\u015b\u0107. Wystawia\u0142a w ca\u0142ej Polsce, a tak\u017ce w Chicago, Nowym Jorku, Amsterdamie, Kolonii, D\u00fbsseldorfie, Hamburgu, Londynie. Jej prace znajduj\u0105 si\u0119 w wielu kolekcjach prywatnych w kraju i za granic\u0105.<\/p>\n<p>\u201eMaluj\u0105c akty niezmiennie trwam w zachwycie nad pi\u0119knem ludzkiego cia\u0142a, kt\u00f3re w\u015br\u00f3d wszystkich przejaw\u00f3w nietrwa\u0142o\u015bci jest najwra\u017cliwszym, jedynym \u017ar\u00f3d\u0142em wszelkiej rado\u015bci, wszelkiego b\u00f3lu i wszelkiej prawdy.\u201d<\/p>\n<p>Twierdzi, \u017ce dzi\u0119ki malarstwu narodzi\u0142a si\u0119 na nowo. Bez niego nie potrafi\u0142aby \u017cy\u0107, jest dla niej jak powietrze i &#8230;. narkotyk. Maluje jak najwi\u0119cej i codziennie. Jej akty s\u0105 w kolorze sepii, niemal\u017ce monochromatyczne. We wcze\u015bniejszych pracach t\u0142o stanowi\u0142y prawie puste pomieszczenia. Teraz jej kobiety pojawiaj\u0105 si\u0119 w pejza\u017cu. Wywo\u0142uj\u0105 uczucie nostalgii i zadumy.<\/p>","protected":false},"excerpt":{"rendered":"<p>Olej na p\u0142\u00f3tnie, praca oprawiona w pi\u0119kna ram\u0119<br \/>\nWymiary: 131 x 46 cm, 146,5 x 72,5 cm (z opraw\u0105)<br \/>\nSygnowana ld: &#8216;Szyd\u0142owska 20023&#8217;<br \/>\nNa odwrocie etykieta: Galeria Sztuki Katarzyny Napi\u00f3rkowskiej<\/p>","protected":false},"featured_media":6847,"template":"","meta":{"_monsterinsights_skip_tracking":false,"_monsterinsights_sitenote_active":false,"_monsterinsights_sitenote_note":"","_monsterinsights_sitenote_category":0,"_themeisle_gutenberg_block_has_review":false},"product_cat":[39],"product_tag":[309],"class_list":["post-6844","product","type-product","status-publish","has-post-thumbnail","hentry","product_cat-obrazy","product_tag-szydlowska-katarzyna","product_shipping_class-rodzaj-wysylki-3"],"aioseo_notices":[],"_links":{"self":[{"href":"https:\/\/kwintesencja.art\/en\/wp-json\/wp\/v2\/product\/6844","targetHints":{"allow":["GET"]}}],"collection":[{"href":"https:\/\/kwintesencja.art\/en\/wp-json\/wp\/v2\/product"}],"about":[{"href":"https:\/\/kwintesencja.art\/en\/wp-json\/wp\/v2\/types\/product"}],"wp:featuredmedia":[{"embeddable":true,"href":"https:\/\/kwintesencja.art\/en\/wp-json\/wp\/v2\/media\/6847"}],"wp:attachment":[{"href":"https:\/\/kwintesencja.art\/en\/wp-json\/wp\/v2\/media?parent=6844"}],"wp:term":[{"taxonomy":"product_cat","embeddable":true,"href":"https:\/\/kwintesencja.art\/en\/wp-json\/wp\/v2\/product_cat?post=6844"},{"taxonomy":"product_tag","embeddable":true,"href":"https:\/\/kwintesencja.art\/en\/wp-json\/wp\/v2\/product_tag?post=6844"}],"curies":[{"name":"wp","href":"https:\/\/api.w.org\/{rel}","templated":true}]}}