{"id":6690,"date":"2024-08-04T20:07:25","date_gmt":"2024-08-04T18:07:25","guid":{"rendered":"https:\/\/kwintesencja.art\/?post_type=product&#038;p=6690"},"modified":"2024-10-07T19:19:04","modified_gmt":"2024-10-07T17:19:04","slug":"pejzaz-3-2","status":"publish","type":"product","link":"https:\/\/kwintesencja.art\/en\/product\/pejzaz-3-2\/","title":{"rendered":"Pejza\u017c (3)"},"content":{"rendered":"<p>Roman Kochanowski (Krak\u00f3w 1857 &#8211; Freising k. Monachium 1945) &#8211; malarz i grafik &#8211; by\u0142 jednym z polskich artyst\u00f3w osiad\u0142ych i sta\u0142e dzia\u0142aj\u0105cych w Monachium. Studia malarskie rozpocz\u0105\u0142 w Krakowie; pocz\u0105tkowo w prywatnej pracowni Maksymiliana Cercha, a w latach 1873- 1875 w Szkole Sztuk Pi\u0119knych u W\u0142adys\u0142awa \u0141uszczkiewicza i pejza\u017cysty Henryka Grabi\u0144skiego. Przez nast\u0119pne dwa lata uczy\u0142 si\u0119 jeszcze na wydziale pejza\u017cu w Akademii wiede\u0144skiej. W 1881 przeni\u00f3s\u0142 si\u0119 do Monachium, gdzie mia\u0142 w\u0142asn\u0105 pracowni\u0119, a niebawem za\u0142o\u017cy\u0142 rodzin\u0119. Cz\u0119sto jednak przyje\u017cd\u017ca\u0142 do Krakowa, bywa\u0142 w Pozna\u0144skiem, odby\u0142 podr\u00f3\u017c po Galicji i Podolu, rysuj\u0105c krajobrazy i widoki miast, kt\u00f3re wesz\u0142y nast\u0119pnie do albumu wydanego w Wiedniu w roku 1898. Artysta nale\u017ca\u0142 do monachijskiego Kunstvereinu, bra\u0142 udzia\u0142 w wielu wystawach w Niemczech, w Wiedniu, w Londynie; swoje prace przesy\u0142a\u0142 te\u017c na pokazy krajowe. Malowa\u0142 przede wszystkim pejza\u017ce a tylko z rzadka kwiaty i portrety. Sta\u0142ym i ulubionym motywem jego obraz\u00f3w by\u0142 polski, podkrakowski krajobraz z wplecionymi we\u0144 postaciami ludzi. Obrazy artysty, malowane cz\u0119sto na niewielkich deseczkach, pozbawione warstwy anegdotycznej odznaczaj\u0105 si\u0119 niecodziennymi walorami malarskimi, harmoni\u0105 koloru i pe\u0142nym liryzmu nastrojem. Zauwa\u017cane i nagradzane na licznych wystawach by\u0142y te\u017c wysoko cenione na rynku sztuki. W roku 1892, po wystawie w Wiedniu, jeden z obraz\u00f3w Kochanowskiego zakupi\u0142 do swoich zbior\u00f3w cesarz Franciszek J\u00f3zef; dwa inne nabyli cz\u0142onkowie cesarskiej rodziny. Wielbicielem jego malarstwa by\u0142 Karol J\u00f3zef Luitpold, ksi\u0105\u017c\u0119 regent Bawarii. Wielka wra\u017cliwo\u015b\u0107 artysty na krajobraz i przyrod\u0119 widoczna jest tak\u017ce w jego rysunkach i akwafortach.<br \/>\nTw\u00f3rczo\u015b\u0107 Kochanowskiego przypomnia\u0142a ostatnio monograficzna wystawa jego prac zorganizowana w Muzeum im. Jacka Malczewskiego w Radomiu w roku 2007. Wystawie \u2013 pokazywanej te\u017c w Katowicach, Sandomierzu, Szczecinie, Gda\u0144sku, Piotrkowie Trybunalskim \u2013 towarzyszy\u0142 bogato ilustrowany katalog, b\u0119d\u0105cy kompendium wiedzy o arty\u015bcie (patrz: Roman Kochanowski [1857-1945]. W 150. rocznic\u0119 urodzin, [redakcja i opracowanie Z. K. Posiada\u0142a], Muzeum im. Jacka Malczewskiego w Radomiu, Radom 2007). (\u017ar\u00f3d\u0142o Agra-Art)<\/p>","protected":false},"excerpt":{"rendered":"<p>O\u0142\u00f3wek, w\u0119giel na papierze<br \/>\nWymiary: w \u015bw p-p: 14,5 x 20,5 cm, 30 x 36 cm (z opraw\u0105), szyba antyrefleksyjna<br \/>\nSygn. p.d.: RK<\/p>","protected":false},"featured_media":6692,"template":"","meta":{"_monsterinsights_skip_tracking":false,"_monsterinsights_sitenote_active":false,"_monsterinsights_sitenote_note":"","_monsterinsights_sitenote_category":0,"_themeisle_gutenberg_block_has_review":false},"product_cat":[39],"product_tag":[303],"class_list":["post-6690","product","type-product","status-publish","has-post-thumbnail","hentry","product_cat-obrazy","product_tag-kochanowski-roman","product_shipping_class-rodzaj-wysylki-2"],"aioseo_notices":[],"_links":{"self":[{"href":"https:\/\/kwintesencja.art\/en\/wp-json\/wp\/v2\/product\/6690","targetHints":{"allow":["GET"]}}],"collection":[{"href":"https:\/\/kwintesencja.art\/en\/wp-json\/wp\/v2\/product"}],"about":[{"href":"https:\/\/kwintesencja.art\/en\/wp-json\/wp\/v2\/types\/product"}],"wp:featuredmedia":[{"embeddable":true,"href":"https:\/\/kwintesencja.art\/en\/wp-json\/wp\/v2\/media\/6692"}],"wp:attachment":[{"href":"https:\/\/kwintesencja.art\/en\/wp-json\/wp\/v2\/media?parent=6690"}],"wp:term":[{"taxonomy":"product_cat","embeddable":true,"href":"https:\/\/kwintesencja.art\/en\/wp-json\/wp\/v2\/product_cat?post=6690"},{"taxonomy":"product_tag","embeddable":true,"href":"https:\/\/kwintesencja.art\/en\/wp-json\/wp\/v2\/product_tag?post=6690"}],"curies":[{"name":"wp","href":"https:\/\/api.w.org\/{rel}","templated":true}]}}