{"id":6569,"date":"2024-06-06T21:47:41","date_gmt":"2024-06-06T19:47:41","guid":{"rendered":"https:\/\/kwintesencja.art\/?post_type=product&#038;p=6569"},"modified":"2024-08-01T11:25:16","modified_gmt":"2024-08-01T09:25:16","slug":"latawiec","status":"publish","type":"product","link":"https:\/\/kwintesencja.art\/en\/product\/latawiec\/","title":{"rendered":"Latawiec"},"content":{"rendered":"<p>Andrzej Umiastowski (ur. 1956 w Sopocie) jest uznanym polskim malarzem i grafikiem, kt\u00f3ry zyska\u0142 rozg\u0142os zar\u00f3wno w Polsce, jak i na arenie mi\u0119dzynarodowej. Jego prace s\u0105 cenione za unikalny styl, kt\u00f3ry \u0142\u0105czy elementy surrealizmu i ekspresjonizmu, cz\u0119sto ukazuj\u0105c postacie w dynamicznych, kolorowych kompozycjach.<\/p>\n<p>Andrzej Umiastowski uko\u0144czy\u0142 malarstwo na Pa\u0144stwowej Wy\u017cszej Szkole Sztuk Plastycznych w Gda\u0144sku w 1984 roku, gdzie studiowa\u0142 w pracowni prof. Jerzego Zab\u0142ockiego. Jego tw\u00f3rczo\u015b\u0107 szybko zyska\u0142a uznanie, co zaowocowa\u0142o udzia\u0142em w wielu presti\u017cowych wystawach.<\/p>\n<p>Tw\u00f3rczo\u015b\u0107 Umiastowskiego jest silnie zwi\u0105zana z natur\u0105, co odzwierciedla jego \u017cycie na wsi w Koleczkowie ko\u0142o Tr\u00f3jmiasta. Pory roku i zmieniaj\u0105ce si\u0119 \u015bwiat\u0142o wywieraj\u0105 znacz\u0105cy wp\u0142yw na jego prace. Artysta cz\u0119sto przedstawia ludzi w codziennych sytuacjach, ukazuj\u0105c ich z du\u017c\u0105 doz\u0105 humoru, ale i czu\u0142o\u015bci. Jego postacie, cho\u0107 przerysowane i groteskowe, s\u0105 pe\u0142ne \u017cycia i emocji.<\/p>\n<p>Andrzej Umiastowski bra\u0142 udzia\u0142 w licznych wystawach zar\u00f3wno w Polsce, jak i za granic\u0105. Jego prace by\u0142y prezentowane m.in. w Belgii, Francji, a tak\u017ce w r\u00f3\u017cnych miastach Polski. By\u0142 r\u00f3wnie\u017c regularnie wystawiany w galerii Triada w Sopocie, gdzie odby\u0142y si\u0119 jego liczne wystawy indywidualne.<\/p>\n<p>Andrzej Umiastowski to artysta, kt\u00f3rego prace pozostawiaj\u0105 trwa\u0142y \u015blad w \u015bwiadomo\u015bci odbiorc\u00f3w, ukazuj\u0105c z\u0142o\u017cono\u015b\u0107 ludzkiej natury w kontek\u015bcie zmieniaj\u0105cego si\u0119 \u015bwiata.<\/p>","protected":false},"excerpt":{"rendered":"<p>Olej na p\u0142\u00f3tnie, wymiary: 117 x 96 cm,<br \/>\nRok 1999, Sygnatura, l.d.: A.Umiastowski 99<br \/>\nPraca oprawiona w pi\u0119kn\u0105 ram\u0119<\/p>","protected":false},"featured_media":6570,"template":"","meta":{"_monsterinsights_skip_tracking":false,"_monsterinsights_sitenote_active":false,"_monsterinsights_sitenote_note":"","_monsterinsights_sitenote_category":0,"_themeisle_gutenberg_block_has_review":false},"product_cat":[39],"product_tag":[],"class_list":["post-6569","product","type-product","status-publish","has-post-thumbnail","hentry","product_cat-obrazy","product_shipping_class-rodzaj-wysylki-3"],"aioseo_notices":[],"_links":{"self":[{"href":"https:\/\/kwintesencja.art\/en\/wp-json\/wp\/v2\/product\/6569","targetHints":{"allow":["GET"]}}],"collection":[{"href":"https:\/\/kwintesencja.art\/en\/wp-json\/wp\/v2\/product"}],"about":[{"href":"https:\/\/kwintesencja.art\/en\/wp-json\/wp\/v2\/types\/product"}],"wp:featuredmedia":[{"embeddable":true,"href":"https:\/\/kwintesencja.art\/en\/wp-json\/wp\/v2\/media\/6570"}],"wp:attachment":[{"href":"https:\/\/kwintesencja.art\/en\/wp-json\/wp\/v2\/media?parent=6569"}],"wp:term":[{"taxonomy":"product_cat","embeddable":true,"href":"https:\/\/kwintesencja.art\/en\/wp-json\/wp\/v2\/product_cat?post=6569"},{"taxonomy":"product_tag","embeddable":true,"href":"https:\/\/kwintesencja.art\/en\/wp-json\/wp\/v2\/product_tag?post=6569"}],"curies":[{"name":"wp","href":"https:\/\/api.w.org\/{rel}","templated":true}]}}