{"id":6555,"date":"2024-05-30T11:56:47","date_gmt":"2024-05-30T09:56:47","guid":{"rendered":"https:\/\/kwintesencja.art\/?post_type=product&#038;p=6555"},"modified":"2024-09-22T22:48:01","modified_gmt":"2024-09-22T20:48:01","slug":"two-swallows-dont-make-a-summer","status":"publish","type":"product","link":"https:\/\/kwintesencja.art\/en\/product\/two-swallows-dont-make-a-summer\/","title":{"rendered":"Two Swallows Don\u2019t Make a Summer"},"content":{"rendered":"<p>Wojciech Brewka urodzi\u0142 si\u0119 w 1980 roku w Kaliszu. Jest malarzem, koloryst\u0105, artyst\u0105 street artu, tw\u00f3rc\u0105 wielkopowierzchniowych murali, wsp\u00f3\u0142w\u0142a\u015bcicielem galerii officyna art &amp; design, pomys\u0142odawc\u0105 i producentem Festiwalu Przenikania. Swoj\u0105 przestrze\u0144 warsztatow\u0105 i wystawiennicz\u0105 udost\u0119pnia studentom warszawskiej ASP, utalentowanym muzykom i rze\u017abiarzom, organizatorom sesji naukowych i off-owych dzia\u0142a\u0144 artystycznych. Jest jednym z najbardziej rozpoznawalnych artyst\u00f3w m\u0142odego pokolenia. Charakterystyczny styl malarstwa Wojciecha Brewki \u0142\u0105czy w sobie elementy Urban Art i malarstwa sztalugowego. Artysta cz\u0119sto umieszcza m.in. wizerunki zwierz\u0105t w zaskakuj\u0105cym, kampowym i ironicznym kontek\u015bcie. Wiele jego prac wpisuje si\u0119 w nurt edukacji r\u00f3wno\u015bciowej i ekologicznej, a sam artysta ch\u0119tnie anga\u017cuje si\u0119 w rozmaite akcje charytatywne, wspieraj\u0105ce zar\u00f3wno osoby, jak i zwierz\u0119ta.<\/p>","protected":false},"excerpt":{"rendered":"<p>Tytu\u0142: Two Swallows Don\u2019t Make a Summer<br \/>\nAutor: Wojciech Brewka<br \/>\nTechnika: giclee\/inkografia na papierze<br \/>\nOprawa: Tak, czarna rama, szk\u0142o antyrefleksyjne<br \/>\nPodpis: odr\u0119czny: L.d.:10\/25, P.d.: Brewka<br \/>\nWymiary: 46 x 65 cm + oprawa<br \/>\nCertificate of Authenticity<\/p>","protected":false},"featured_media":6557,"template":"","meta":{"_monsterinsights_skip_tracking":false,"_monsterinsights_sitenote_active":false,"_monsterinsights_sitenote_note":"","_monsterinsights_sitenote_category":0,"_themeisle_gutenberg_block_has_review":false},"product_cat":[41],"product_tag":[139],"class_list":["post-6555","product","type-product","status-publish","has-post-thumbnail","hentry","product_cat-grafiki","product_tag-brewka-wojciech","product_shipping_class-rodzaj-wysylki-2"],"aioseo_notices":[],"_links":{"self":[{"href":"https:\/\/kwintesencja.art\/en\/wp-json\/wp\/v2\/product\/6555","targetHints":{"allow":["GET"]}}],"collection":[{"href":"https:\/\/kwintesencja.art\/en\/wp-json\/wp\/v2\/product"}],"about":[{"href":"https:\/\/kwintesencja.art\/en\/wp-json\/wp\/v2\/types\/product"}],"wp:featuredmedia":[{"embeddable":true,"href":"https:\/\/kwintesencja.art\/en\/wp-json\/wp\/v2\/media\/6557"}],"wp:attachment":[{"href":"https:\/\/kwintesencja.art\/en\/wp-json\/wp\/v2\/media?parent=6555"}],"wp:term":[{"taxonomy":"product_cat","embeddable":true,"href":"https:\/\/kwintesencja.art\/en\/wp-json\/wp\/v2\/product_cat?post=6555"},{"taxonomy":"product_tag","embeddable":true,"href":"https:\/\/kwintesencja.art\/en\/wp-json\/wp\/v2\/product_tag?post=6555"}],"curies":[{"name":"wp","href":"https:\/\/api.w.org\/{rel}","templated":true}]}}