{"id":6504,"date":"2024-05-21T23:36:06","date_gmt":"2024-05-21T21:36:06","guid":{"rendered":"https:\/\/kwintesencja.art\/?post_type=product&#038;p=6504"},"modified":"2025-06-02T21:35:25","modified_gmt":"2025-06-02T19:35:25","slug":"zimowy-pejzaz-tatr","status":"publish","type":"product","link":"https:\/\/kwintesencja.art\/en\/product\/zimowy-pejzaz-tatr\/","title":{"rendered":"Zimowy pejza\u017c Tatr"},"content":{"rendered":"<p>Stanis\u0142aw Dziema\u0144ski (1897 &#8211; 1962)<br \/>\nStudiowa\u0142 w Krakowie &#8211; w szkole Tadeusza B\u0142otnickiego i Stanis\u0142awa D\u0119bickiego oraz na kursach prywatnych Wincentego Wodzinowski. Po 1924 odby\u0142 kilka podr\u00f3\u017cy artystycznych do W\u0142och i Francji. W okresie mi\u0119dzywojennym czynnie uczestniczy\u0142 w \u017cyciu artystycznym i wystawienniczym Krakowa. Od 1954 roku mieszka\u0142 i tworzy\u0142 w Warszawie. Malowa\u0142 przede wszystkim widoki miejskie i pejza\u017ce szczeg\u00f3lnie z Podhala i Tatr.<\/p>","protected":false},"excerpt":{"rendered":"<p>Technika: Akwarela, gwasz<br \/>\nWymiary: 19 x 39 cm,34 x 53,5 cm ( z ram\u0105)<br \/>\nSygnatura: p.d.: St. Dziema\u0144ski<br \/>\nPraca oprawiona w z\u0142ota ram\u0119 (przetarcia)<\/p>","protected":false},"featured_media":6506,"template":"","meta":{"_monsterinsights_skip_tracking":false,"_monsterinsights_sitenote_active":false,"_monsterinsights_sitenote_note":"","_monsterinsights_sitenote_category":0,"_themeisle_gutenberg_block_has_review":false},"product_cat":[39],"product_tag":[295,296],"class_list":["post-6504","product","type-product","status-publish","has-post-thumbnail","hentry","product_cat-obrazy","product_tag-artysta-mniej-znany","product_tag-dziemanski","product_shipping_class-rodzaj-wysylki-3"],"aioseo_notices":[],"_links":{"self":[{"href":"https:\/\/kwintesencja.art\/en\/wp-json\/wp\/v2\/product\/6504","targetHints":{"allow":["GET"]}}],"collection":[{"href":"https:\/\/kwintesencja.art\/en\/wp-json\/wp\/v2\/product"}],"about":[{"href":"https:\/\/kwintesencja.art\/en\/wp-json\/wp\/v2\/types\/product"}],"wp:featuredmedia":[{"embeddable":true,"href":"https:\/\/kwintesencja.art\/en\/wp-json\/wp\/v2\/media\/6506"}],"wp:attachment":[{"href":"https:\/\/kwintesencja.art\/en\/wp-json\/wp\/v2\/media?parent=6504"}],"wp:term":[{"taxonomy":"product_cat","embeddable":true,"href":"https:\/\/kwintesencja.art\/en\/wp-json\/wp\/v2\/product_cat?post=6504"},{"taxonomy":"product_tag","embeddable":true,"href":"https:\/\/kwintesencja.art\/en\/wp-json\/wp\/v2\/product_tag?post=6504"}],"curies":[{"name":"wp","href":"https:\/\/api.w.org\/{rel}","templated":true}]}}