{"id":6500,"date":"2024-05-21T23:25:24","date_gmt":"2024-05-21T21:25:24","guid":{"rendered":"https:\/\/kwintesencja.art\/?post_type=product&#038;p=6500"},"modified":"2024-10-28T10:11:45","modified_gmt":"2024-10-28T09:11:45","slug":"dziewczyna-z-bialym-kogutem","status":"publish","type":"product","link":"https:\/\/kwintesencja.art\/en\/product\/dziewczyna-z-bialym-kogutem\/","title":{"rendered":"Dziewczyna z bia\u0142ym kogutem"},"content":{"rendered":"<p>Wincenty Wodzinowski studia malarskie rozpocz\u0105\u0142 w latach 1880 &#8211; 1881 w warszawskiej Klasie Rysunkowej pod kierunkiem W. Gersona; nast\u0119pnie, w latach 1881 &#8211; 1889 studiowa\u0142 w Szkole Sztuk Pi\u0119knych w Krakowie, m.in. u W.\u0141uszczkiewicza, L.Loefflera F.Cynka i J.Matejki; a w latach 1889-92 w Akademii Sztuk Pi\u0119knych w Monachium u A.Wagnera. W roku 1896 zamieszka\u0142 w Swoszowicach k. Krakowa i zosta\u0142 profesorem malarstwa na Wy\u017cszych Kursach dla Kobiet przy krakowskim Muzeum Techniczno-Przemys\u0142owym. Zaprzyja\u017aniony z I.Korwin-Milewskim, znanym kolekcjonerem i mecenasem sztuki, w latach 1892 &#8211; 1907 pracowa\u0142 g\u0142\u00f3wnie na jego zam\u00f3wienie. We wcze\u015bniejszym okresie malowa\u0142 portrety, p\u00f3\u017aniej przede wszystkim typy ludowe i sceny rodzajowe z \u017cycia podkrakowskiej wsi.<\/p>","protected":false},"excerpt":{"rendered":"<p>Technika: Olej na p\u0142\u00f3tnie<br \/>\nWymiary: 43 x 51 cm, 58 x 65 cm<br \/>\nSygnatura: p.d.: W. Wodzinowski<br \/>\nPraca oprawiona w z\u0142ota ram\u0119<\/p>","protected":false},"featured_media":6501,"template":"","meta":{"_monsterinsights_skip_tracking":false,"_monsterinsights_sitenote_active":false,"_monsterinsights_sitenote_note":"","_monsterinsights_sitenote_category":0,"_themeisle_gutenberg_block_has_review":false},"product_cat":[39],"product_tag":[294],"class_list":["post-6500","product","type-product","status-publish","has-post-thumbnail","hentry","product_cat-obrazy","product_tag-wodzinowski-wincenty","product_shipping_class-rodzaj-wysylki-3"],"aioseo_notices":[],"_links":{"self":[{"href":"https:\/\/kwintesencja.art\/en\/wp-json\/wp\/v2\/product\/6500","targetHints":{"allow":["GET"]}}],"collection":[{"href":"https:\/\/kwintesencja.art\/en\/wp-json\/wp\/v2\/product"}],"about":[{"href":"https:\/\/kwintesencja.art\/en\/wp-json\/wp\/v2\/types\/product"}],"wp:featuredmedia":[{"embeddable":true,"href":"https:\/\/kwintesencja.art\/en\/wp-json\/wp\/v2\/media\/6501"}],"wp:attachment":[{"href":"https:\/\/kwintesencja.art\/en\/wp-json\/wp\/v2\/media?parent=6500"}],"wp:term":[{"taxonomy":"product_cat","embeddable":true,"href":"https:\/\/kwintesencja.art\/en\/wp-json\/wp\/v2\/product_cat?post=6500"},{"taxonomy":"product_tag","embeddable":true,"href":"https:\/\/kwintesencja.art\/en\/wp-json\/wp\/v2\/product_tag?post=6500"}],"curies":[{"name":"wp","href":"https:\/\/api.w.org\/{rel}","templated":true}]}}