{"id":6452,"date":"2024-05-15T20:01:01","date_gmt":"2024-05-15T18:01:01","guid":{"rendered":"https:\/\/kwintesencja.art\/?post_type=product&#038;p=6452"},"modified":"2024-07-28T22:01:10","modified_gmt":"2024-07-28T20:01:10","slug":"infantka","status":"publish","type":"product","link":"https:\/\/kwintesencja.art\/en\/product\/infantka\/","title":{"rendered":"Infantka"},"content":{"rendered":"<p>Tomasz S\u0119towski (ur. 1961) Malarz i grafik pochodz\u0105cy z Cz\u0119stochowy. Uko\u0144czy\u0142 studia plastyczne w cz\u0119stochowskiej Wy\u017cszej Szkole Pedagogicznej, cho\u0107 jak sam twierdzi, jest malarskim samoukiem. Na tle strefowo przedstawianego pejza\u017cu umieszcza fantastyczne postaci, cz\u0119sto w strojach i nakryciach g\u0142owy imituj\u0105cych architektur\u0119, g\u0142\u00f3wnie gotyckie zamki i wie\u017ce. Jego malarstwo okre\u015blane jest jako realizm magiczny. Pos\u0142uguje si\u0119 p\u0142asko k\u0142adzion\u0105 plam\u0105 barwn\u0105, z niezwyk\u0142\u0105 precyzj\u0105 i szczeg\u00f3\u0142owo\u015bci\u0105 oddaje detale, co tworzy prace silnie dekoracyjne. Obrazy artysty pokazane by\u0142y na og\u00f3lnopolskiej wystawie &#8220;Surreali\u015bci polscy&#8221; prezentowanej w latach 1995-1997. Prezentowa\u0142 swoje prace tak\u017ce na wielu wystawach indywidualnych w Polsce i za granic\u0105 (m.in. w Nowym Jorku i Dubaju). W Cz\u0119stochowie prowadzi galeri\u0119 autorsk\u0105 nazwan\u0105 Muzeum Wyobra\u017ani. Obrazy artysty znajduj\u0105 si\u0119 wielu znacz\u0105cych kolekcjach prywatnych i muzealnych m.in. w Muzeum Morskim w Gda\u0144sku, w Muzeum Sztuki Fantastycznej w Szwajcarii. Jego dzie\u0142a wielokrotnie zdobi\u0142y ok\u0142adki pism i ksi\u0105\u017cek.<\/p>","protected":false},"excerpt":{"rendered":"<p>Tytu\u0142: Infantka<br \/>\nWymiary: w \u015bw p-p: 28 x 28 cm, 40 x 40 cm z ram\u0105<br \/>\nTechnika: akwaforta na papierze<br \/>\nSygnatura: T. S\u0119towski, akwaforta, E\/A (edycja limitowana autorska)<br \/>\nCertificate of Authenticity<\/p>","protected":false},"featured_media":6477,"template":"","meta":{"_monsterinsights_skip_tracking":false,"_monsterinsights_sitenote_active":false,"_monsterinsights_sitenote_note":"","_monsterinsights_sitenote_category":0,"_themeisle_gutenberg_block_has_review":false},"product_cat":[41],"product_tag":[69],"class_list":["post-6452","product","type-product","status-publish","has-post-thumbnail","hentry","product_cat-grafiki","product_tag-setowski-tomasz","product_shipping_class-rodzaj-wysylki-3"],"aioseo_notices":[],"_links":{"self":[{"href":"https:\/\/kwintesencja.art\/en\/wp-json\/wp\/v2\/product\/6452","targetHints":{"allow":["GET"]}}],"collection":[{"href":"https:\/\/kwintesencja.art\/en\/wp-json\/wp\/v2\/product"}],"about":[{"href":"https:\/\/kwintesencja.art\/en\/wp-json\/wp\/v2\/types\/product"}],"wp:featuredmedia":[{"embeddable":true,"href":"https:\/\/kwintesencja.art\/en\/wp-json\/wp\/v2\/media\/6477"}],"wp:attachment":[{"href":"https:\/\/kwintesencja.art\/en\/wp-json\/wp\/v2\/media?parent=6452"}],"wp:term":[{"taxonomy":"product_cat","embeddable":true,"href":"https:\/\/kwintesencja.art\/en\/wp-json\/wp\/v2\/product_cat?post=6452"},{"taxonomy":"product_tag","embeddable":true,"href":"https:\/\/kwintesencja.art\/en\/wp-json\/wp\/v2\/product_tag?post=6452"}],"curies":[{"name":"wp","href":"https:\/\/api.w.org\/{rel}","templated":true}]}}