{"id":6431,"date":"2024-05-15T19:04:56","date_gmt":"2024-05-15T17:04:56","guid":{"rendered":"https:\/\/kwintesencja.art\/?post_type=product&#038;p=6431"},"modified":"2024-08-31T19:33:37","modified_gmt":"2024-08-31T17:33:37","slug":"plac-zamkowy-w-warszawie","status":"publish","type":"product","link":"https:\/\/kwintesencja.art\/en\/product\/plac-zamkowy-w-warszawie\/","title":{"rendered":"Plac Zamkowy w Warszawie"},"content":{"rendered":"","protected":false},"excerpt":{"rendered":"<p>Artysta nierozpoznany, Plac Zamkowy w Warszawie<br \/>\nOlej na p\u0142\u00f3tnie, wymiary: 76 x 93 cm<br \/>\nSygnatura l.d. &#8211; nierozczytana<br \/>\nNa odwrocie naklejka zak\u0142adu stolarskiego &#8211; \u0141\u00f3d\u017a<\/p>","protected":false},"featured_media":6436,"template":"","meta":{"_monsterinsights_skip_tracking":false,"_monsterinsights_sitenote_active":false,"_monsterinsights_sitenote_note":"","_monsterinsights_sitenote_category":0,"_themeisle_gutenberg_block_has_review":false},"product_cat":[39],"product_tag":[280],"class_list":["post-6431","product","type-product","status-publish","has-post-thumbnail","hentry","product_cat-obrazy","product_tag-artysta-nierozpoznany","product_shipping_class-rodzaj-wysylki-3"],"aioseo_notices":[],"_links":{"self":[{"href":"https:\/\/kwintesencja.art\/en\/wp-json\/wp\/v2\/product\/6431","targetHints":{"allow":["GET"]}}],"collection":[{"href":"https:\/\/kwintesencja.art\/en\/wp-json\/wp\/v2\/product"}],"about":[{"href":"https:\/\/kwintesencja.art\/en\/wp-json\/wp\/v2\/types\/product"}],"wp:featuredmedia":[{"embeddable":true,"href":"https:\/\/kwintesencja.art\/en\/wp-json\/wp\/v2\/media\/6436"}],"wp:attachment":[{"href":"https:\/\/kwintesencja.art\/en\/wp-json\/wp\/v2\/media?parent=6431"}],"wp:term":[{"taxonomy":"product_cat","embeddable":true,"href":"https:\/\/kwintesencja.art\/en\/wp-json\/wp\/v2\/product_cat?post=6431"},{"taxonomy":"product_tag","embeddable":true,"href":"https:\/\/kwintesencja.art\/en\/wp-json\/wp\/v2\/product_tag?post=6431"}],"curies":[{"name":"wp","href":"https:\/\/api.w.org\/{rel}","templated":true}]}}