{"id":6307,"date":"2024-04-22T19:58:34","date_gmt":"2024-04-22T17:58:34","guid":{"rendered":"https:\/\/kwintesencja.art\/?post_type=product&#038;p=6307"},"modified":"2024-06-06T20:24:54","modified_gmt":"2024-06-06T18:24:54","slug":"jacek-sroka-ur-1957-malarz-aktow-orientalnych-2021","status":"publish","type":"product","link":"https:\/\/kwintesencja.art\/en\/product\/jacek-sroka-ur-1957-malarz-aktow-orientalnych-2021\/","title":{"rendered":"Jacek Sroka (ur.1957), Malarz akt\u00f3w orientalnych, 2021"},"content":{"rendered":"<p>Jacek Sroka (ur.1957) &#8211; malarz, grafik i rysownik. Studiowa\u0142 na Wydziale Grafiki Akademii Sztuk Pi\u0119knych w Krakowie,\u00a0 uzyska\u0142 dyplom w Pracowni Miedziorytu Prof. Mieczys\u0142awa Wejmana, w 1981 roku. W latach1981-1988 by\u0142\u00a0 asystentem na Wydziale Grafiki krakowskiej ASP. W 2018 roku prowadzi\u0142 kurs grafiki w Akademii Sztuk Pi\u0119knych Uniwersytetu Tsinghua w Pekinie. W latach 2014 &#8211; 2018 wsp\u00f3\u0142tworzy\u0142 Centrum Grafiki w Nantongu, w Chinach.<br \/>\nWystawia\u0142 obrazy i\u00a0grafiki na studwudziestu pokazach indywidualnych (m.in. w\u00a0Krakowie, Warszawie, Wroc\u0142awiu, Pary\u017cu, Tokio, Berlinie, Reykjaviku, Amsterdamie, Maastricht, San Francisco, Wiedniu, Lyonie, Kurytybie, Pekinie) i\u00a0kilkuset zbiorowych w\u00a0Polsce i\u00a0\u015bwiecie.<br \/>\nPrace artysty znajduj\u0105 si\u0119 w\u00a0zbiorach muzealnych w\u00a0Polsce (m.in. Muzeum Narodowe w\u00a0Krakowie, Muzeum Okr\u0119gowe im. L. Wycz\u00f3\u0142kowskiego w\u00a0Bydgoszczy, Muzeum G\u00f3rno\u015bl\u0105skie, Bytom; Muzeum Sztuki, \u0141\u00f3d\u017a; Muzeum Sztuki Wsp\u00f3\u0142czesnej, Radom, Biblioteka Jagiello\u0144ska,Krak\u00f3w; Zbiory Graficzne PAU, Krak\u00f3w ) i\u00a0w \u015bwiecie (m.in. Metropolitan Museum, Nowy Jork; Graphishe Sammlung Albertina, Wiede\u0144; British Museum, Londyn; National Gallery of Art, Waszyngton; Musee Savoisien, Chambery; Cabinet des Estampes, Bibliotheque National de France, Pary\u017c; Utsunomiya Museum of Art, Utsunomiya;\u00a0 Museu Oscar Niemeyer, Kurytyba; Ningbo Art Museum, Ningbo) oraz licznych kolekcjach prywatnych.<br \/>\nArtysta jest laureatem nagr\u00f3d i\u00a0wyr\u00f3\u017cnie\u0144 m.in. na Biennale Grafiki w\u00a0Mulhouse (1984), Mi\u0119dzynarodowej Wystawie Miniatury w\u00a0Toronto (1986), Graphica Atlantica w\u00a0Reykjaviku (1987), na Biennale Grafiki w\u00a0Vaasa (1987), Grand Prix na Biennale Grafiki w\u00a0Seulu (1988), Nagrody im. I.Trybowskiego na Mi\u0119dzynarodowym Triennale Grafiki w\u00a0Krakowie (1994 ).<br \/>\nNominowany do Paszportu &#8220;Polityki&#8221; w\u00a01996 roku; laureat Nagrody im. Witolda Wojtkiewicza (2001); odznaczony Br\u0105zowym Medalem \u201eGloria Artis\u201d oraz , przyznanym przez ZPAP Okr\u0119g Krakowski Medalem Vive l&#8217;Art. Jest cz\u0142onkiem Polskiej Akademii Umiej\u0119tno\u015bci (2022).<\/p>","protected":false},"excerpt":{"rendered":"<p>Tytu\u0142: Malarz akt\u00f3w orientalnych<br \/>\nAutor: Jacek Sroka<br \/>\nRok: 2021<br \/>\nTechnika: Olej na p\u0142\u00f3tnie<br \/>\nSygnowany na odwrocie<br \/>\nWymiary: 120 x 140 cm<br \/>\nStan zachowania: bardzo dobry<br \/>\nCertificate of Authenticity<\/p>","protected":false},"featured_media":6192,"template":"","meta":{"_monsterinsights_skip_tracking":false,"_monsterinsights_sitenote_active":false,"_monsterinsights_sitenote_note":"","_monsterinsights_sitenote_category":0,"_themeisle_gutenberg_block_has_review":false},"product_cat":[39],"product_tag":[71],"class_list":["post-6307","product","type-product","status-publish","has-post-thumbnail","hentry","product_cat-obrazy","product_tag-sroka-jacek","product_shipping_class-rodzaj-wysylki-3"],"aioseo_notices":[],"_links":{"self":[{"href":"https:\/\/kwintesencja.art\/en\/wp-json\/wp\/v2\/product\/6307","targetHints":{"allow":["GET"]}}],"collection":[{"href":"https:\/\/kwintesencja.art\/en\/wp-json\/wp\/v2\/product"}],"about":[{"href":"https:\/\/kwintesencja.art\/en\/wp-json\/wp\/v2\/types\/product"}],"wp:featuredmedia":[{"embeddable":true,"href":"https:\/\/kwintesencja.art\/en\/wp-json\/wp\/v2\/media\/6192"}],"wp:attachment":[{"href":"https:\/\/kwintesencja.art\/en\/wp-json\/wp\/v2\/media?parent=6307"}],"wp:term":[{"taxonomy":"product_cat","embeddable":true,"href":"https:\/\/kwintesencja.art\/en\/wp-json\/wp\/v2\/product_cat?post=6307"},{"taxonomy":"product_tag","embeddable":true,"href":"https:\/\/kwintesencja.art\/en\/wp-json\/wp\/v2\/product_tag?post=6307"}],"curies":[{"name":"wp","href":"https:\/\/api.w.org\/{rel}","templated":true}]}}