{"id":6173,"date":"2024-04-11T00:04:30","date_gmt":"2024-04-10T22:04:30","guid":{"rendered":"https:\/\/kwintesencja.art\/?post_type=product&#038;p=6173"},"modified":"2024-10-31T22:54:20","modified_gmt":"2024-10-31T21:54:20","slug":"scarlet-witch-iii","status":"publish","type":"product","link":"https:\/\/kwintesencja.art\/en\/product\/scarlet-witch-iii\/","title":{"rendered":"Scarlet Witch III"},"content":{"rendered":"<p>Olga Szewczuk (ur.1991) Absolwentka Akademii Sztuk Pi\u0119knych w Warszawie na Wydziale Grafiki. Zajmuje si\u0119 fotografi\u0105 analogow\u0105, cyfrow\u0105, tradycyjn\u0105 grafik\u0105 warsztatow\u0105 i malarstwem sztalugowym. Bra\u0142a udzia\u0142 w licznych wystawach i plenerach w Polsce i za granic\u0105. W latach 2016\/2017 i 2017\/2018 otrzyma\u0142a stypendium rektora za osi\u0105gni\u0119cia artystyczne.<\/p>","protected":false},"excerpt":{"rendered":"<p>Fotografia cyfrowa, satynowy papier fotograficzny, 2022<br \/>\nWymiary: 50 x 30 cm, w oprawie: 63 x 47 cm<br \/>\nsygn. na odwrocie, edycja limitowana: 1\/3<\/p>","protected":false},"featured_media":6174,"template":"","meta":{"_monsterinsights_skip_tracking":false,"_monsterinsights_sitenote_active":false,"_monsterinsights_sitenote_note":"","_monsterinsights_sitenote_category":0,"_themeisle_gutenberg_block_has_review":false},"product_cat":[41],"product_tag":[283],"class_list":["post-6173","product","type-product","status-publish","has-post-thumbnail","hentry","product_cat-grafiki","product_tag-szewczuk-olga","product_shipping_class-rodzaj-wysylki-2"],"aioseo_notices":[],"_links":{"self":[{"href":"https:\/\/kwintesencja.art\/en\/wp-json\/wp\/v2\/product\/6173","targetHints":{"allow":["GET"]}}],"collection":[{"href":"https:\/\/kwintesencja.art\/en\/wp-json\/wp\/v2\/product"}],"about":[{"href":"https:\/\/kwintesencja.art\/en\/wp-json\/wp\/v2\/types\/product"}],"wp:featuredmedia":[{"embeddable":true,"href":"https:\/\/kwintesencja.art\/en\/wp-json\/wp\/v2\/media\/6174"}],"wp:attachment":[{"href":"https:\/\/kwintesencja.art\/en\/wp-json\/wp\/v2\/media?parent=6173"}],"wp:term":[{"taxonomy":"product_cat","embeddable":true,"href":"https:\/\/kwintesencja.art\/en\/wp-json\/wp\/v2\/product_cat?post=6173"},{"taxonomy":"product_tag","embeddable":true,"href":"https:\/\/kwintesencja.art\/en\/wp-json\/wp\/v2\/product_tag?post=6173"}],"curies":[{"name":"wp","href":"https:\/\/api.w.org\/{rel}","templated":true}]}}