{"id":6121,"date":"2024-04-10T22:19:16","date_gmt":"2024-04-10T20:19:16","guid":{"rendered":"https:\/\/kwintesencja.art\/?post_type=product&#038;p=6121"},"modified":"2024-08-27T12:36:14","modified_gmt":"2024-08-27T10:36:14","slug":"portret-damy-2","status":"publish","type":"product","link":"https:\/\/kwintesencja.art\/en\/product\/portret-damy-2\/","title":{"rendered":"Portret damy"},"content":{"rendered":"<div class=\"flex flex-grow flex-col max-w-full\">\n<div class=\"min-h-[20px] text-message flex flex-col items-start gap-3 whitespace-pre-wrap break-words [.text-message+&amp;]:mt-5 overflow-x-auto\" dir=\"auto\" data-message-author-role=\"assistant\" data-message-id=\"e063ceee-eb5b-44fd-ba01-4a85dcbac6f1\">\n<div class=\"markdown prose w-full break-words dark:prose-invert dark\">\n<p>Jean-Jacques Henner (1829-1905) by\u0142 wybitnym francuskim malarzem, urodzonym 5 marca 1829 roku w Bernwiller, Alzacja. Zmar\u0142 23 lipca 1905 roku w Pary\u017cu. Jest szczeg\u00f3lnie znany ze swojego mistrzowskiego wykorzystania \u015bwiat\u0142a i cienia oraz za unikaln\u0105 zdolno\u015b\u0107 do malowania sk\u00f3ry, co nadawa\u0142o jego postaciom niemal eteryczn\u0105 jako\u015b\u0107. Henner cz\u0119sto malowa\u0142 postacie z mitologii, religijne oraz portrety, z silnym akcentem na nastrojowo\u015b\u0107 i delikatno\u015b\u0107.<\/p>\n<p>Henner studiowa\u0142 w \u00c9cole des Beaux-Arts w Pary\u017cu pod kierunkiem Fran\u00e7ois-\u00c9douard Picota. Jego talent szybko zosta\u0142 dostrze\u017cony, co zaowocowa\u0142o zdobyciem presti\u017cowej nagrody Prix de Rome w 1858 roku, co umo\u017cliwi\u0142o mu studiowanie w Rzymie. Szczeg\u00f3lny wp\u0142yw na niego mieli w\u0142oscy malarze renesansu, tacy jak Tycjan, Rafael i Correggio. Podziwia\u0142 tak\u017ce Holbeina, kt\u00f3rego obraz \u201eMartwy Chrystus\u201d w Muzeum w Bazylei szczeg\u00f3lnie go zachwyci\u0142, oraz francuskich malarzy z pierwszej po\u0142owy XIX wieku, takich jak Ingres, Prud\u2019hon i Corot.<\/p>\n<p>Przez wiele lat mieszka\u0142 i pracowa\u0142 w Rzymie, a po powrocie do Francji kontynuowa\u0142 tworzenie dzie\u0142, kt\u00f3re zyskiwa\u0142y uznanie i popularno\u015b\u0107. Henner by\u0142 szczeg\u00f3lnie ceniony za swoje prace przedstawiaj\u0105ce kobiety o rudych w\u0142osach w tajemniczych, cz\u0119sto melancholijnych sceneriach i mglistej stylistyce malarstwa \u201esfumato\u201d. Jego najbardziej znane dzie\u0142o, &#8220;La Femme au Parapluie&#8221;, jest idealnym przyk\u0142adem jego umiej\u0119tno\u015bci w uchwyceniu subtelno\u015bci ludzkiej urody.<\/p>\n<p>W swojej karierze Henner by\u0142 r\u00f3wnie\u017c nauczycielem, inspiruj\u0105c kolejne pokolenia artyst\u00f3w. Jego prace by\u0142y eksponowane i doceniane na wielu wystawach, w tym na Salonie Paryskim, gdzie regularnie zdobywa\u0142 nagrody.<\/p>\n<p>Po \u015bmierci artysty jego atelier w Pary\u017cu zosta\u0142o przekszta\u0142cone w Mus\u00e9e national Jean-Jacques Henner, muzeum po\u015bwi\u0119cone jego \u017cyciu i tw\u00f3rczo\u015bci, kt\u00f3re do dzisiaj przyci\u0105ga mi\u0142o\u015bnik\u00f3w sztuki z ca\u0142ego \u015bwiata.\u00a0 (<a href=\"https:\/\/musee-henner.fr\/en\">https:\/\/musee-henner.fr\/en<\/a>)<br \/>\nJean-Jacques Henner pozostaje jednym z najbardziej cenionych malarzy francuskich epoki, a jego prace nadal inspiruj\u0105 i fascynuj\u0105 widz\u00f3w swoj\u0105 delikatno\u015bci\u0105 i emocjonaln\u0105 g\u0142\u0119bi\u0105.<\/p>\n<\/div>\n<\/div>\n<\/div>","protected":false},"excerpt":{"rendered":"<p>Olej na p\u0142\u00f3tnie, XIX w<br \/>\nWymiary ok. 33 x 24 cm, z ram\u0105 ok. 47 x 37 cm,<br \/>\nS\u0142abo widoczna sygnatura w lewym g\u00f3rnym rogu,<br \/>\nStan bardzo dobry, nieznaczne przetarcia na ramie<\/p>","protected":false},"featured_media":6123,"template":"","meta":{"_monsterinsights_skip_tracking":false,"_monsterinsights_sitenote_active":false,"_monsterinsights_sitenote_note":"","_monsterinsights_sitenote_category":0,"_themeisle_gutenberg_block_has_review":false},"product_cat":[39],"product_tag":[281],"class_list":["post-6121","product","type-product","status-publish","has-post-thumbnail","hentry","product_cat-obrazy","product_tag-henner-jean-jacques","product_shipping_class-rodzaj-wysylki-3"],"aioseo_notices":[],"_links":{"self":[{"href":"https:\/\/kwintesencja.art\/en\/wp-json\/wp\/v2\/product\/6121","targetHints":{"allow":["GET"]}}],"collection":[{"href":"https:\/\/kwintesencja.art\/en\/wp-json\/wp\/v2\/product"}],"about":[{"href":"https:\/\/kwintesencja.art\/en\/wp-json\/wp\/v2\/types\/product"}],"wp:featuredmedia":[{"embeddable":true,"href":"https:\/\/kwintesencja.art\/en\/wp-json\/wp\/v2\/media\/6123"}],"wp:attachment":[{"href":"https:\/\/kwintesencja.art\/en\/wp-json\/wp\/v2\/media?parent=6121"}],"wp:term":[{"taxonomy":"product_cat","embeddable":true,"href":"https:\/\/kwintesencja.art\/en\/wp-json\/wp\/v2\/product_cat?post=6121"},{"taxonomy":"product_tag","embeddable":true,"href":"https:\/\/kwintesencja.art\/en\/wp-json\/wp\/v2\/product_tag?post=6121"}],"curies":[{"name":"wp","href":"https:\/\/api.w.org\/{rel}","templated":true}]}}