{"id":6097,"date":"2024-04-08T11:23:38","date_gmt":"2024-04-08T09:23:38","guid":{"rendered":"https:\/\/kwintesencja.art\/?post_type=product&#038;p=6097"},"modified":"2024-04-08T11:24:44","modified_gmt":"2024-04-08T09:24:44","slug":"francja-pejzaz-z-dwojgiem-xxw","status":"publish","type":"product","link":"https:\/\/kwintesencja.art\/en\/product\/francja-pejzaz-z-dwojgiem-xxw\/","title":{"rendered":"Francja &#8211; Pejza\u017c z dwojgiem, XXw."},"content":{"rendered":"","protected":false},"excerpt":{"rendered":"<p>Szko\u0142a francuska, XXw, Olej na p\u0142ycie,<br \/>\nWymiary: 46x38cm<\/p>","protected":false},"featured_media":6095,"template":"","meta":{"_monsterinsights_skip_tracking":false,"_monsterinsights_sitenote_active":false,"_monsterinsights_sitenote_note":"","_monsterinsights_sitenote_category":0,"_themeisle_gutenberg_block_has_review":false},"product_cat":[39],"product_tag":[280],"class_list":["post-6097","product","type-product","status-publish","has-post-thumbnail","hentry","product_cat-obrazy","product_tag-artysta-nierozpoznany","product_shipping_class-rodzaj-wysylki-2"],"aioseo_notices":[],"_links":{"self":[{"href":"https:\/\/kwintesencja.art\/en\/wp-json\/wp\/v2\/product\/6097","targetHints":{"allow":["GET"]}}],"collection":[{"href":"https:\/\/kwintesencja.art\/en\/wp-json\/wp\/v2\/product"}],"about":[{"href":"https:\/\/kwintesencja.art\/en\/wp-json\/wp\/v2\/types\/product"}],"wp:featuredmedia":[{"embeddable":true,"href":"https:\/\/kwintesencja.art\/en\/wp-json\/wp\/v2\/media\/6095"}],"wp:attachment":[{"href":"https:\/\/kwintesencja.art\/en\/wp-json\/wp\/v2\/media?parent=6097"}],"wp:term":[{"taxonomy":"product_cat","embeddable":true,"href":"https:\/\/kwintesencja.art\/en\/wp-json\/wp\/v2\/product_cat?post=6097"},{"taxonomy":"product_tag","embeddable":true,"href":"https:\/\/kwintesencja.art\/en\/wp-json\/wp\/v2\/product_tag?post=6097"}],"curies":[{"name":"wp","href":"https:\/\/api.w.org\/{rel}","templated":true}]}}