{"id":6079,"date":"2024-04-08T10:46:57","date_gmt":"2024-04-08T08:46:57","guid":{"rendered":"https:\/\/kwintesencja.art\/?post_type=product&#038;p=6079"},"modified":"2024-08-25T22:18:59","modified_gmt":"2024-08-25T20:18:59","slug":"orfeusz","status":"publish","type":"product","link":"https:\/\/kwintesencja.art\/en\/product\/orfeusz\/","title":{"rendered":"Orfeusz"},"content":{"rendered":"<p><strong>Andr\u00e9 Masson<\/strong> (Francuz, 1896\u20131987) by\u0142 malarzem i grafikiem, kt\u00f3ry w swoich pracach propagowa\u0142 ekspresjonizm abstrakcyjny i surrealizm. Masson urodzi\u0142 si\u0119 w Balagne we Francji i przeni\u00f3s\u0142 si\u0119 do Brukseli w Belgii w 1904 r. Ucz\u0119szcza\u0142 do Academie Royale des Beaux-Arts od 1907 do 1912, kiedy przeni\u00f3s\u0142 si\u0119 do Pary\u017ca.<\/p>\n<p>W Pary\u017cu Masson zosta\u0142 przyj\u0119ty do pracowni Paula Baudoina w Ecole National Superieure des Beaux-Arts, gdzie pozosta\u0142 a\u017c do wybuchu wojny. Do wojska wst\u0105pi\u0142 w 1914 r., lecz trzy lata p\u00f3\u017aniej ci\u0119\u017cko ranny, sp\u0119dzi\u0142 kilka miesi\u0119cy w szpitalu wojskowym. Ta trauma znalaz\u0142a swoje odzwierciedlenie w jego wczesnych pracach, kt\u00f3re przedstawia\u0142y sceny batalistyczne, \u015bmier\u0107, krew, ptaki i ryby, takich jak <em>W\u015bciek\u0142e s\u0142o\u0144ca<\/em> i <em>Bitwa na ryby<\/em> . Masson wr\u00f3ci\u0142 do Pary\u017ca w 1922 r. i by\u0142 pod wp\u0142ywem Andr\u00e9 Deraina (Francuz, 1880\u20131954) i kubizmu, zanim do\u0142\u0105czy\u0142 do artyst\u00f3w surrealistycznych w 1924 r. Rok p\u00f3\u017aniej arty\u015bci ci zorganizowali swoj\u0105 pierwsz\u0105 wystaw\u0119 w galerii Pierre, w kt\u00f3rej Masson uczestniczy\u0142. Artysta od\u0142\u0105czy\u0142 si\u0119 od grupy pi\u0119\u0107 lat p\u00f3\u017aniej w prote\u015bcie przeciwko roszczeniom Andr\u00e9 Bretona do przyw\u00f3dztwa grupy. Masson ponownie do\u0142\u0105czy\u0142 do kr\u0119gu surrealist\u00f3w w 1937 roku i spr\u00f3bowa\u0142 swoich si\u0142 w ulubionym zaj\u0119ciu surrealist\u00f3w, jakim jest rysowanie automatyczne, na podstawie kt\u00f3rego opracowa\u0142 now\u0105 technik\u0119 zachowuj\u0105c\u0105 element przypadku. Zosta\u0142 liderem tej nowej techniki, kt\u00f3r\u0105 nazwano automatyzmem.<\/p>\n<p>W 1939 roku Masson wyemigrowa\u0142 do Stan\u00f3w Zjednoczonych i wywar\u0142 ogromny wp\u0142yw na wielu ameryka\u0144skich malarzy, zw\u0142aszcza na Jacksona Pollocka (Amerykanin, 1912\u20131956). Sze\u015b\u0107 lat p\u00f3\u017aniej wr\u00f3ci\u0142 do Francji i namalowa\u0142 kilka obraz\u00f3w pejza\u017cowych w Aix-en-Provence; obrazy te by\u0142y pokazywane od 1955 do 1964 na Documentas One to Three, w 1964 w Berlinie i Amsterdamie oraz w 1972 na Biennale w Wenecji. W mi\u0119dzyczasie namalowa\u0142 kilka obraz\u00f3w, zw\u0142aszcza malowid\u0142o sufitowe z 1966 roku dla paryskiego Th\u00e9atre Od\u00e9on. Masson zmar\u0142 w Pary\u017cu we Francji w 1987 roku.<\/p>","protected":false},"excerpt":{"rendered":"<p>Litografia barwna z 1972 roku.<br \/>\nWymiary: 57 x 46 cm, 75,5 x 53 cm (arkusz)<br \/>\nSygnatura o\u0142\u00f3wkiem, pd.: Andre Masson<br \/>\nEdycja Autorska: E\/A<\/p>","protected":false},"featured_media":6081,"template":"","meta":{"_monsterinsights_skip_tracking":false,"_monsterinsights_sitenote_active":false,"_monsterinsights_sitenote_note":"","_monsterinsights_sitenote_category":0,"_themeisle_gutenberg_block_has_review":false},"product_cat":[41],"product_tag":[279],"class_list":["post-6079","product","type-product","status-publish","has-post-thumbnail","hentry","product_cat-grafiki","product_tag-masson-andre","product_shipping_class-rodzaj-wysylki-2"],"aioseo_notices":[],"_links":{"self":[{"href":"https:\/\/kwintesencja.art\/en\/wp-json\/wp\/v2\/product\/6079","targetHints":{"allow":["GET"]}}],"collection":[{"href":"https:\/\/kwintesencja.art\/en\/wp-json\/wp\/v2\/product"}],"about":[{"href":"https:\/\/kwintesencja.art\/en\/wp-json\/wp\/v2\/types\/product"}],"wp:featuredmedia":[{"embeddable":true,"href":"https:\/\/kwintesencja.art\/en\/wp-json\/wp\/v2\/media\/6081"}],"wp:attachment":[{"href":"https:\/\/kwintesencja.art\/en\/wp-json\/wp\/v2\/media?parent=6079"}],"wp:term":[{"taxonomy":"product_cat","embeddable":true,"href":"https:\/\/kwintesencja.art\/en\/wp-json\/wp\/v2\/product_cat?post=6079"},{"taxonomy":"product_tag","embeddable":true,"href":"https:\/\/kwintesencja.art\/en\/wp-json\/wp\/v2\/product_tag?post=6079"}],"curies":[{"name":"wp","href":"https:\/\/api.w.org\/{rel}","templated":true}]}}