{"id":6047,"date":"2024-03-27T09:07:05","date_gmt":"2024-03-27T08:07:05","guid":{"rendered":"https:\/\/kwintesencja.art\/?post_type=product&#038;p=6047"},"modified":"2025-12-01T11:11:22","modified_gmt":"2025-12-01T10:11:22","slug":"torreador","status":"publish","type":"product","link":"https:\/\/kwintesencja.art\/en\/product\/torreador\/","title":{"rendered":"Torreador"},"content":{"rendered":"<p><span lang=\"pl-PL\">Jean Cocteau urodzi\u0142 si\u0119 5 lipca 1889 roku w Maisons-Laffitte, ma\u0142ym miasteczku niedaleko Pary\u017ca. Wp\u0142ywowy francuski artysta i pisarz, znany jako jedna z g\u0142\u00f3wnych postaci dadaizmu i surrealizmu. Dzi\u0119ki tw\u00f3rczo\u015bci, kt\u00f3ra obejmowa\u0142a malarstwo, powie\u015bci, poezj\u0119, sztuki teatralne i filmy, Cocteau da\u0142 si\u0119 pozna\u0107 jako wiod\u0105ca si\u0142a tw\u00f3rcza w Pary\u017cu. Sta\u0142y cz\u0142onek awangardy, utrzymywa\u0142 wieloletnie przyja\u017anie z takimi artystami jak Pablo Picasso, Tristan Tzara, Francis Picabia i Man Ray. Cocteau zmar\u0142 11 pa\u017adziernika 1963 roku w wieku 74 lat w Milly-la-Foret we Francji. Dzi\u015b jego prace znajduj\u0105 si\u0119 m.in. w zbiorach The Museum of Modern Art w Nowym Jorku, National Gallery of Art w Waszyngtonie, Courtauld Institute of Art w Londynie <\/span><\/p>","protected":false},"excerpt":{"rendered":"<p>Litografia barwna na papierze sygnowana i datowana 1952 w p\u0142ycie<br \/>\nWymiary w \u015bw.p-p: 42,5 x 27,5 cm, 56 x 42,5 cm (z ram\u0105)<br \/>\n<span lang=\"pl-PL\">Stan: dobry, <\/span>\u015blady wilgoci i fa\u0142dy<span lang=\"pl-PL\"> ze wzgl\u0119du na wiek.<\/span><\/p>","protected":false},"featured_media":6049,"template":"","meta":{"_monsterinsights_skip_tracking":false,"_monsterinsights_sitenote_active":false,"_monsterinsights_sitenote_note":"","_monsterinsights_sitenote_category":0,"_themeisle_gutenberg_block_has_review":false},"product_cat":[41],"product_tag":[215,350],"class_list":["post-6047","product","type-product","status-publish","has-post-thumbnail","hentry","product_cat-grafiki","product_tag-cocteau-jean","product_tag-wyprzedaz","product_shipping_class-rodzaj-wysylki-3"],"aioseo_notices":[],"_links":{"self":[{"href":"https:\/\/kwintesencja.art\/en\/wp-json\/wp\/v2\/product\/6047","targetHints":{"allow":["GET"]}}],"collection":[{"href":"https:\/\/kwintesencja.art\/en\/wp-json\/wp\/v2\/product"}],"about":[{"href":"https:\/\/kwintesencja.art\/en\/wp-json\/wp\/v2\/types\/product"}],"wp:featuredmedia":[{"embeddable":true,"href":"https:\/\/kwintesencja.art\/en\/wp-json\/wp\/v2\/media\/6049"}],"wp:attachment":[{"href":"https:\/\/kwintesencja.art\/en\/wp-json\/wp\/v2\/media?parent=6047"}],"wp:term":[{"taxonomy":"product_cat","embeddable":true,"href":"https:\/\/kwintesencja.art\/en\/wp-json\/wp\/v2\/product_cat?post=6047"},{"taxonomy":"product_tag","embeddable":true,"href":"https:\/\/kwintesencja.art\/en\/wp-json\/wp\/v2\/product_tag?post=6047"}],"curies":[{"name":"wp","href":"https:\/\/api.w.org\/{rel}","templated":true}]}}