{"id":5748,"date":"2024-02-10T16:43:53","date_gmt":"2024-02-10T15:43:53","guid":{"rendered":"https:\/\/kwintesencja.art\/?post_type=product&#038;p=5748"},"modified":"2024-04-07T23:04:58","modified_gmt":"2024-04-07T21:04:58","slug":"milites-templi","status":"publish","type":"product","link":"https:\/\/kwintesencja.art\/en\/product\/milites-templi\/","title":{"rendered":"Milites Templi"},"content":{"rendered":"<p>Kacper Bo\u017cek \u2013 urodzony w 1974 roku w Krakowie. Absolwent Pa\u0144stwowego Liceum Sztuk Plastycznych im. Antoniego Kenara w Zakopanem i Wydzia\u0142u Grafiki Akademii Sztuk Pi\u0119knych w Krakowie. Dyplom zrealizowa\u0142 pod kierunkiem profesora Stanis\u0142awa Wejmana. Pracuje jako adiunkt w Pracowni Miedziorytu macierzystej uczelni. W 2013 roku uzyska\u0142 tytu\u0142 doktora za cykl grafik po\u015bwi\u0119conych R\u0119kopisowi znalezionemu w Saragossie i dziejom Jana Potockiego. Prezentowa\u0142 swoje prace na oko\u0142o 30 wystawach indywidualnych w Polsce i za granic\u0105. Uczestniczy\u0142 tak\u017ce w kilkudziesi\u0119ciu wystawach zbiorowych, otrzymuj\u0105c wielokrotnie nagrody (lista poni\u017cej). Zazwyczaj u\u017cywa technik wkl\u0119s\u0142odruku, szczeg\u00f3lnie akwaforty i akwatinty. Jedn\u0105 z jego inspiracji jest literatura. Wykona\u0142 dwie teki grafik w oparciu o \u201eMistrza i Ma\u0142gorzat\u0119\u201d Michai\u0142a Bu\u0142hakowa i \u201ePami\u0119tnik znaleziony w Saragossie\u201d Jana Potockiego.<\/p>","protected":false},"excerpt":{"rendered":"<p>Akwaforta, akwatinta, wymiary: 49 x 66,5 cm, 59 x 78 cm<br \/>\nSygnatura r\u0119czna, o\u0142\u00f3wkiem: l.d.: 85\/100, u do\u0142u: MILITES TEMPLI p.d.: KACPER BO\u017bEK II\/XXI<br \/>\nCertificate of Authenticity<\/p>","protected":false},"featured_media":5753,"template":"","meta":{"_monsterinsights_skip_tracking":false,"_monsterinsights_sitenote_active":false,"_monsterinsights_sitenote_note":"","_monsterinsights_sitenote_category":0,"_themeisle_gutenberg_block_has_review":false},"product_cat":[41],"product_tag":[83],"class_list":["post-5748","product","type-product","status-publish","has-post-thumbnail","hentry","product_cat-grafiki","product_tag-bozek-kacper","product_shipping_class-rodzaj-wysylki-2"],"aioseo_notices":[],"_links":{"self":[{"href":"https:\/\/kwintesencja.art\/en\/wp-json\/wp\/v2\/product\/5748","targetHints":{"allow":["GET"]}}],"collection":[{"href":"https:\/\/kwintesencja.art\/en\/wp-json\/wp\/v2\/product"}],"about":[{"href":"https:\/\/kwintesencja.art\/en\/wp-json\/wp\/v2\/types\/product"}],"wp:featuredmedia":[{"embeddable":true,"href":"https:\/\/kwintesencja.art\/en\/wp-json\/wp\/v2\/media\/5753"}],"wp:attachment":[{"href":"https:\/\/kwintesencja.art\/en\/wp-json\/wp\/v2\/media?parent=5748"}],"wp:term":[{"taxonomy":"product_cat","embeddable":true,"href":"https:\/\/kwintesencja.art\/en\/wp-json\/wp\/v2\/product_cat?post=5748"},{"taxonomy":"product_tag","embeddable":true,"href":"https:\/\/kwintesencja.art\/en\/wp-json\/wp\/v2\/product_tag?post=5748"}],"curies":[{"name":"wp","href":"https:\/\/api.w.org\/{rel}","templated":true}]}}