{"id":5412,"date":"2023-12-17T12:40:28","date_gmt":"2023-12-17T11:40:28","guid":{"rendered":"https:\/\/kwintesencja.art\/?post_type=product&#038;p=5412"},"modified":"2024-01-05T14:44:27","modified_gmt":"2024-01-05T13:44:27","slug":"choragiew-dzbanek-praca-dwustronna","status":"publish","type":"product","link":"https:\/\/kwintesencja.art\/en\/product\/choragiew-dzbanek-praca-dwustronna\/","title":{"rendered":"Chor\u0105giew, dzbanek (praca dwustronna)"},"content":{"rendered":"<p>Jan Stanis\u0142awski\u00a0(Olszana na Ukrainie 1860 \u2013 Krak\u00f3w 1907) \u2013 wybitny malarz pejza\u017cysta, grafik, pedagog \u2013 by\u0142 jedn\u0105 z najbarwniejszych postaci krakowskiego \u015brodowiska artystycznego epoki M\u0142odej Polski.<br \/>\nPocz\u0105tkowo w Warszawie i Petersburgu studiowa\u0142 matematyk\u0119, p\u00f3\u017aniej malarstwo u Wojciecha Gersona w Warszawie, W\u0142adys\u0142awa \u0141uszczkiewicza w krakowskiej Szkole Sztuk Pi\u0119knych, a w latach 1885-1888 u Carolusa Durana w Pary\u017cu. Wiele podr\u00f3\u017cowa\u0142 po Europie \u2013 wyje\u017cd\u017ca\u0142 do Francji, W\u0142och, Hiszpanii, Szwajcarii, Niemiec, Austrii, Czech, wielokrotnie je\u017adzi\u0142 na Ukrain\u0119.<br \/>\nW 1895 by\u0142 w Berlinie, gdzie wsp\u00f3\u0142pracowa\u0142 z W. Kossakiem i J. Fa\u0142atem przy malowaniu panoramy Berezyna. W 1897 zosta\u0142 profesorem malarstwa krajobrazowego krakowskiej Szko\u0142y Sztuk Pi\u0119knych, tw\u00f3rc\u0105 tzw. <em>krakowskiej szko\u0142y pejza\u017cu<\/em>. Wykszta\u0142ci\u0142 blisko 60 uczni\u00f3w, m.in. S. Kamockiego, H. Szczygli\u0144skiego, S. Filipkiewicza, I. Trusza czy S. Ga\u0142ka. By\u0142 jednym z za\u0142o\u017cycieli Towarzystwa Artyst\u00f3w Polskich <em>Sztuka<\/em> (1897), cz\u0142onkiem Towarzystwa <em>Polska Sztuka Stosowana<\/em> (1901). Uczestniczy\u0142 w wielu wystawach.<br \/>\nPocz\u0105tkowo malowa\u0142 realistyczne pejza\u017ce oparte na przygotowawczych studiach z natury (liczne zachowane szkicowniki). P\u00f3\u017aniejsza fascynacja impresjonizmem spowodowa\u0142a eksperymenty ze \u015bwiat\u0142em w pejza\u017cu i coraz wi\u0119ksz\u0105 d\u0105\u017cno\u015b\u0107 do syntezy form barwnych. Podczas swych podr\u00f3\u017cy tworzy\u0142 setki, najcz\u0119\u015bciej miniaturowych pejza\u017cy malowanych bezpo\u015brednio w plenerze.<br \/>\nZajmowa\u0142 si\u0119 grafik\u0105, ilustracj\u0105, projektowa\u0142 plakaty i dekoracje teatralne. (\u017ar\u00f3d\u0142o Agra Art)<\/p>","protected":false},"excerpt":{"rendered":"<p>O\u0142\u00f3wek, akwarela, papier. Wymiary 7 x 10 cm<br \/>\nSygnatura odr\u0119czna u do\u0142u: Stanis\u0142awski\/szkicownik.<br \/>\nNa odwrocie przedstawienie chor\u0105gwi.<br \/>\nCertyfikat<\/p>","protected":false},"featured_media":5413,"template":"","meta":{"_monsterinsights_skip_tracking":false,"_monsterinsights_sitenote_active":false,"_monsterinsights_sitenote_note":"","_monsterinsights_sitenote_category":0,"_themeisle_gutenberg_block_has_review":false},"product_cat":[39],"product_tag":[257],"class_list":["post-5412","product","type-product","status-publish","has-post-thumbnail","hentry","product_cat-obrazy","product_tag-stanislawski-jan","product_shipping_class-rodzaj-wysylki-2"],"aioseo_notices":[],"_links":{"self":[{"href":"https:\/\/kwintesencja.art\/en\/wp-json\/wp\/v2\/product\/5412","targetHints":{"allow":["GET"]}}],"collection":[{"href":"https:\/\/kwintesencja.art\/en\/wp-json\/wp\/v2\/product"}],"about":[{"href":"https:\/\/kwintesencja.art\/en\/wp-json\/wp\/v2\/types\/product"}],"wp:featuredmedia":[{"embeddable":true,"href":"https:\/\/kwintesencja.art\/en\/wp-json\/wp\/v2\/media\/5413"}],"wp:attachment":[{"href":"https:\/\/kwintesencja.art\/en\/wp-json\/wp\/v2\/media?parent=5412"}],"wp:term":[{"taxonomy":"product_cat","embeddable":true,"href":"https:\/\/kwintesencja.art\/en\/wp-json\/wp\/v2\/product_cat?post=5412"},{"taxonomy":"product_tag","embeddable":true,"href":"https:\/\/kwintesencja.art\/en\/wp-json\/wp\/v2\/product_tag?post=5412"}],"curies":[{"name":"wp","href":"https:\/\/api.w.org\/{rel}","templated":true}]}}