{"id":5404,"date":"2023-12-17T12:28:43","date_gmt":"2023-12-17T11:28:43","guid":{"rendered":"https:\/\/kwintesencja.art\/?post_type=product&#038;p=5404"},"modified":"2024-05-14T09:54:53","modified_gmt":"2024-05-14T07:54:53","slug":"handlarz-starzyzna","status":"publish","type":"product","link":"https:\/\/kwintesencja.art\/en\/product\/handlarz-starzyzna\/","title":{"rendered":"Handlarz starzyzn\u0105"},"content":{"rendered":"<p>Tadeusz Makowski jest jednym z najwybitniejszych artst\u00f3w polskich 1 po\u0142owy XX wieku. By\u0142 malarzem, grafikiem i rysownikiem. W latach 1903-08 uczy\u0142 si\u0119 w Akademii krakowskiej u J\u00f3zefa Unierzyskiego, J\u00f3zefa Mehoffera i Jana Stanis\u0142awskiego; jednocze\u015bnie studiowa\u0142 filologi\u0119 na Uniwersytecie Jagiello\u0144skiem. W roku 1908, przez Monachium, wyjecha\u0142 do Pary\u017ca, gdzie zamieszka\u0142 na sta\u0142e. Stamt\u0105d wyje\u017cd\u017ca\u0142 na letnie sezony do Bretanii, Owerni oraz na po\u0142udnie Francji. Odby\u0142 te\u017c podr\u00f3\u017c artystyczn\u0105 do Holandii i Belgii (1921). W Pary\u017cu przyja\u017ani\u0142 si\u0119 z wieloma znakomitymi malarzami, pisarzami oraz marszandami. Utrzymywa\u0142 \u017cywe kontakty z artystami polskimi przebywaj\u0105cymi we Francji i by\u0142 prezesem paryskiego &#8220;Towarzystwa Artyst\u00f3w Polskich&#8221;. Swoje prace wystawia\u0142 w kraju &#8211; w Krakowie i Warszawie (od 1907) i Lwowie (1910) oraz za granic\u0105: w Pary\u017cu, Barcelonie, Wiedniu, Budapeszcie i Amsterdamie. Malowa\u0142 kompozycje figuralne, pejza\u017ce, martwe natury i portrety, zw\u0142aszcza dzieci. Eksperymentuj\u0105c z malarstwem kubistycznym wypracowa\u0142 sw\u00f3j indywidualny styl. Form\u0105, kolorem i \u015bwiat\u0142em, a tak\u017ce pewn\u0105 deformacj\u0105 budowa\u0142 pe\u0142ne liryzmu cho\u0107 czasami nie pozbawione pewnej ironii czy drwiny kompozycje malarskie. (\u017ar\u00f3d\u0142o Desa Unicum)<\/p>","protected":false},"excerpt":{"rendered":"<p>Akwaforta z 1930 roku.<br \/>\nWymiary 11\u00a0 x 14 cm (odcisk p\u0142yty), 28 \u00d7 31 cm (z ramk\u0105)<br \/>\nSygnowana monogramem p. d.: \u201eT\/M\u201d (z odcisku)<\/p>\n<p>Ilustracja do ksi\u0105\u017cki Noela Bureau \u201eMarche aux Puces\u201d wydanej w Pary\u017cu w 1930 r.<br \/>\nAnalogiczna praca opisana i reprodukowana: W\u0142adys\u0142awa Jaworska, \u201eTadeusz Makowski\u201d,<br \/>\nWroc\u0142aw 1976 r., il. 127<br \/>\nPochodzenie; Kolekcja prywatna Francja<\/p>","protected":false},"featured_media":5405,"template":"","meta":{"_monsterinsights_skip_tracking":false,"_monsterinsights_sitenote_active":false,"_monsterinsights_sitenote_note":"","_monsterinsights_sitenote_category":0,"_themeisle_gutenberg_block_has_review":false},"product_cat":[41],"product_tag":[259],"class_list":["post-5404","product","type-product","status-publish","has-post-thumbnail","hentry","product_cat-grafiki","product_tag-makowski-tadeusz","product_shipping_class-rodzaj-wysylki-2"],"aioseo_notices":[],"_links":{"self":[{"href":"https:\/\/kwintesencja.art\/en\/wp-json\/wp\/v2\/product\/5404","targetHints":{"allow":["GET"]}}],"collection":[{"href":"https:\/\/kwintesencja.art\/en\/wp-json\/wp\/v2\/product"}],"about":[{"href":"https:\/\/kwintesencja.art\/en\/wp-json\/wp\/v2\/types\/product"}],"wp:featuredmedia":[{"embeddable":true,"href":"https:\/\/kwintesencja.art\/en\/wp-json\/wp\/v2\/media\/5405"}],"wp:attachment":[{"href":"https:\/\/kwintesencja.art\/en\/wp-json\/wp\/v2\/media?parent=5404"}],"wp:term":[{"taxonomy":"product_cat","embeddable":true,"href":"https:\/\/kwintesencja.art\/en\/wp-json\/wp\/v2\/product_cat?post=5404"},{"taxonomy":"product_tag","embeddable":true,"href":"https:\/\/kwintesencja.art\/en\/wp-json\/wp\/v2\/product_tag?post=5404"}],"curies":[{"name":"wp","href":"https:\/\/api.w.org\/{rel}","templated":true}]}}