{"id":5397,"date":"2023-12-13T11:07:07","date_gmt":"2023-12-13T10:07:07","guid":{"rendered":"https:\/\/kwintesencja.art\/?post_type=product&#038;p=5397"},"modified":"2024-07-22T22:41:54","modified_gmt":"2024-07-22T20:41:54","slug":"dalej-nie-wiem-czym-jest-milosc","status":"publish","type":"product","link":"https:\/\/kwintesencja.art\/en\/product\/dalej-nie-wiem-czym-jest-milosc\/","title":{"rendered":"Dalej nie wiem czym jest mi\u0142o\u015b\u0107"},"content":{"rendered":"<p>Ewa Bilska \u2013 studentka Akademii Sztuk Pi\u0119knych w Warszawie. Fascynuje si\u0119 portretem i cielesno\u015bci\u0105. Jednym z najwi\u0119kszych jej autorytet\u00f3w w dziedzinie malarstwa jest Olga Bozna\u0144ska. W swoich zainteresowaniach sk\u0142ania si\u0119 r\u00f3wnie\u017c w stron\u0119 Prerafaelit\u00f3w, ikonografii chrze\u015bcija\u0144skiej oraz estetyki XIX wieku. W rysunku inspiruje si\u0119 tw\u00f3rczo\u015bci\u0105 Egona Shiele.<\/p>","protected":false},"excerpt":{"rendered":"<p>Tytu\u0142: Dalej nie wiem czym jest mi\u0142o\u015b\u0107<br \/>\nAutor: Ewa Bilska<br \/>\nRok: 2023<br \/>\nTechnika: Olej na p\u0142\u00f3tnie<br \/>\nOprawa: nie<br \/>\nPodpis: odr\u0119czny p.d. EB<br \/>\nWymiary: 50 x 70 cm<br \/>\nStan zachowania: bardzo dobry<\/p>","protected":false},"featured_media":5398,"template":"","meta":{"_monsterinsights_skip_tracking":false,"_monsterinsights_sitenote_active":false,"_monsterinsights_sitenote_note":"","_monsterinsights_sitenote_category":0,"_themeisle_gutenberg_block_has_review":false},"product_cat":[39],"product_tag":[51],"class_list":["post-5397","product","type-product","status-publish","has-post-thumbnail","hentry","product_cat-obrazy","product_tag-bilska-ewa","product_shipping_class-rodzaj-wysylki-3"],"aioseo_notices":[],"_links":{"self":[{"href":"https:\/\/kwintesencja.art\/en\/wp-json\/wp\/v2\/product\/5397","targetHints":{"allow":["GET"]}}],"collection":[{"href":"https:\/\/kwintesencja.art\/en\/wp-json\/wp\/v2\/product"}],"about":[{"href":"https:\/\/kwintesencja.art\/en\/wp-json\/wp\/v2\/types\/product"}],"wp:featuredmedia":[{"embeddable":true,"href":"https:\/\/kwintesencja.art\/en\/wp-json\/wp\/v2\/media\/5398"}],"wp:attachment":[{"href":"https:\/\/kwintesencja.art\/en\/wp-json\/wp\/v2\/media?parent=5397"}],"wp:term":[{"taxonomy":"product_cat","embeddable":true,"href":"https:\/\/kwintesencja.art\/en\/wp-json\/wp\/v2\/product_cat?post=5397"},{"taxonomy":"product_tag","embeddable":true,"href":"https:\/\/kwintesencja.art\/en\/wp-json\/wp\/v2\/product_tag?post=5397"}],"curies":[{"name":"wp","href":"https:\/\/api.w.org\/{rel}","templated":true}]}}