{"id":5283,"date":"2023-12-05T19:20:53","date_gmt":"2023-12-05T18:20:53","guid":{"rendered":"https:\/\/kwintesencja.art\/?post_type=product&#038;p=5283"},"modified":"2025-09-27T15:50:14","modified_gmt":"2025-09-27T13:50:14","slug":"naga-kobieta-we-wnetrzu","status":"publish","type":"product","link":"https:\/\/kwintesencja.art\/en\/product\/naga-kobieta-we-wnetrzu\/","title":{"rendered":"Naga kobieta we wn\u0119trzu"},"content":{"rendered":"<p>Frantisek Kupka (1871-1957).<br \/>\nW 1887 Franti\u0161ek Kupka rozpocz\u0105\u0142 nauk\u0119 artystyczn\u0105 w praskiej akademii pod kierunkiem Frantiska Sequensa, kt\u00f3ry by\u0142 pod silnym wp\u0142ywem szko\u0142y nazare\u0144skiej. W 1891 artysta przeni\u00f3s\u0142 si\u0119 do akademii w Wiedniu, gdzie pracowa\u0142 pod kierunkiem profesora Eisenmengera do 1893.<br \/>\nW 1894 Kupka podr\u00f3\u017cowa\u0142 do Londynu i Skandynawii, po czym w 1895 osiad\u0142 w Pary\u017cu. Podobnie jak Lyonel Feininger i Marcel Duchamp, Franti\u0161ek Kupka rozpocz\u0105\u0142 jako karykaturzysta i rysownik. Tworzy\u0142 projekty mody, szkice plakat\u00f3w, ilustracje do ksi\u0105\u017cek i r\u00f3\u017cnych pism satyrycznych.<br \/>\nW 1905 Kupka przeni\u00f3s\u0142 si\u0119 do Puteaux na przedmie\u015bciach, gdzie pozna\u0142 Jacquesa Villona, \u200b\u200bkt\u00f3ry wprowadzi\u0142 go w kr\u0105g malarzy w latach 1910-11, m.in. Marcela Duchampa, Roberta Delaunaya, Fernanda L\u00e9gera, Francisa Picabi\u0119 i innych. Dyskutowali o problemach formy spotykanych przez kubizm i futuryzm oraz o zwi\u0105zkach malarstwa i muzyki.<br \/>\nTw\u00f3rczo\u015b\u0107 Kupki przesz\u0142a decyduj\u0105cy rozw\u00f3j: jako pierwszy artysta we Francji przeszed\u0142 od Jugendstil do abstrakcji. Akceptacja ornamentu jako samodzielnego elementu Jugendstil doprowadzi\u0142a go do ostatecznego porzucenia formy naturalnej.<br \/>\nGrupa skupiona wok\u00f3\u0142 Villona, \u200b\u200bkt\u00f3ra nazywa\u0142a siebie \u201eSection d&#8217;Or\u201d, mia\u0142a swoj\u0105 pierwsz\u0105 wystaw\u0119 na jesiennym salonie paryskim w 1912 roku. Franti\u0161ek Kupka wystawia\u0142 tu swoje abstrakcyjne obrazy, kt\u00f3re ze wzgl\u0119du na blisko\u015b\u0107 do muzyki kojarzone s\u0105 z orfizmem. W 1914 dobrowolnie zg\u0142osi\u0142 si\u0119 do s\u0142u\u017cby na froncie nad Somm\u0105.<br \/>\nW 1918 Franti\u0161ek Kupka przyj\u0105\u0142 posad\u0119 profesora go\u015bcinnego w Pradze, a w 1931 wraz z Hansem Arpem, Jeanem H\u00e9lionem, Augustem Herbinem, Georgesem Valmierem i Georgesem Vantongerloo za\u0142o\u017cy\u0142 grup\u0119 \u201eAbstraction-Cr\u00e9ation\u201d, zostaj\u0105c cz\u0142onkiem zarz\u0105du grupy. Czas ten up\u0142yn\u0105\u0142 r\u00f3wnie\u017c pod znakiem wa\u017cnych wystaw w muzeum \u201eJeu de Paume\u201d w Pary\u017cu.<br \/>\nFranti\u0161ek Kupka sp\u0119dzi\u0142 II wojn\u0119 \u015bwiatow\u0105 w Beaugency, wracaj\u0105c do Puteaux zaraz po wyzwoleniu. W 1946 roku z okazji 75. urodzin artysty pokazano w Pradze pierwsz\u0105 du\u017c\u0105 retrospektyw\u0119 artysty. W 1955 Kupka bra\u0142 udzia\u0142 w &#8220;documenta I&#8221; w Kassel.<br \/>\nFranti\u0161ek Kupka zmar\u0142 w Puteaux 21 lipca 1957 roku. Rok p\u00f3\u017aniej w \u201eMus\u00e9e d&#8217;Art Moderne\u201d w Pary\u017cu odby\u0142a si\u0119 zakrojona na szerok\u0105 skal\u0119 retrospektywa, kt\u00f3ra po\u015bwi\u0119ci\u0142a Franciszkowi Kupce ca\u0142\u0105 sal\u0119.<\/p>","protected":false},"excerpt":{"rendered":"<p>Grafika, edycja limitowana 125 egzemplarzy, na papierze Fabriano Privilege<br \/>\nKa\u017cda grafika jest indywidualnie numerowana.<br \/>\nNapis o\u0142\u00f3wkiem l.d.:60\/350, p.d.: faksymile \u201eKupka\u201d.<br \/>\nWymiary: 50 x 70 cm (ca\u0142y arkusz)<br \/>\nNa dole sucha piecz\u0119\u0107 wydawcy CMOA, na odwrocie hologram.<br \/>\nStan zachowania: bardzo dobry<\/p>","protected":false},"featured_media":5285,"template":"","meta":{"_monsterinsights_skip_tracking":false,"_monsterinsights_sitenote_active":false,"_monsterinsights_sitenote_note":"","_monsterinsights_sitenote_category":0,"_themeisle_gutenberg_block_has_review":false},"product_cat":[41],"product_tag":[256],"class_list":["post-5283","product","type-product","status-publish","has-post-thumbnail","hentry","product_cat-grafiki","product_tag-kupka-frantisek","product_shipping_class-rodzaj-wysylki-2"],"aioseo_notices":[],"_links":{"self":[{"href":"https:\/\/kwintesencja.art\/en\/wp-json\/wp\/v2\/product\/5283","targetHints":{"allow":["GET"]}}],"collection":[{"href":"https:\/\/kwintesencja.art\/en\/wp-json\/wp\/v2\/product"}],"about":[{"href":"https:\/\/kwintesencja.art\/en\/wp-json\/wp\/v2\/types\/product"}],"wp:featuredmedia":[{"embeddable":true,"href":"https:\/\/kwintesencja.art\/en\/wp-json\/wp\/v2\/media\/5285"}],"wp:attachment":[{"href":"https:\/\/kwintesencja.art\/en\/wp-json\/wp\/v2\/media?parent=5283"}],"wp:term":[{"taxonomy":"product_cat","embeddable":true,"href":"https:\/\/kwintesencja.art\/en\/wp-json\/wp\/v2\/product_cat?post=5283"},{"taxonomy":"product_tag","embeddable":true,"href":"https:\/\/kwintesencja.art\/en\/wp-json\/wp\/v2\/product_tag?post=5283"}],"curies":[{"name":"wp","href":"https:\/\/api.w.org\/{rel}","templated":true}]}}