{"id":5260,"date":"2023-12-05T00:24:08","date_gmt":"2023-12-04T23:24:08","guid":{"rendered":"https:\/\/kwintesencja.art\/?post_type=product&#038;p=5260"},"modified":"2026-03-06T09:41:03","modified_gmt":"2026-03-06T08:41:03","slug":"the-landscape-of-baucis","status":"publish","type":"product","link":"https:\/\/kwintesencja.art\/en\/product\/the-landscape-of-baucis\/","title":{"rendered":"L&#8217;Heureux Donateur"},"content":{"rendered":"<p>Rene Magritte (1898-1967) <span lang=\"pl-PL\">belgijski malarz, surrealista. Nazywany \u201eautorem s\u0142\u00f3w i rzeczy\u201d, lubi\u0142 zmienia\u0107 nazwy przedmiot\u00f3w. Obrazy jego szokowa\u0142y i wzbudza\u0142y kontrowersje, wyr\u00f3\u017cnia je poetycka nastrojowo\u015b\u0107 oraz precyzyjny rysunek. Artysta, kt\u00f3ry przedstawia\u0142 \u015bwiat zuniformizowany, odbity w kolejnych powieleniach, wp\u0142yn\u0105\u0142 mimowolnie na sztuk\u0119 drugiej po\u0142owy XX w., przede wszystkim na pop-art<\/span><\/p>","protected":false},"excerpt":{"rendered":"<p>Grafika, edycja limitowana na\u00a0francuskim papierze.<br \/>\nKa\u017cda grafika jest indywidualnie numerowana.<br \/>\nNapis o\u0142\u00f3wkiem l.d.: 82\/100.<br \/>\nWymiary: 50 cm\u00a0x\u00a070 cm\u00a0(arkusz)<br \/>\nNa dole suche piecz\u0119cie: l.d.: SPADEM Paris, p.d.<span class=\"HwtZe\" lang=\"pl\"><span class=\"jCAhz ChMk0b\"><span class=\"ryNqvb\">: Edizioni D\u2019Arte<br \/>\n<\/span><\/span><\/span><span class=\"HwtZe\" lang=\"pl\"><span class=\"jCAhz ChMk0b\"><span class=\"ryNqvb\">Na\u00a0odwrocie hologram.<\/span><\/span><\/span><br \/>\nStan zachowania: bardzo dobry<\/p>","protected":false},"featured_media":9535,"template":"","meta":{"_monsterinsights_skip_tracking":false,"_monsterinsights_sitenote_active":false,"_monsterinsights_sitenote_note":"","_monsterinsights_sitenote_category":0,"_themeisle_gutenberg_block_has_review":false},"product_cat":[41],"product_tag":[227,350],"class_list":["post-5260","product","type-product","status-publish","has-post-thumbnail","hentry","product_cat-grafiki","product_tag-magritte-rene","product_tag-wyprzedaz","product_shipping_class-rodzaj-wysylki-2"],"aioseo_notices":[],"_links":{"self":[{"href":"https:\/\/kwintesencja.art\/en\/wp-json\/wp\/v2\/product\/5260","targetHints":{"allow":["GET"]}}],"collection":[{"href":"https:\/\/kwintesencja.art\/en\/wp-json\/wp\/v2\/product"}],"about":[{"href":"https:\/\/kwintesencja.art\/en\/wp-json\/wp\/v2\/types\/product"}],"wp:featuredmedia":[{"embeddable":true,"href":"https:\/\/kwintesencja.art\/en\/wp-json\/wp\/v2\/media\/9535"}],"wp:attachment":[{"href":"https:\/\/kwintesencja.art\/en\/wp-json\/wp\/v2\/media?parent=5260"}],"wp:term":[{"taxonomy":"product_cat","embeddable":true,"href":"https:\/\/kwintesencja.art\/en\/wp-json\/wp\/v2\/product_cat?post=5260"},{"taxonomy":"product_tag","embeddable":true,"href":"https:\/\/kwintesencja.art\/en\/wp-json\/wp\/v2\/product_tag?post=5260"}],"curies":[{"name":"wp","href":"https:\/\/api.w.org\/{rel}","templated":true}]}}