{"id":5216,"date":"2023-12-04T23:16:30","date_gmt":"2023-12-04T22:16:30","guid":{"rendered":"https:\/\/kwintesencja.art\/?post_type=product&#038;p=5216"},"modified":"2024-03-29T21:21:29","modified_gmt":"2024-03-29T20:21:29","slug":"pojedynek","status":"publish","type":"product","link":"https:\/\/kwintesencja.art\/en\/product\/pojedynek\/","title":{"rendered":"Honor kobiety"},"content":{"rendered":"<p><strong>W\u0142adys\u0142aw Baka\u0142owicz<\/strong> (1833-1903) malowa\u0142 sceny historyczne, dworskie oraz w typie fete galante. Tematyka p\u0142\u00f3cien cz\u0119sto dotyczy\u0142a francuskiego dworu. Portretowa\u0142 r\u00f3wnie\u017c damy w eleganckich po\u0142yskuj\u0105cych lub at\u0142asowych sukniach, siedz\u0105ce w niemal pa\u0142acowych wn\u0119trzach, pe\u0142nych przepychu i splendoru.<br \/>\nMalarz odebra\u0142 wykszta\u0142cenie artystyczne w warszawskiej Szkole Sztuk Pi\u0119knych, a nast\u0119pnie &#8211; w 1863 roku &#8211; osiad\u0142 w Pary\u017cu. W 1879 roku zosta\u0142 naturalizowany we Francji, zmieni\u0142 w\u00f3wczas imi\u0119 w \u0142aci\u0144skim zapisie Ladislaus, co znalaz\u0142o wyraz w sygnaturach: LBakalowicz.<br \/>\nMalarstwo Baka\u0142owicza cieszy\u0142o si\u0119 popularno\u015bci\u0105 w paryskich kr\u0119gach wy\u017cszych sfer. Regularnie prezentowa\u0142 swoje obrazy na paryskich Salonach w latach 1865 &#8211; 1883. Szczeg\u00f3lnie doceniano jego p\u0142\u00f3tna o tematyce historycznej zwi\u0105zanej z Francj\u0105 XVI i XVII wieku, ale portretowa\u0142 tez sceny z \u017cycia dworu, jak np scena pojedynku.<\/p>","protected":false},"excerpt":{"rendered":"<p>Obraz olejny na\u00a0p\u0142\u00f3tnie, oprawiony w\u00a0pi\u0119kn\u0105 ram\u0119.<br \/>\nWymiary 32,5 x 40,5 cm, 51 x\u00a059 cm\u00a0(z\u00a0ram\u0105)<br \/>\nSygnatura, p.d.: \u201eBaka\u0142owicz, Paris\u201d<strong><br \/>\n<\/strong>Stan zachowania:<br \/>\nPraca po gruntownej konserwacji<strong><br \/>\n<\/strong><\/p>","protected":false},"featured_media":5829,"template":"","meta":{"_monsterinsights_skip_tracking":false,"_monsterinsights_sitenote_active":false,"_monsterinsights_sitenote_note":"","_monsterinsights_sitenote_category":0,"_themeisle_gutenberg_block_has_review":false},"product_cat":[39],"product_tag":[252],"class_list":["post-5216","product","type-product","status-publish","has-post-thumbnail","hentry","product_cat-obrazy","product_tag-bakalowicz-wladyslaw","product_shipping_class-rodzaj-wysylki-3"],"aioseo_notices":[],"_links":{"self":[{"href":"https:\/\/kwintesencja.art\/en\/wp-json\/wp\/v2\/product\/5216","targetHints":{"allow":["GET"]}}],"collection":[{"href":"https:\/\/kwintesencja.art\/en\/wp-json\/wp\/v2\/product"}],"about":[{"href":"https:\/\/kwintesencja.art\/en\/wp-json\/wp\/v2\/types\/product"}],"wp:featuredmedia":[{"embeddable":true,"href":"https:\/\/kwintesencja.art\/en\/wp-json\/wp\/v2\/media\/5829"}],"wp:attachment":[{"href":"https:\/\/kwintesencja.art\/en\/wp-json\/wp\/v2\/media?parent=5216"}],"wp:term":[{"taxonomy":"product_cat","embeddable":true,"href":"https:\/\/kwintesencja.art\/en\/wp-json\/wp\/v2\/product_cat?post=5216"},{"taxonomy":"product_tag","embeddable":true,"href":"https:\/\/kwintesencja.art\/en\/wp-json\/wp\/v2\/product_tag?post=5216"}],"curies":[{"name":"wp","href":"https:\/\/api.w.org\/{rel}","templated":true}]}}