{"id":5205,"date":"2023-11-30T20:26:05","date_gmt":"2023-11-30T19:26:05","guid":{"rendered":"https:\/\/kwintesencja.art\/?post_type=product&#038;p=5205"},"modified":"2024-01-13T20:27:01","modified_gmt":"2024-01-13T19:27:01","slug":"pejzaz-morski","status":"publish","type":"product","link":"https:\/\/kwintesencja.art\/en\/product\/pejzaz-morski\/","title":{"rendered":"Seascape"},"content":{"rendered":"<p>Iwan Konstantynowicz Ajwazowski (1817 Teodozja &#8211; 1900 Teodozja).\u00a0 W latach 1833-37 studiowa\u0142 w akademii w Petersburgu u Worobiewa i Tanneura. W 1844 zosta\u0142 g\u0142\u00f3wnym malarzem Sztabu Generalnego Floty Rosyjskiej. W 1847 zosta\u0142 mianowany profesorem Akademii Petersburskiej. W 1869 bra\u0142 udzia\u0142 w otwarciu Kana\u0142u Sueskiego. Odby\u0142 wiele podr\u00f3\u017cy, by\u0142 m.in. we W\u0142oszech, Francji, Anglii, Hiszpanii, na Krymie i Ameryce. Od 1845 r. mieszka\u0142 na sta\u0142e w Teodozji i otworzy\u0142 tam &#8211; w 1865 &#8211; w\u0142asn\u0105 pracowni\u0119. Przyja\u017ani\u0142 si\u0119 m.in. z Gogolem, Kry\u0142owem i Puszkinem. Tematem jego prac by\u0142y sceny religijne, rodzajowe, historyczne i symboliczne oraz portrety i pejza\u017ce. Najbardziej zas\u0142yn\u0105\u0142 jako marynista. Prace tego artysty s\u0105 bardzo poszukiwane i wysoko cenione na aukcjach.<\/p>","protected":false},"excerpt":{"rendered":"<p>Obraz olejny na p\u0142\u00f3tnie, autorstwa: Ivan Constantinovich Aivazovsky (1817-1900),<br \/>\nRok powstania: 1896 (przy pracach konserwatorskich na odwrocie znaleziono podpis artysty i rok.<br \/>\nWymiary: 26 x 19 cm + rama. Na odwrocie etykieta. Pod papierem na p\u0142\u00f3tnie podpis i rok.<br \/>\nPraca po konserwacji.<\/p>","protected":false},"featured_media":5629,"template":"","meta":{"_monsterinsights_skip_tracking":false,"_monsterinsights_sitenote_active":false,"_monsterinsights_sitenote_note":"","_monsterinsights_sitenote_category":0,"_themeisle_gutenberg_block_has_review":false},"product_cat":[39],"product_tag":[251],"class_list":["post-5205","product","type-product","status-publish","has-post-thumbnail","hentry","product_cat-obrazy","product_tag-ajwazowski-iwan-konstantynowicz"],"aioseo_notices":[],"_links":{"self":[{"href":"https:\/\/kwintesencja.art\/en\/wp-json\/wp\/v2\/product\/5205","targetHints":{"allow":["GET"]}}],"collection":[{"href":"https:\/\/kwintesencja.art\/en\/wp-json\/wp\/v2\/product"}],"about":[{"href":"https:\/\/kwintesencja.art\/en\/wp-json\/wp\/v2\/types\/product"}],"wp:featuredmedia":[{"embeddable":true,"href":"https:\/\/kwintesencja.art\/en\/wp-json\/wp\/v2\/media\/5629"}],"wp:attachment":[{"href":"https:\/\/kwintesencja.art\/en\/wp-json\/wp\/v2\/media?parent=5205"}],"wp:term":[{"taxonomy":"product_cat","embeddable":true,"href":"https:\/\/kwintesencja.art\/en\/wp-json\/wp\/v2\/product_cat?post=5205"},{"taxonomy":"product_tag","embeddable":true,"href":"https:\/\/kwintesencja.art\/en\/wp-json\/wp\/v2\/product_tag?post=5205"}],"curies":[{"name":"wp","href":"https:\/\/api.w.org\/{rel}","templated":true}]}}