{"id":5185,"date":"2023-11-24T23:46:18","date_gmt":"2023-11-24T22:46:18","guid":{"rendered":"https:\/\/kwintesencja.art\/?post_type=product&#038;p=5185"},"modified":"2025-02-13T18:18:34","modified_gmt":"2025-02-13T17:18:34","slug":"la-delation","status":"publish","type":"product","link":"https:\/\/kwintesencja.art\/en\/product\/la-delation\/","title":{"rendered":"La d\u00e9lation"},"content":{"rendered":"<p>Henryk Epstein urodzi si\u0119 w 1891 roku w \u0141odzi. W roku 1910 rozpocz\u0105\u0142 studia w Akademii Sztuk Pi\u0119knych w Monachium, od roku 1912 studiowa\u0142 w Pary\u017cu w Acad\u00e9mie de la Grande Chaumi\u00e8re. Pocz\u0105tkowo interesowa\u0142 si\u0119 przede wszystkim postimpresjonizmem, p\u00f3\u017aniej wszed\u0142 w kr\u0105g malarzy fowist\u00f3w. Podczas I wojny \u015bwiatowej zg\u0142osi\u0142 si\u0119 do polskich oddzia\u0142\u00f3w wojskowych. Po wojnie przebywa\u0142 w \u015brodowisku paryskich malarzy awangardowych na Montparnasse, zwi\u0105zanych z rotund\u0105 La Ruche. Zaprzyja\u017ani\u0142 si\u0119 m.in. z Amedeo Modiglianim, Chaimem Soutinem i Markiem Chagallem. Henryk Epstein malowa\u0142 martwe natury, akty, kompozycje figuralne i pejza\u017ce. We Francji malowa\u0142 rybak\u00f3w i ich otoczenie, porty, a tak\u017ce martwe natury przedstawiaj\u0105ce owoce morza, ryby i ptaki. W po\u0142owie lat 30. XX wieku kupi\u0142 gospodarstwo w okolicach \u00c9pernon, gdzie cz\u0119sto wyje\u017cd\u017ca\u0142. Ze wzgl\u0119du na \u017cydowskie pochodzenie zosta\u0142 aresztowany 23 lutego 1944 roku i wywieziony do obozu przej\u015bciowego w Drancy, z kt\u00f3rego \u017cona i c\u00f3rka pr\u00f3bowa\u0142y go bezskutecznie wyci\u0105gn\u0105\u0107. Transportem nr 69 w dniu 7 marca 1944 przewieziono go do obozu w Auschwitz, gdzie zgin\u0105\u0142.<\/p>","protected":false},"excerpt":{"rendered":"<p>Henryk Epstein (1891-1944)<br \/>\nArtysta z kr\u0119gu Ecole de Paris<br \/>\nTusz na papierze.<br \/>\nSygnatura l.d.: Epstein<br \/>\nWymiary: 32.3 x 25 cm + rama<br \/>\nPraca oprawiona w czarn\u0105 ram\u0119<br \/>\nProweniencja &#8211; kolekcja prywatna Francja<\/p>","protected":false},"featured_media":5196,"template":"","meta":{"_monsterinsights_skip_tracking":false,"_monsterinsights_sitenote_active":false,"_monsterinsights_sitenote_note":"","_monsterinsights_sitenote_category":0,"_themeisle_gutenberg_block_has_review":false},"product_cat":[39],"product_tag":[225],"class_list":["post-5185","product","type-product","status-publish","has-post-thumbnail","hentry","product_cat-obrazy","product_tag-epstein-henryk","product_shipping_class-rodzaj-wysylki-2"],"aioseo_notices":[],"_links":{"self":[{"href":"https:\/\/kwintesencja.art\/en\/wp-json\/wp\/v2\/product\/5185","targetHints":{"allow":["GET"]}}],"collection":[{"href":"https:\/\/kwintesencja.art\/en\/wp-json\/wp\/v2\/product"}],"about":[{"href":"https:\/\/kwintesencja.art\/en\/wp-json\/wp\/v2\/types\/product"}],"wp:featuredmedia":[{"embeddable":true,"href":"https:\/\/kwintesencja.art\/en\/wp-json\/wp\/v2\/media\/5196"}],"wp:attachment":[{"href":"https:\/\/kwintesencja.art\/en\/wp-json\/wp\/v2\/media?parent=5185"}],"wp:term":[{"taxonomy":"product_cat","embeddable":true,"href":"https:\/\/kwintesencja.art\/en\/wp-json\/wp\/v2\/product_cat?post=5185"},{"taxonomy":"product_tag","embeddable":true,"href":"https:\/\/kwintesencja.art\/en\/wp-json\/wp\/v2\/product_tag?post=5185"}],"curies":[{"name":"wp","href":"https:\/\/api.w.org\/{rel}","templated":true}]}}