{"id":4981,"date":"2023-10-14T23:30:18","date_gmt":"2023-10-14T21:30:18","guid":{"rendered":"https:\/\/kwintesencja.art\/?post_type=product&#038;p=4981"},"modified":"2023-11-06T12:28:19","modified_gmt":"2023-11-06T11:28:19","slug":"pejzaz-z-poludnia-francji-recto-kamienice-verso","status":"publish","type":"product","link":"https:\/\/kwintesencja.art\/en\/product\/pejzaz-z-poludnia-francji-recto-kamienice-verso\/","title":{"rendered":"Pejza\u017c z po\u0142udnia Francji (recto) \/ Kamienice (verso)"},"content":{"rendered":"<p>Mela Muter (1876-1967). Artystka z kr\u0119gu Ecole de Paris.<br \/>\nKszta\u0142ci\u0142a si\u0119 w Szkole Rysunku i Malarstwa dla Kobiet w Warszawie. W 1901 roku osiad\u0142a na sta\u0142e w Pary\u017cu. Studia artystyczne kontynuowa\u0142a w Acad\u00e9mie de la Grande Chaumiere i Acad\u00e9mie Colarossi. Od 1902 roku uczestniczy\u0142a w Salonach Paryskich. By\u0142a blisko zwi\u0105zana z dzia\u0142aj\u0105c\u0105 w Pary\u017cu polsk\u0105 koloni\u0105 artystyczno-literack\u0105; uczestniczy\u0142a w ekspozycjach polskiej sztuki w Towarzystwie Artyst\u00f3w Polskich (1914) i Galerie du Mus\u00e9e Crillon (1922). W latach 1911-14 podr\u00f3\u017cowa\u0142a do Hiszpanii, w 1915 i 1919 zwiedza\u0142a Szwajcari\u0119. Wiele miesi\u0119cy sp\u0119dzi\u0142a w Bretanii i w po\u0142udniowych rejonach Francji. Mela Muter wypracowa\u0142a sw\u00f3j w\u0142asny, oryginalny styl wyrastaj\u0105cy z tradycji postimpresjonizmu. Z malarstwa van Gogha przej\u0119\u0142a wyrazisty kontur obiegaj\u0105cy formy wydobyte szybkimi, wielokierunkowymi uderzeniami p\u0119dzla. Malowa\u0142a urokliwe pejza\u017ce i widoki miejskie, sceny rodzajowe oraz portrety. (\u017ar\u00f3d\u0142o &#8211; Desa Unicum)<\/p>","protected":false},"excerpt":{"rendered":"<p>Obraz dwustronny<br \/>\nakwarela \/ olej, papier<br \/>\nWymiary: 36,2 x 51 cm<br \/>\nsygnowany p.d.: &#8216;Muter&#8217;<\/p>\n<p>Pochodzenie: spu\u015bcizna po artystce<br \/>\nGalerie Gmurzynska, Kolonia<br \/>\nkolekcja prywatna, Europa<br \/>\nCertificate of Authenticity<\/p>","protected":false},"featured_media":4984,"template":"","meta":{"_monsterinsights_skip_tracking":false,"_monsterinsights_sitenote_active":false,"_monsterinsights_sitenote_note":"","_monsterinsights_sitenote_category":0,"_themeisle_gutenberg_block_has_review":false},"product_cat":[39],"product_tag":[250],"class_list":["post-4981","product","type-product","status-publish","has-post-thumbnail","hentry","product_cat-obrazy","product_tag-muter-mela","product_shipping_class-rodzaj-wysylki-3"],"aioseo_notices":[],"_links":{"self":[{"href":"https:\/\/kwintesencja.art\/en\/wp-json\/wp\/v2\/product\/4981","targetHints":{"allow":["GET"]}}],"collection":[{"href":"https:\/\/kwintesencja.art\/en\/wp-json\/wp\/v2\/product"}],"about":[{"href":"https:\/\/kwintesencja.art\/en\/wp-json\/wp\/v2\/types\/product"}],"wp:featuredmedia":[{"embeddable":true,"href":"https:\/\/kwintesencja.art\/en\/wp-json\/wp\/v2\/media\/4984"}],"wp:attachment":[{"href":"https:\/\/kwintesencja.art\/en\/wp-json\/wp\/v2\/media?parent=4981"}],"wp:term":[{"taxonomy":"product_cat","embeddable":true,"href":"https:\/\/kwintesencja.art\/en\/wp-json\/wp\/v2\/product_cat?post=4981"},{"taxonomy":"product_tag","embeddable":true,"href":"https:\/\/kwintesencja.art\/en\/wp-json\/wp\/v2\/product_tag?post=4981"}],"curies":[{"name":"wp","href":"https:\/\/api.w.org\/{rel}","templated":true}]}}