{"id":4966,"date":"2023-10-12T14:52:07","date_gmt":"2023-10-12T12:52:07","guid":{"rendered":"https:\/\/kwintesencja.art\/?post_type=product&#038;p=4966"},"modified":"2023-10-12T14:54:22","modified_gmt":"2023-10-12T12:54:22","slug":"wnetrze-swiatyni","status":"publish","type":"product","link":"https:\/\/kwintesencja.art\/en\/product\/wnetrze-swiatyni\/","title":{"rendered":"Wn\u0119trze \u015bwi\u0105tyni"},"content":{"rendered":"<p>Jerzy Nowosielski (1923-2011) by\u0142 jednym z najwa\u017cniejszych polskich malarzy 2. po\u0142owy XX wieku. By\u0142 artyst\u0105 niezwykle wszechstronnym. Opr\u00f3cz pisania ikon uprawia\u0142 malarstwo, rysunek, scenografi\u0119, filozofi\u0119 i teologi\u0119. Nale\u017ca\u0142 do \u015brodowiska, kt\u00f3re skupione by\u0142o wok\u00f3\u0142 Tadeusza Kantora.<br \/>\nWpis o Jerzym Nowosielskim (czytaj wi\u0119cej pod linkiem):\u00a0 <a href=\"https:\/\/kwintesencja.art\/en\/2022\/03\/20\/dla-boga-malowac-prosze-pana-dla-boga\/\">https:\/\/kwintesencja.art\/2022\/03\/20\/dla-boga-malowac-prosze-pana-dla-boga\/<\/a><\/p>","protected":false},"excerpt":{"rendered":"<p>tusz, o\u0142\u00f3wek, papier; 33 x 24,5 cm;<br \/>\nsygn. p. d.: &#8220;J. N.&#8221; (o\u0142\u00f3wkiem)<\/p>\n<p>Proweniencja:<br \/>\n&#8211; dar artysty<br \/>\n&#8211; kolekcja prywatna, Polska<\/p>","protected":false},"featured_media":4965,"template":"","meta":{"_monsterinsights_skip_tracking":false,"_monsterinsights_sitenote_active":false,"_monsterinsights_sitenote_note":"","_monsterinsights_sitenote_category":0,"_themeisle_gutenberg_block_has_review":false},"product_cat":[39],"product_tag":[64],"class_list":["post-4966","product","type-product","status-publish","has-post-thumbnail","hentry","product_cat-obrazy","product_tag-nowosielski-jerzy"],"aioseo_notices":[],"_links":{"self":[{"href":"https:\/\/kwintesencja.art\/en\/wp-json\/wp\/v2\/product\/4966","targetHints":{"allow":["GET"]}}],"collection":[{"href":"https:\/\/kwintesencja.art\/en\/wp-json\/wp\/v2\/product"}],"about":[{"href":"https:\/\/kwintesencja.art\/en\/wp-json\/wp\/v2\/types\/product"}],"wp:featuredmedia":[{"embeddable":true,"href":"https:\/\/kwintesencja.art\/en\/wp-json\/wp\/v2\/media\/4965"}],"wp:attachment":[{"href":"https:\/\/kwintesencja.art\/en\/wp-json\/wp\/v2\/media?parent=4966"}],"wp:term":[{"taxonomy":"product_cat","embeddable":true,"href":"https:\/\/kwintesencja.art\/en\/wp-json\/wp\/v2\/product_cat?post=4966"},{"taxonomy":"product_tag","embeddable":true,"href":"https:\/\/kwintesencja.art\/en\/wp-json\/wp\/v2\/product_tag?post=4966"}],"curies":[{"name":"wp","href":"https:\/\/api.w.org\/{rel}","templated":true}]}}