{"id":4959,"date":"2023-10-12T14:49:47","date_gmt":"2023-10-12T12:49:47","guid":{"rendered":"https:\/\/kwintesencja.art\/?post_type=product&#038;p=4959"},"modified":"2023-10-12T14:49:47","modified_gmt":"2023-10-12T12:49:47","slug":"bez-tytulu-9","status":"publish","type":"product","link":"https:\/\/kwintesencja.art\/en\/product\/bez-tytulu-9\/","title":{"rendered":"Bez tytu\u0142u"},"content":{"rendered":"","protected":false},"excerpt":{"rendered":"<p>Jerzy Nowosielski (1923-2011) by\u0142 jednym z najwa\u017cniejszych polskich malarzy 2. po\u0142owy XX wieku. By\u0142 artyst\u0105 niezwykle wszechstronnym. Opr\u00f3cz pisania ikon uprawia\u0142 malarstwo, rysunek, scenografi\u0119, filozofi\u0119 i teologi\u0119. Nale\u017ca\u0142 do \u015brodowiska, kt\u00f3re skupione by\u0142o wok\u00f3\u0142 Tadeusza Kantora.<br \/>\nWpis o Jerzym Nowosielskim (czytaj wi\u0119cej pod linkiem):\u00a0 <a href=\"https:\/\/kwintesencja.art\/en\/2022\/03\/20\/dla-boga-malowac-prosze-pana-dla-boga\/\">https:\/\/kwintesencja.art\/2022\/03\/20\/dla-boga-malowac-prosze-pana-dla-boga\/<\/a><\/p>","protected":false},"featured_media":4960,"template":"","meta":{"_monsterinsights_skip_tracking":false,"_monsterinsights_sitenote_active":false,"_monsterinsights_sitenote_note":"","_monsterinsights_sitenote_category":0,"_themeisle_gutenberg_block_has_review":false},"product_cat":[41],"product_tag":[64],"class_list":["post-4959","product","type-product","status-publish","has-post-thumbnail","hentry","product_cat-grafiki","product_tag-nowosielski-jerzy"],"aioseo_notices":[],"_links":{"self":[{"href":"https:\/\/kwintesencja.art\/en\/wp-json\/wp\/v2\/product\/4959","targetHints":{"allow":["GET"]}}],"collection":[{"href":"https:\/\/kwintesencja.art\/en\/wp-json\/wp\/v2\/product"}],"about":[{"href":"https:\/\/kwintesencja.art\/en\/wp-json\/wp\/v2\/types\/product"}],"wp:featuredmedia":[{"embeddable":true,"href":"https:\/\/kwintesencja.art\/en\/wp-json\/wp\/v2\/media\/4960"}],"wp:attachment":[{"href":"https:\/\/kwintesencja.art\/en\/wp-json\/wp\/v2\/media?parent=4959"}],"wp:term":[{"taxonomy":"product_cat","embeddable":true,"href":"https:\/\/kwintesencja.art\/en\/wp-json\/wp\/v2\/product_cat?post=4959"},{"taxonomy":"product_tag","embeddable":true,"href":"https:\/\/kwintesencja.art\/en\/wp-json\/wp\/v2\/product_tag?post=4959"}],"curies":[{"name":"wp","href":"https:\/\/api.w.org\/{rel}","templated":true}]}}