{"id":4951,"date":"2023-10-12T14:31:40","date_gmt":"2023-10-12T12:31:40","guid":{"rendered":"https:\/\/kwintesencja.art\/?post_type=product&#038;p=4951"},"modified":"2025-03-04T18:55:45","modified_gmt":"2025-03-04T17:55:45","slug":"alegoria","status":"publish","type":"product","link":"https:\/\/kwintesencja.art\/en\/product\/alegoria\/","title":{"rendered":"Alegoria"},"content":{"rendered":"<p>Boles\u0142aw Jan Czedekowski (1885-1969). Malarz stosunkowo ma\u0142o znany w Polsce, poniewa\u017c wi\u0119kszo\u015b\u0107 \u017cycia sp\u0119dzi\u0142 za granic\u0105: w Austrii, Francji i Stanach Zjednoczonych. Najd\u0142u\u017cej przebywa\u0142 w Polsce w okresie dwudziestolecia mi\u0119dzywojennego. Studia artystyczne odby\u0142 w Akademii Sztuk Pi\u0119knych w Wiedniu. Po uko\u0144czeniu uczelni nadal pobiera\u0142 nauki u znanego polskiego malarza Kazimierza Pochwalskiego. Ju\u017c w\u00f3wczas mi\u0142a opini\u0119 wybitnego portrecisty. Wykonywa\u0142 wizerunki elity spo\u0142ecznej &#8211; arystokracji oraz znanych osobisto\u015bci z kr\u0119g\u00f3w polityki i Ko\u015bcio\u0142a, np. prezydenta Ignacego Mo\u015bcickiego, kardyna\u0142a Adama Sapiehy, Sergiusza Prokofiewa, Ralfa Modjewskiego, utalentowanego architekta, syna Heleny Modrzejewskiej. Da\u0142 si\u0119 te\u017c pozna\u0107 jako niezr\u00f3wnany malarz kobiecych akt\u00f3w. M\u00f3wi si\u0119, \u017ce \u0142\u0105cznie Czedekowski namalowa\u0142 blisko tysi\u0105c dwie\u015bcie portret\u00f3w. Wi\u0119kszo\u015b\u0107 tych Obraz\u00f3w znajduje si\u0119 w Pary\u017cu, Wiedniu, Ameryce w posiadaniu os\u00f3b prywatnych i trudno do nich dotrze\u0107, tym bardziej \u017ce Czedekowski nie prowadzi\u0142 ewidencji swych dzie\u0142.<br \/>\nNiew\u0105tpliwie na dojrza\u0142y styl artystyczny Boles\u0142awa Jana Czedekowskiego mia\u0142y inspiracje sztuk\u0105 w\u0142oskiego renesansu, XVII-wieczne malarstwo holenderskie oraz XVIII-wieczna tw\u00f3rczo\u015b\u0107 francuska.<br \/>\nZa swoje prace otrzymywa\u0142 liczne nagrody na wystawach konkursowych, uhonorowany zosta\u0142 ronie\u017c odznaczeniem francuskiej Legii Honorowej (1934), medalem Cracovia totius Poloniae urbs celeberrima (1964) oraz orderem Odrodzenia Polski (1965).<br \/>\nNajwi\u0119ksza kolekcja dzie\u0142 artysty znajduje si\u0119 obecnie w kolekcji muzealnej Zamku w \u0141a\u0144cucie. Jego prace s\u0105 r\u00f3wnie\u017c cz\u0119\u015bci\u0105 kolekcji m.in. Muzeum Narodowego w Warszawie.<\/p>\n<p>Analizuj\u0105c dzie\u0142o Jana Boles\u0142awa Czedekowskiego zatytu\u0142owane &#8220;Alegoria&#8221; z 1953 roku, warto zwr\u00f3ci\u0107 uwag\u0119 na kilka istotnych aspekt\u00f3w.<\/p>\n<div class=\"flex flex-grow flex-col max-w-full\">\n<div class=\"min-h-[20px] text-message flex flex-col items-start gap-3 whitespace-pre-wrap break-words [.text-message+&amp;]:mt-5 overflow-x-auto\" data-message-author-role=\"assistant\" data-message-id=\"fe38283c-1c17-4c17-ae5e-67e1aa62a817\">\n<div class=\"markdown prose w-full break-words dark:prose-invert dark\">\n<p>Kompozycja obrazu jest podzielona na dwie zasadnicze cz\u0119\u015bci, co mo\u017ce symbolizowa\u0107 kontrast mi\u0119dzy \u015bwiat\u0142em i ciemno\u015bci\u0105, rzeczywisto\u015bci\u0105 a \u015bwiatem idei lub marze\u0144. Postaci kobiecej i m\u0119skiej umieszczone w jasnej cz\u0119\u015bci dzie\u0142a, mog\u0105 reprezentowa\u0107 ludzkie emocje lub cnoty, takie jak pi\u0119kno, m\u0142odo\u015b\u0107 czy si\u0142a. Ich nagi lub cz\u0119\u015bciowo przykryty stan odnosi si\u0119 do klasycznych przedstawie\u0144 w sztuce, nawi\u0105zuj\u0105c do antyku i akcentuj\u0105c uniwersalno\u015b\u0107 przedstawionych idei.<\/p>\n<p>Kolorystyka obrazu jest stonowana z dominacj\u0105 ciep\u0142ych odcieni br\u0105zu i z\u0142ota, kt\u00f3re nadaj\u0105 dzie\u0142u g\u0142\u0119bi i tajemniczo\u015bci. Elementy ro\u015blinne w tle mog\u0105 symbolizowa\u0107 natur\u0119 i jej nieko\u0144cz\u0105ce si\u0119 cykle \u017cycia.<\/p>\n<p>Posta\u0107 z prawej strony obrazu, b\u0119d\u0105ca w cieniu, mo\u017ce reprezentowa\u0107 obserwatora, by\u0107 mo\u017ce nawet artyst\u0119, kt\u00f3ry jest \u015bwiadkiem przedstawionej sceny lub alegorii. Jej obecno\u015b\u0107 wprowadza element introspekcji i refleksji nad znaczeniem dzie\u0142a.<\/p>\n<p>Jako\u015b\u0107 malarska obrazu wskazuje na du\u017ce umiej\u0119tno\u015bci techniczne Czedekowskiego, gdzie wida\u0107 p\u0142ynne przej\u015bcia tonalne, finezyjne modelowanie postaci i umiej\u0119tne wykorzystanie \u015bwiat\u0142ocienia. To wszystko przyczynia si\u0119 do wra\u017cenia tr\u00f3jwymiarowo\u015bci i dynamiki kompozycji.<\/p>\n<p>&#8220;Alegoria&#8221; Czedekowskiego mog\u0142aby wnie\u015b\u0107 g\u0142\u0119boki, kulturowy kontekst, dodaj\u0105c pomieszczeniu wyrafinowany i intelektualny wymiar. Obraz ten, umieszczony w odpowiednio dobranej ramie, z pewno\u015bci\u0105 sta\u0142by si\u0119 centralnym punktem przestrzeni, inspiruj\u0105c do refleksji i dyskusji na temat sztuki i filozofii. Dzie\u0142o z 1953 roku, b\u0119d\u0105ce ju\u017c dzie\u0142em historycznym, mo\u017ce r\u00f3wnie\u017c stanowi\u0107 warto\u015bciow\u0105 inwestycj\u0119, zw\u0142aszcza je\u015bli jest sygnowane przez uznawanego artyst\u0119, jakim bez w\u0105tpienia jest Czedekowski.<\/p>\n<\/div>\n<\/div>\n<\/div>","protected":false},"excerpt":{"rendered":"<p>Jan Boles\u0142aw Czedekowski (1885-1969),<br \/>\nOlej na p\u0142ycie przedstawiaj\u0105cy alegori\u0119 m\u0142odo\u015bci i wieku, sygnowany u do\u0142u po prawej, Czedekowski B. 1953, wymiary: 95 x 69,5 cm, ca\u0142o\u015b\u0107 w ramie 117,5 x 91 cm<br \/>\nProweniencja: Kolekcja prywatna USA<br \/>\nWi\u0119cej o arty\u015bcie i obrazie <a href=\"https:\/\/kwintesencja.art\/en\/2023\/12\/17\/alegoria-historia-pewnego-obrazu\/\">TUTAJ<\/a><\/p>","protected":false},"featured_media":4952,"template":"","meta":{"_monsterinsights_skip_tracking":false,"_monsterinsights_sitenote_active":false,"_monsterinsights_sitenote_note":"","_monsterinsights_sitenote_category":0,"_themeisle_gutenberg_block_has_review":false},"product_cat":[39],"product_tag":[249],"class_list":["post-4951","product","type-product","status-publish","has-post-thumbnail","hentry","product_cat-obrazy","product_tag-czedekowski-boleslaw-jan","product_shipping_class-rodzaj-wysylki-3"],"aioseo_notices":[],"_links":{"self":[{"href":"https:\/\/kwintesencja.art\/en\/wp-json\/wp\/v2\/product\/4951","targetHints":{"allow":["GET"]}}],"collection":[{"href":"https:\/\/kwintesencja.art\/en\/wp-json\/wp\/v2\/product"}],"about":[{"href":"https:\/\/kwintesencja.art\/en\/wp-json\/wp\/v2\/types\/product"}],"wp:featuredmedia":[{"embeddable":true,"href":"https:\/\/kwintesencja.art\/en\/wp-json\/wp\/v2\/media\/4952"}],"wp:attachment":[{"href":"https:\/\/kwintesencja.art\/en\/wp-json\/wp\/v2\/media?parent=4951"}],"wp:term":[{"taxonomy":"product_cat","embeddable":true,"href":"https:\/\/kwintesencja.art\/en\/wp-json\/wp\/v2\/product_cat?post=4951"},{"taxonomy":"product_tag","embeddable":true,"href":"https:\/\/kwintesencja.art\/en\/wp-json\/wp\/v2\/product_tag?post=4951"}],"curies":[{"name":"wp","href":"https:\/\/api.w.org\/{rel}","templated":true}]}}