{"id":4921,"date":"2023-10-07T12:51:05","date_gmt":"2023-10-07T10:51:05","guid":{"rendered":"https:\/\/kwintesencja.art\/?post_type=product&#038;p=4921"},"modified":"2024-10-29T14:10:57","modified_gmt":"2024-10-29T13:10:57","slug":"akt-plecy-2","status":"publish","type":"product","link":"https:\/\/kwintesencja.art\/en\/product\/akt-plecy-2\/","title":{"rendered":"Akt, plecy"},"content":{"rendered":"<p>Michel Adlen (1898-1980) \u2013 ukrai\u0144ski malarz tworz\u0105cy we Francji, nale\u017c\u0105cy do \u00c9cole de Paris. Studiowa\u0142 w Wiedniu, nast\u0119pnie przebywa\u0142 w Berlinie. W 1923 roku osiad\u0142 w Pary\u017cu na sta\u0142e. Tworzy\u0142 sztalugowe malarstwo olejne, grafik\u0119 artystyczn\u0105 i ilustracj\u0105 ksi\u0105\u017ckow\u0105.<\/p>","protected":false},"excerpt":{"rendered":"<p>Tytu\u0142: Akt, plecy<br \/>\nAutor: Michel Adlen<br \/>\nYear: unknown<br \/>\nTechnika: w\u0119giel na papierze<br \/>\nWymiary: w \u015bw p.p.: 29,5 x 46 cm, 43 x 61 cm (z passe-partout)<br \/>\nSygnatura: odr\u0119czna l.d.: Adlen<br \/>\nStan zachowania: Bardzo dobry<\/p>","protected":false},"featured_media":4922,"template":"","meta":{"_monsterinsights_skip_tracking":false,"_monsterinsights_sitenote_active":false,"_monsterinsights_sitenote_note":"","_monsterinsights_sitenote_category":0,"_themeisle_gutenberg_block_has_review":false},"product_cat":[39],"product_tag":[243],"class_list":["post-4921","product","type-product","status-publish","has-post-thumbnail","hentry","product_cat-obrazy","product_tag-adlen-michel","product_shipping_class-rodzaj-wysylki-2"],"aioseo_notices":[],"_links":{"self":[{"href":"https:\/\/kwintesencja.art\/en\/wp-json\/wp\/v2\/product\/4921","targetHints":{"allow":["GET"]}}],"collection":[{"href":"https:\/\/kwintesencja.art\/en\/wp-json\/wp\/v2\/product"}],"about":[{"href":"https:\/\/kwintesencja.art\/en\/wp-json\/wp\/v2\/types\/product"}],"wp:featuredmedia":[{"embeddable":true,"href":"https:\/\/kwintesencja.art\/en\/wp-json\/wp\/v2\/media\/4922"}],"wp:attachment":[{"href":"https:\/\/kwintesencja.art\/en\/wp-json\/wp\/v2\/media?parent=4921"}],"wp:term":[{"taxonomy":"product_cat","embeddable":true,"href":"https:\/\/kwintesencja.art\/en\/wp-json\/wp\/v2\/product_cat?post=4921"},{"taxonomy":"product_tag","embeddable":true,"href":"https:\/\/kwintesencja.art\/en\/wp-json\/wp\/v2\/product_tag?post=4921"}],"curies":[{"name":"wp","href":"https:\/\/api.w.org\/{rel}","templated":true}]}}