{"id":4910,"date":"2023-10-07T12:37:42","date_gmt":"2023-10-07T10:37:42","guid":{"rendered":"https:\/\/kwintesencja.art\/?post_type=product&#038;p=4910"},"modified":"2025-06-02T21:40:24","modified_gmt":"2025-06-02T19:40:24","slug":"akt-szkic","status":"publish","type":"product","link":"https:\/\/kwintesencja.art\/en\/product\/akt-szkic\/","title":{"rendered":"Akt &#8211; szkic"},"content":{"rendered":"<p>Michel Adlen (1898-1980) \u2013 ukrai\u0144ski malarz tworz\u0105cy we Francji, nale\u017c\u0105cy do \u00c9cole de Paris. Studiowa\u0142 w Wiedniu, nast\u0119pnie przebywa\u0142 w Berlinie. W 1923 roku osiad\u0142 w Pary\u017cu na sta\u0142e. Tworzy\u0142 sztalugowe malarstwo olejne, grafik\u0119 artystyczn\u0105 i ilustracj\u0105 ksi\u0105\u017ckow\u0105.<\/p>","protected":false},"excerpt":{"rendered":"<p>Tytu\u0142: Akt szkic<br \/>\nAutor: Michel Adlen<br \/>\nYear: unknown<br \/>\nTechnika: W\u0119giel, pastel, akwarela, pisak na papierze<br \/>\nWymiary: 48 x 32,5 cm<br \/>\nSygnatura: odr\u0119czna l.d.: Adlen<br \/>\nStan zachowania: Bardzo dobry<\/p>","protected":false},"featured_media":4911,"template":"","meta":{"_monsterinsights_skip_tracking":false,"_monsterinsights_sitenote_active":false,"_monsterinsights_sitenote_note":"","_monsterinsights_sitenote_category":0,"_themeisle_gutenberg_block_has_review":false},"product_cat":[39],"product_tag":[243],"class_list":["post-4910","product","type-product","status-publish","has-post-thumbnail","hentry","product_cat-obrazy","product_tag-adlen-michel","product_shipping_class-rodzaj-wysylki-1"],"aioseo_notices":[],"_links":{"self":[{"href":"https:\/\/kwintesencja.art\/en\/wp-json\/wp\/v2\/product\/4910","targetHints":{"allow":["GET"]}}],"collection":[{"href":"https:\/\/kwintesencja.art\/en\/wp-json\/wp\/v2\/product"}],"about":[{"href":"https:\/\/kwintesencja.art\/en\/wp-json\/wp\/v2\/types\/product"}],"wp:featuredmedia":[{"embeddable":true,"href":"https:\/\/kwintesencja.art\/en\/wp-json\/wp\/v2\/media\/4911"}],"wp:attachment":[{"href":"https:\/\/kwintesencja.art\/en\/wp-json\/wp\/v2\/media?parent=4910"}],"wp:term":[{"taxonomy":"product_cat","embeddable":true,"href":"https:\/\/kwintesencja.art\/en\/wp-json\/wp\/v2\/product_cat?post=4910"},{"taxonomy":"product_tag","embeddable":true,"href":"https:\/\/kwintesencja.art\/en\/wp-json\/wp\/v2\/product_tag?post=4910"}],"curies":[{"name":"wp","href":"https:\/\/api.w.org\/{rel}","templated":true}]}}