{"id":4897,"date":"2023-10-04T22:45:08","date_gmt":"2023-10-04T20:45:08","guid":{"rendered":"https:\/\/kwintesencja.art\/?post_type=product&#038;p=4897"},"modified":"2024-07-28T21:56:19","modified_gmt":"2024-07-28T19:56:19","slug":"free-spirited-costume-party","status":"publish","type":"product","link":"https:\/\/kwintesencja.art\/en\/product\/free-spirited-costume-party\/","title":{"rendered":"Free spirited costume party"},"content":{"rendered":"<p>Adam Marczukiewicz &#8211; artysta malarz, grafik. Ur. 04.12.1958 r. w Olkuszu.<br \/>\nStudiowa\u0142 na Wydziale Grafiki Akademii Sztuk Pi\u0119knych w Krakowie pod kierunkiem Jana \u015awiderskiego i Zbys\u0142awa Marka Maciejewskiego. W 1986 roku obroni\u0142 dyplom w pracowni W\u0142odzimierza Kunza. W latach 1988-90 by\u0142 asystentem na Wydziale Grafiki w pracowni litografii. Od 1987 roku nale\u017cy do Zwi\u0105zku Polskich Artyst\u00f3w Plastyk\u00f3w w Krakowie. Autor licznych wystaw indywidualnych i uczestnik wystaw zbiorowych w kraju i za granic\u0105. Mieszka i tworzy w Krakowie.<\/p>","protected":false},"excerpt":{"rendered":"<p>Gwasz na papierze. Podpisano i datowano 1987.<br \/>\nWymiary: 21 cm x 30 cm.\u00a0 Praca oprawiona<\/p>","protected":false},"featured_media":4898,"template":"","meta":{"_monsterinsights_skip_tracking":false,"_monsterinsights_sitenote_active":false,"_monsterinsights_sitenote_note":"","_monsterinsights_sitenote_category":0,"_themeisle_gutenberg_block_has_review":false},"product_cat":[39],"product_tag":[248],"class_list":["post-4897","product","type-product","status-publish","has-post-thumbnail","hentry","product_cat-obrazy","product_tag-marczukiewicz-adam","product_shipping_class-rodzaj-wysylki-2"],"aioseo_notices":[],"_links":{"self":[{"href":"https:\/\/kwintesencja.art\/en\/wp-json\/wp\/v2\/product\/4897","targetHints":{"allow":["GET"]}}],"collection":[{"href":"https:\/\/kwintesencja.art\/en\/wp-json\/wp\/v2\/product"}],"about":[{"href":"https:\/\/kwintesencja.art\/en\/wp-json\/wp\/v2\/types\/product"}],"wp:featuredmedia":[{"embeddable":true,"href":"https:\/\/kwintesencja.art\/en\/wp-json\/wp\/v2\/media\/4898"}],"wp:attachment":[{"href":"https:\/\/kwintesencja.art\/en\/wp-json\/wp\/v2\/media?parent=4897"}],"wp:term":[{"taxonomy":"product_cat","embeddable":true,"href":"https:\/\/kwintesencja.art\/en\/wp-json\/wp\/v2\/product_cat?post=4897"},{"taxonomy":"product_tag","embeddable":true,"href":"https:\/\/kwintesencja.art\/en\/wp-json\/wp\/v2\/product_tag?post=4897"}],"curies":[{"name":"wp","href":"https:\/\/api.w.org\/{rel}","templated":true}]}}