{"id":4756,"date":"2023-10-04T20:28:42","date_gmt":"2023-10-04T18:28:42","guid":{"rendered":"https:\/\/kwintesencja.art\/?post_type=product&#038;p=4756"},"modified":"2023-11-28T00:11:28","modified_gmt":"2023-11-27T23:11:28","slug":"polakt","status":"publish","type":"product","link":"https:\/\/kwintesencja.art\/en\/product\/polakt\/","title":{"rendered":"P\u00f3\u0142akt"},"content":{"rendered":"","protected":false},"excerpt":{"rendered":"<p>olej, p\u0142\u00f3tno naklejone na tektur\u0119,<br \/>\n48 x 38 cm w \u015bwietle oprawy,<br \/>\nsygn. p.g.: St.\u017burawski<\/p>","protected":false},"featured_media":4759,"template":"","meta":{"_monsterinsights_skip_tracking":false,"_monsterinsights_sitenote_active":false,"_monsterinsights_sitenote_note":"","_monsterinsights_sitenote_category":0,"_themeisle_gutenberg_block_has_review":false},"product_cat":[39],"product_tag":[241],"class_list":["post-4756","product","type-product","status-publish","has-post-thumbnail","hentry","product_cat-obrazy","product_tag-zurawski-stanislaw","product_shipping_class-rodzaj-wysylki-3"],"aioseo_notices":[],"_links":{"self":[{"href":"https:\/\/kwintesencja.art\/en\/wp-json\/wp\/v2\/product\/4756","targetHints":{"allow":["GET"]}}],"collection":[{"href":"https:\/\/kwintesencja.art\/en\/wp-json\/wp\/v2\/product"}],"about":[{"href":"https:\/\/kwintesencja.art\/en\/wp-json\/wp\/v2\/types\/product"}],"wp:featuredmedia":[{"embeddable":true,"href":"https:\/\/kwintesencja.art\/en\/wp-json\/wp\/v2\/media\/4759"}],"wp:attachment":[{"href":"https:\/\/kwintesencja.art\/en\/wp-json\/wp\/v2\/media?parent=4756"}],"wp:term":[{"taxonomy":"product_cat","embeddable":true,"href":"https:\/\/kwintesencja.art\/en\/wp-json\/wp\/v2\/product_cat?post=4756"},{"taxonomy":"product_tag","embeddable":true,"href":"https:\/\/kwintesencja.art\/en\/wp-json\/wp\/v2\/product_tag?post=4756"}],"curies":[{"name":"wp","href":"https:\/\/api.w.org\/{rel}","templated":true}]}}